{"id":23028,"date":"2024-11-06T17:04:51","date_gmt":"2024-11-06T16:04:51","guid":{"rendered":"https:\/\/riding.zandona.net\/shop\/sin%20categor\u00eda\/royal-girth-techno-fur\/"},"modified":"2026-04-10T16:33:15","modified_gmt":"2026-04-10T14:33:15","slug":"royal-girth-techno-fur","status":"publish","type":"product","link":"https:\/\/riding.zandona.net\/es\/shop\/caballo\/cincha-barriguera\/doma-es\/royal-girth-techno-fur\/","title":{"rendered":"ROYAL Girth TECHNO-FUR"},"content":{"rendered":"<p>ROYAL GIRTH TECHNO-FUR es una elegante cincha de doma que combina un rendimiento superior con la m\u00e1xima atenci\u00f3n al bienestar del animal.<\/p>\n<p>Fabricada en cuero vegano y libre de crueldad animal con un forro interior de Lana Artificial de alta calidad, solo para la versi\u00f3n Techno-Fur, ROYAL Girth TECHNO-FUR garantiza un confort absoluto para tu caballo gracias a su forma ergon\u00f3mica y al uso de materiales innovadores, duraderos y f\u00e1ciles de limpiar.<\/p>\n<p>La forma de ROYAL Girth TECHNO-FUR asegura una distribuci\u00f3n \u00f3ptima de la presi\u00f3n y el equilibrio en la zona del pecho y su robustez la hace adecuada tanto para el entrenamiento diario como para las competiciones.<\/p>\n<p>El caballo puede moverse con mayor libertad y sin molestias, facilitando una ejecuci\u00f3n m\u00e1s \u00e1gil de los movimientos, incluso los m\u00e1s complejos.<\/p>\n<p>Las hebillas de acero inoxidable, con Cierre Autom\u00e1tico en el lado izquierdo, permiten un Ajuste R\u00e1pido y C\u00f3modo con una sola mano.<\/p>\n<p>100% Made in Italy.<\/p>\n<p>Tallas de 50 a 85cm.<\/p>\n<p>CLAVE CARACTER\u00cdSTICAS:<\/p>\n<p>&#8211; M\u00c1XIMO AJUSTE &#8211; m\u00e1xima libertad de movimiento para el codo del caballo;<br \/>\n&#8211; FORMA ANAT\u00d3MICA &#8211; la presi\u00f3n se distribuye en una amplia zona del estern\u00f3n, asegurando el bienestar y la comodidad del caballo;<br \/>\n&#8211; FLEXIBILIDAD Y AGARRE &#8211; sigue los movimientos de torsi\u00f3n del caballo sin perder el agarre y sin causar molestias;<br \/>\n&#8211; HEBILLAS AUTOM\u00c1TICAS &#8211; permiten el ajuste con una sola mano;<br \/>\n&#8211; FACILIDAD DE LIMPIEZA\/MANTENIMIENTO &#8211; repelente al agua, f\u00e1cil de limpiar y no requiere tratamientos;<br \/>\n&#8211; M\u00c1XIMA DURABILIDAD &#8211; alta resistencia, longevidad y rentabilidad;<br \/>\n&#8211; M\u00c1XIMA LIGEREZA &#8211; para un rendimiento excelente y constante;<br \/>\n&#8211; FORRO DE LANA ARTIFICIAL &#8211; para pieles sensibles;<br \/>\n&#8211; CUERO VEGANO &#8211; ecol\u00f3gico y sostenible;<br \/>\n&#8211; 100% FABRICADO EN ITALIA.<\/p>\n","protected":false},"excerpt":{"rendered":"<p>Cincha-Barriguera Doma<\/p>\n","protected":false},"featured_media":13511,"comment_status":"open","ping_status":"closed","template":"","meta":[],"product_brand":[],"product_cat":[3644,3656,3668],"product_tag":[],"class_list":{"0":"post-23028","1":"product","2":"type-product","3":"status-publish","4":"has-post-thumbnail","6":"product_cat-caballo","7":"product_cat-cincha-barriguera","8":"product_cat-doma-es","9":"pa_codice-intrastat-42010000-es","10":"pa_disciplina-utilizzo-doma","12":"first","13":"instock","14":"taxable","15":"shipping-taxable","16":"purchasable","17":"product-type-variable"},"_links":{"self":[{"href":"https:\/\/riding.zandona.net\/es\/wp-json\/wp\/v2\/product\/23028","targetHints":{"allow":["GET"]}}],"collection":[{"href":"https:\/\/riding.zandona.net\/es\/wp-json\/wp\/v2\/product"}],"about":[{"href":"https:\/\/riding.zandona.net\/es\/wp-json\/wp\/v2\/types\/product"}],"replies":[{"embeddable":true,"href":"https:\/\/riding.zandona.net\/es\/wp-json\/wp\/v2\/comments?post=23028"}],"wp:featuredmedia":[{"embeddable":true,"href":"https:\/\/riding.zandona.net\/es\/wp-json\/wp\/v2\/media\/13511"}],"wp:attachment":[{"href":"https:\/\/riding.zandona.net\/es\/wp-json\/wp\/v2\/media?parent=23028"}],"wp:term":[{"taxonomy":"product_brand","embeddable":true,"href":"https:\/\/riding.zandona.net\/es\/wp-json\/wp\/v2\/product_brand?post=23028"},{"taxonomy":"product_cat","embeddable":true,"href":"https:\/\/riding.zandona.net\/es\/wp-json\/wp\/v2\/product_cat?post=23028"},{"taxonomy":"product_tag","embeddable":true,"href":"https:\/\/riding.zandona.net\/es\/wp-json\/wp\/v2\/product_tag?post=23028"}],"curies":[{"name":"wp","href":"https:\/\/api.w.org\/{rel}","templated":true}]}}