{"id":23067,"date":"2024-11-06T17:05:45","date_gmt":"2024-11-06T16:05:45","guid":{"rendered":"https:\/\/riding.zandona.net\/shop\/sin categor\u00eda\/carbon-air-sensitive-stud-girth\/"},"modified":"2024-11-07T14:15:48","modified_gmt":"2024-11-07T13:15:48","slug":"carbon-air-sensitive-stud-girth","status":"publish","type":"product","link":"https:\/\/riding.zandona.net\/es\/shop\/salida\/cincha-barriguera-protezioni-cavallo-in-promozione\/carbon-air-sensitive-stud-girth\/","title":{"rendered":"CARBON AIR SENSITIVE+ Stud Girth"},"content":{"rendered":"<p>\u00abCARBON AIR SENSITIVE+ STUD GIRTH\u00bb es la innovadora cincha barriguera dise\u00f1ada para proteger al caballo de posibles golpes con las patas delanteras en la disciplina de salto. Su forro interior de aut\u00e9ntica lana merino proporciona el m\u00e1ximo confort. Gracias a sus propiedades antial\u00e9rgicas y termorreguladoras, tambi\u00e9n es ideal para los cueros cabelludos sensibles.<br \/>\nDisponible en tres variantes de color y nueve tallas diferentes (110-115-120-125-130-135-140-145-150 cm), garantiza un ajuste perfecto y evita todo tipo de estr\u00e9s.<\/p>\n<p>CARACTER\u00cdSTICAS PRINCIPALES:<br \/>\n&#8211; Hebillas autoblocantes para un ajuste r\u00e1pido;<br \/>\n&#8211; Tomas de aire para una mayor ventilaci\u00f3n;<br \/>\n&#8211; Inserciones de fibra de carbono para una mayor protecci\u00f3n;<br \/>\n&#8211; Estructura anat\u00f3mica de TPU para un m\u00e1ximo confort;<br \/>\n&#8211; Mosquet\u00f3n de aluminio aeron\u00e1utico con carcasa protectora;<br \/>\n&#8211; Producto 100% italiano.<\/p>\n<p>INSTRUCCIONES DE LAVADO DE LA LANA DE CORDERO<br \/>\nLos productos de la l\u00ednea CARBON AIR SENSITIVE+ est\u00e1n hechos con forro de VERDADERO CORDERO, pero SIN PIEL.<br \/>\nAs\u00ed se evitan los t\u00edpicos problemas de mantenimiento y cuidado del cuero. Sin embargo, se recomienda un cuidado regular del producto para mantener inalterados su calidad, aspecto y rendimiento, con el fin de proteger a su caballo de forma \u00f3ptima en todo momento.<br \/>\nA continuaci\u00f3n encontrar\u00e1 consejos para el cuidado y mantenimiento de la l\u00ednea Carbon Air Sensitive+:<br \/>\n&#8211; Limpie el producto con cuidado utilizando un cepillo no agresivo, un pa\u00f1o suave o pasando una esponja suave.<br \/>\n&#8211; Lave el producto a mano en agua fr\u00eda o a un m\u00e1ximo de 30\u00b0C.<br \/>\n&#8211; Utilice detergentes espec\u00edficos para la lana.<br \/>\n&#8211; Deje que el producto se seque en un lugar seco y bien ventilado, preferentemente no expuesto a la luz solar directa y alejado de fuentes de calor artificiales.<\/p>\n<p>ATENCI\u00d3N:<br \/>\n&#8211; No lave el producto con un detergente convencional.<br \/>\n&#8211; No lave el producto en lavadora.<br \/>\n&#8211; No ponga el producto en la secadora.<\/p>\n<p>Zandon\u00e0 se reserva el derecho a no considerarse responsable de los da\u00f1os que puedan sufrir los productos por el incumplimiento de las instrucciones anteriores.<br \/>\nPara obtener mayor asistencia, p\u00f3ngase en contacto con el servicio de atenci\u00f3n al cliente (customercare@zandona.net) o llame al +39 0423 569135.<\/p>\n","protected":false},"excerpt":{"rendered":"<p>Cincha-Barriguera Salto de Obst\u00e1culos<\/p>\n","protected":false},"featured_media":28534,"comment_status":"open","ping_status":"closed","template":"","meta":[],"product_brand":[],"product_cat":[3644,3985,3556],"product_tag":[],"class_list":{"0":"post-23067","1":"product","2":"type-product","3":"status-publish","4":"has-post-thumbnail","6":"product_cat-caballo","7":"product_cat-cincha-barriguera-protezioni-cavallo-in-promozione","8":"product_cat-salida","9":"pa_codice-intrastat-42010000-es","10":"pa_disciplina-utilizzo-salto-de-obstaculos","12":"first","13":"instock","14":"taxable","15":"shipping-taxable","16":"purchasable","17":"product-type-variable"},"_links":{"self":[{"href":"https:\/\/riding.zandona.net\/es\/wp-json\/wp\/v2\/product\/23067","targetHints":{"allow":["GET"]}}],"collection":[{"href":"https:\/\/riding.zandona.net\/es\/wp-json\/wp\/v2\/product"}],"about":[{"href":"https:\/\/riding.zandona.net\/es\/wp-json\/wp\/v2\/types\/product"}],"replies":[{"embeddable":true,"href":"https:\/\/riding.zandona.net\/es\/wp-json\/wp\/v2\/comments?post=23067"}],"wp:featuredmedia":[{"embeddable":true,"href":"https:\/\/riding.zandona.net\/es\/wp-json\/wp\/v2\/media\/28534"}],"wp:attachment":[{"href":"https:\/\/riding.zandona.net\/es\/wp-json\/wp\/v2\/media?parent=23067"}],"wp:term":[{"taxonomy":"product_brand","embeddable":true,"href":"https:\/\/riding.zandona.net\/es\/wp-json\/wp\/v2\/product_brand?post=23067"},{"taxonomy":"product_cat","embeddable":true,"href":"https:\/\/riding.zandona.net\/es\/wp-json\/wp\/v2\/product_cat?post=23067"},{"taxonomy":"product_tag","embeddable":true,"href":"https:\/\/riding.zandona.net\/es\/wp-json\/wp\/v2\/product_tag?post=23067"}],"curies":[{"name":"wp","href":"https:\/\/api.w.org\/{rel}","templated":true}]}}