{"id":23105,"date":"2024-11-06T17:06:21","date_gmt":"2024-11-06T16:06:21","guid":{"rendered":"https:\/\/riding.zandona.net\/shop\/sin categor\u00eda\/king-carbon-air-front\/"},"modified":"2024-11-07T15:33:23","modified_gmt":"2024-11-07T14:33:23","slug":"king-carbon-air-front","status":"publish","type":"product","link":"https:\/\/riding.zandona.net\/es\/shop\/caballo\/protectores-de-caballo\/doma-es-2\/king-carbon-air-front\/","title":{"rendered":"KING CARBON AIR Front"},"content":{"rendered":"<p>\u00abKING CARBON AIR\u00bb son protectores dedicados a la Doma. Est\u00e1n dise\u00f1ados para contener y sostener el aparato tendinoso, as\u00ed como para proteger el menudillo y parte de la espinilla del caballo de los golpes. Adem\u00e1s, est\u00e1n equipados con un revolucionario sistema de bloqueo (patentado) que facilita la colocaci\u00f3n en la extremidad, proporciona m\u00e1s apoyo al tend\u00f3n que los protectores convencionales del mercado y garantiza un ajuste y una estabilidad perfectos.<\/p>\n<p>CARACTER\u00cdSTICAS PRINCIPALES:<br \/>\n&#8211; Estructura anat\u00f3mica de TPU con espesor diferenciado;<br \/>\n&#8211; Inserciones de fibra de carbono para una mayor protecci\u00f3n;<br \/>\n&#8211; Acolchado Gel-Tech para la absorci\u00f3n de impactos;<br \/>\n&#8211; Tomas de aire para una mayor ventilaci\u00f3n;<br \/>\n&#8211; Neopreno perforado para la transpiraci\u00f3n;<br \/>\n&#8211; Flex-Zone para una total libertad de movimientos;<br \/>\n&#8211; Producto 100% italiano.<\/p>\n","protected":false},"excerpt":{"rendered":"<p>Protecci\u00f3n de la pierna delantera<\/p>\n","protected":false},"featured_media":28554,"comment_status":"open","ping_status":"open","template":"","meta":[],"product_brand":[],"product_cat":[3644,3744,3548,3648],"product_tag":[],"class_list":{"0":"post-23105","1":"product","2":"type-product","3":"status-publish","4":"has-post-thumbnail","6":"product_cat-caballo","7":"product_cat-doma-es-2","8":"product_cat-mas-vendidos","9":"product_cat-protectores-de-caballo","10":"pa_codice-intrastat-42010000-es","11":"pa_disciplina-utilizzo-doma","12":"pa_giro-nodello-da-26-a-28-cm-es","13":"pa_giro-nodello-da-29-a-30-cm-es","14":"pa_giro-nodello-da-31-a-32-cm-es","15":"pa_giro-nodello-da-33-a-35-cm-es","17":"first","18":"instock","19":"taxable","20":"shipping-taxable","21":"purchasable","22":"product-type-variable"},"_links":{"self":[{"href":"https:\/\/riding.zandona.net\/es\/wp-json\/wp\/v2\/product\/23105","targetHints":{"allow":["GET"]}}],"collection":[{"href":"https:\/\/riding.zandona.net\/es\/wp-json\/wp\/v2\/product"}],"about":[{"href":"https:\/\/riding.zandona.net\/es\/wp-json\/wp\/v2\/types\/product"}],"replies":[{"embeddable":true,"href":"https:\/\/riding.zandona.net\/es\/wp-json\/wp\/v2\/comments?post=23105"}],"wp:featuredmedia":[{"embeddable":true,"href":"https:\/\/riding.zandona.net\/es\/wp-json\/wp\/v2\/media\/28554"}],"wp:attachment":[{"href":"https:\/\/riding.zandona.net\/es\/wp-json\/wp\/v2\/media?parent=23105"}],"wp:term":[{"taxonomy":"product_brand","embeddable":true,"href":"https:\/\/riding.zandona.net\/es\/wp-json\/wp\/v2\/product_brand?post=23105"},{"taxonomy":"product_cat","embeddable":true,"href":"https:\/\/riding.zandona.net\/es\/wp-json\/wp\/v2\/product_cat?post=23105"},{"taxonomy":"product_tag","embeddable":true,"href":"https:\/\/riding.zandona.net\/es\/wp-json\/wp\/v2\/product_tag?post=23105"}],"curies":[{"name":"wp","href":"https:\/\/api.w.org\/{rel}","templated":true}]}}