{"id":23131,"date":"2024-11-06T17:06:57","date_gmt":"2024-11-06T16:06:57","guid":{"rendered":"https:\/\/riding.zandona.net\/shop\/sin categor\u00eda\/prince-sensitive-front\/"},"modified":"2024-11-07T14:17:40","modified_gmt":"2024-11-07T13:17:40","slug":"prince-sensitive-front","status":"publish","type":"product","link":"https:\/\/riding.zandona.net\/es\/shop\/caballo\/protectores-de-caballo\/doma-es-2\/prince-sensitive-front\/","title":{"rendered":"PRINCE SENSITIVE+ Front"},"content":{"rendered":"<p>Protectores delanteros de Doma y trabajo en plano, ligeros y 100% Made in Italy, desarrollados para proteger las extremidades del caballo sujetando los tendones. Equipados con nuestro revestimiento interior \u00abNo Skin, No Problem\u00bb de aut\u00e9ntica lana merino, son s\u00faper transpirables gracias a sus propiedades hipoalerg\u00e9nicas y naturalmente termorreguladoras. El Gel-Tech proporciona absorci\u00f3n de impactos y un c\u00f3modo acolchado, mientras que la fibra de carbono garantiza un alto nivel de protecci\u00f3n. La forma ergon\u00f3mica y el doble cierre de strap garantizan un posicionamiento perfecto, m\u00e1xima estabilidad y amplia libertad de movimiento.<\/p>\n<p>CARACTER\u00cdSTICAS PRINCIPALES:<br \/>\n&#8211; Estructura anat\u00f3mica y ergon\u00f3mica;<br \/>\n&#8211; Revestimiento \u201cNo Skin, No Problem\u201d;<br \/>\n&#8211;  Alta transpirabilidad;<br \/>\n&#8211; Inserciones de fibra de carbono para una mayor protecci\u00f3n;<br \/>\n&#8211; Tecnologia Gel-Tech;<br \/>\n&#8211; Producto 100% italiano.<\/p>\n<p>INSTRUCCIONES DE LAVADO DE LA LANA DE CORDERO<br \/>\nLos productos de la l\u00ednea SENSITIVE+ est\u00e1n hechos con forro de VERDADERO CORDERO, pero SIN PIEL.<br \/>\nAs\u00ed se evitan los t\u00edpicos problemas de mantenimiento y cuidado del cuero. Sin embargo, se recomienda un cuidado regular del producto para mantener inalterados su calidad, aspecto y rendimiento, con el fin de proteger a su caballo de forma \u00f3ptima en todo momento.<br \/>\nA continuaci\u00f3n encontrar\u00e1 consejos para el cuidado y mantenimiento de la l\u00ednea Sensitive+:<br \/>\n&#8211; Limpie el producto con cuidado utilizando un cepillo no agresivo, un pa\u00f1o suave o pasando una esponja suave.<br \/>\n&#8211; Lave el producto a mano en agua fr\u00eda o a un m\u00e1ximo de 30\u00b0C.<br \/>\n&#8211; Utilice detergentes espec\u00edficos para la lana.<br \/>\n&#8211; Deje que el producto se seque en un lugar seco y bien ventilado, preferentemente no expuesto a la luz solar directa y alejado de fuentes de calor artificiales.<\/p>\n<p>ATENCI\u00d3N:<br \/>\n&#8211; No lave el producto con un detergente convencional.<br \/>\n&#8211; No lave el producto en lavadora.<br \/>\n&#8211; No ponga el producto en la secadora.<\/p>\n<p>Zandon\u00e0 se reserva el derecho a no considerarse responsable de los da\u00f1os que puedan sufrir los productos por el incumplimiento de las instrucciones anteriores.<br \/>\nPara obtener mayor asistencia, p\u00f3ngase en contacto con el servicio de atenci\u00f3n al cliente (customercare@zandona.net) o llame al +39 0423 569135.<\/p>\n","protected":false},"excerpt":{"rendered":"<p>Protecci\u00f3n de la pierna delantera<\/p>\n","protected":false},"featured_media":28614,"comment_status":"open","ping_status":"open","template":"","meta":[],"product_brand":[],"product_cat":[3644,3744,3648,3552],"product_tag":[],"class_list":{"0":"post-23131","1":"product","2":"type-product","3":"status-publish","4":"has-post-thumbnail","6":"product_cat-caballo","7":"product_cat-doma-es-2","8":"product_cat-protectores-de-caballo","9":"product_cat-recomendados","10":"pa_codice-intrastat-42010000-es","11":"pa_disciplina-utilizzo-doma","12":"pa_giro-nodello-da-29-a-30-cm-es","13":"pa_giro-nodello-da-31-a-32-cm-es","14":"pa_giro-nodello-da-33-a-35-cm-es","16":"first","17":"instock","18":"taxable","19":"shipping-taxable","20":"purchasable","21":"product-type-variable"},"_links":{"self":[{"href":"https:\/\/riding.zandona.net\/es\/wp-json\/wp\/v2\/product\/23131","targetHints":{"allow":["GET"]}}],"collection":[{"href":"https:\/\/riding.zandona.net\/es\/wp-json\/wp\/v2\/product"}],"about":[{"href":"https:\/\/riding.zandona.net\/es\/wp-json\/wp\/v2\/types\/product"}],"replies":[{"embeddable":true,"href":"https:\/\/riding.zandona.net\/es\/wp-json\/wp\/v2\/comments?post=23131"}],"wp:featuredmedia":[{"embeddable":true,"href":"https:\/\/riding.zandona.net\/es\/wp-json\/wp\/v2\/media\/28614"}],"wp:attachment":[{"href":"https:\/\/riding.zandona.net\/es\/wp-json\/wp\/v2\/media?parent=23131"}],"wp:term":[{"taxonomy":"product_brand","embeddable":true,"href":"https:\/\/riding.zandona.net\/es\/wp-json\/wp\/v2\/product_brand?post=23131"},{"taxonomy":"product_cat","embeddable":true,"href":"https:\/\/riding.zandona.net\/es\/wp-json\/wp\/v2\/product_cat?post=23131"},{"taxonomy":"product_tag","embeddable":true,"href":"https:\/\/riding.zandona.net\/es\/wp-json\/wp\/v2\/product_tag?post=23131"}],"curies":[{"name":"wp","href":"https:\/\/api.w.org\/{rel}","templated":true}]}}