{"id":23164,"date":"2024-11-06T17:07:36","date_gmt":"2024-11-06T16:07:36","guid":{"rendered":"https:\/\/riding.zandona.net\/shop\/sin categor\u00eda\/royal-bell-pony\/"},"modified":"2024-11-07T14:18:28","modified_gmt":"2024-11-07T13:18:28","slug":"royal-bell-pony","status":"publish","type":"product","link":"https:\/\/riding.zandona.net\/es\/shop\/caballo\/poni\/campanas\/royal-bell-pony\/","title":{"rendered":"ROYAL-BELL PONY"},"content":{"rendered":"<p>Campana de doma ligera, 100% Made in Italy, fabricada en neopreno de calidad con un dise\u00f1o exterior de piel sint\u00e9tica y desarrollada para proteger toda la pezu\u00f1a de golpes, ara\u00f1azos y rozaduras.<br \/>\nEl doble strap asegura un cierre \u00f3ptimo y el tirador interno facilita la liberaci\u00f3n.<br \/>\nEl borde superior revestido con aut\u00e9ntica lana merino \u00abNo Skin, No Problem\u00bb optimiza el confort.<\/p>\n","protected":false},"excerpt":{"rendered":"<p>Campanas<\/p>\n","protected":false},"featured_media":13650,"comment_status":"open","ping_status":"open","template":"","meta":[],"product_brand":[],"product_cat":[3644,3711,3728],"product_tag":[],"class_list":{"0":"post-23164","1":"product","2":"type-product","3":"status-publish","4":"has-post-thumbnail","6":"product_cat-caballo","7":"product_cat-campanas","8":"product_cat-poni","9":"pa_codice-intrastat-42010000-es","10":"pa_disciplina-utilizzo-doma","11":"pa_giro-corona-da-30-a-34-cm-es","13":"first","14":"instock","15":"taxable","16":"shipping-taxable","17":"purchasable","18":"product-type-variable"},"_links":{"self":[{"href":"https:\/\/riding.zandona.net\/es\/wp-json\/wp\/v2\/product\/23164","targetHints":{"allow":["GET"]}}],"collection":[{"href":"https:\/\/riding.zandona.net\/es\/wp-json\/wp\/v2\/product"}],"about":[{"href":"https:\/\/riding.zandona.net\/es\/wp-json\/wp\/v2\/types\/product"}],"replies":[{"embeddable":true,"href":"https:\/\/riding.zandona.net\/es\/wp-json\/wp\/v2\/comments?post=23164"}],"wp:featuredmedia":[{"embeddable":true,"href":"https:\/\/riding.zandona.net\/es\/wp-json\/wp\/v2\/media\/13650"}],"wp:attachment":[{"href":"https:\/\/riding.zandona.net\/es\/wp-json\/wp\/v2\/media?parent=23164"}],"wp:term":[{"taxonomy":"product_brand","embeddable":true,"href":"https:\/\/riding.zandona.net\/es\/wp-json\/wp\/v2\/product_brand?post=23164"},{"taxonomy":"product_cat","embeddable":true,"href":"https:\/\/riding.zandona.net\/es\/wp-json\/wp\/v2\/product_cat?post=23164"},{"taxonomy":"product_tag","embeddable":true,"href":"https:\/\/riding.zandona.net\/es\/wp-json\/wp\/v2\/product_tag?post=23164"}],"curies":[{"name":"wp","href":"https:\/\/api.w.org\/{rel}","templated":true}]}}