{"id":23178,"date":"2024-11-06T17:07:50","date_gmt":"2024-11-06T16:07:50","guid":{"rendered":"https:\/\/riding.zandona.net\/shop\/sin categor\u00eda\/x-bell\/"},"modified":"2024-11-07T14:19:07","modified_gmt":"2024-11-07T13:19:07","slug":"x-bell","status":"publish","type":"product","link":"https:\/\/riding.zandona.net\/es\/shop\/caballo\/protectores-de-caballo\/campanas-es\/completo-es-2\/x-bell\/","title":{"rendered":"X-BELL"},"content":{"rendered":"<p>Campana para Completo ligera, 100% Made in Italy, hecha de neopreno de calidad con dise\u00f1o exterior de efecto carbono y desarrollada para proteger toda la pezu\u00f1a de golpes, ara\u00f1azos y rozaduras.<br \/>\nEl doble strap asegura un cierre \u00f3ptimo y el tirador interno facilita la liberaci\u00f3n.<\/p>\n","protected":false},"excerpt":{"rendered":"<p>Campanas<\/p>\n","protected":false},"featured_media":28719,"comment_status":"open","ping_status":"open","template":"","meta":[],"product_brand":[],"product_cat":[3644,3712,3676,3648],"product_tag":[],"class_list":{"0":"post-23178","1":"product","2":"type-product","3":"status-publish","4":"has-post-thumbnail","6":"product_cat-caballo","7":"product_cat-campanas-es","8":"product_cat-completo-es-2","9":"product_cat-protectores-de-caballo","10":"pa_codice-intrastat-42010000-es","11":"pa_disciplina-utilizzo-cross-country-es-2","12":"pa_giro-corona-da-35-a-38-cm-es","13":"pa_giro-corona-da-39-a-40-cm-es","14":"pa_giro-corona-da-41-a-42-cm-es","15":"pa_giro-corona-da-43-a-46-cm-es","17":"first","18":"instock","19":"taxable","20":"shipping-taxable","21":"purchasable","22":"product-type-variable"},"_links":{"self":[{"href":"https:\/\/riding.zandona.net\/es\/wp-json\/wp\/v2\/product\/23178","targetHints":{"allow":["GET"]}}],"collection":[{"href":"https:\/\/riding.zandona.net\/es\/wp-json\/wp\/v2\/product"}],"about":[{"href":"https:\/\/riding.zandona.net\/es\/wp-json\/wp\/v2\/types\/product"}],"replies":[{"embeddable":true,"href":"https:\/\/riding.zandona.net\/es\/wp-json\/wp\/v2\/comments?post=23178"}],"wp:featuredmedia":[{"embeddable":true,"href":"https:\/\/riding.zandona.net\/es\/wp-json\/wp\/v2\/media\/28719"}],"wp:attachment":[{"href":"https:\/\/riding.zandona.net\/es\/wp-json\/wp\/v2\/media?parent=23178"}],"wp:term":[{"taxonomy":"product_brand","embeddable":true,"href":"https:\/\/riding.zandona.net\/es\/wp-json\/wp\/v2\/product_brand?post=23178"},{"taxonomy":"product_cat","embeddable":true,"href":"https:\/\/riding.zandona.net\/es\/wp-json\/wp\/v2\/product_cat?post=23178"},{"taxonomy":"product_tag","embeddable":true,"href":"https:\/\/riding.zandona.net\/es\/wp-json\/wp\/v2\/product_tag?post=23178"}],"curies":[{"name":"wp","href":"https:\/\/api.w.org\/{rel}","templated":true}]}}