{"id":23212,"date":"2024-11-06T17:08:30","date_gmt":"2024-11-06T16:08:30","guid":{"rendered":"https:\/\/riding.zandona.net\/shop\/sin categor\u00eda\/carbon-air-x-country-ep-rear\/"},"modified":"2024-11-07T14:20:07","modified_gmt":"2024-11-07T13:20:07","slug":"carbon-air-x-country-ep-rear","status":"publish","type":"product","link":"https:\/\/riding.zandona.net\/es\/shop\/caballo\/protectores-de-caballo\/completo-es-3\/carbon-air-x-country-ep-rear\/","title":{"rendered":"CARBON AIR X-COUNTRY EP Rear"},"content":{"rendered":"<p>Carbon Air \u00abX-Country EP Rear\u00bb es la versi\u00f3n de Carbon Air X-Country rear y est\u00e1n equipados con Extra Protecci\u00f3n.  Mantiene las mismas caracter\u00edsticas y, adem\u00e1s,una extensi\u00f3n ergon\u00f3mica del acolchado de neopreno con un forro resistente al desgaste con aspecto de carbono, ideal para caballos que necesitan protecci\u00f3n adicional del interior del corvej\u00f3n y la parte superior de la espinilla en la disciplina de Concurso Completo. <\/p>\n<p>Los elementos de fibra de carbono situados bajo la carcasa a\u00edslan t\u00e9rmicamente las articulaciones del calor generado por el roce y aumentan la resistencia a los impactos.Ofrecen una gran protecci\u00f3n y son s\u00faper transpirables gracias al respaldo de neopreno perforado. El dise\u00f1o es moderno y el producto tiene unas caracter\u00edsticas \u00fanicas y completas.<\/p>\n<p>CARACTER\u00cdSTICAS PRINCIPALES:<br \/>\n&#8211; Inserciones de fibra de carbono delanteras y traseras para una mayor protecci\u00f3n;<br \/>\n&#8211; Estructura anat\u00f3mica con sistema de construcci\u00f3n patentado;<br \/>\n&#8211; NO ABSORBE el agua;<br \/>\n&#8211; Forro contra golpes;<br \/>\n&#8211; Tomas de aire para una mayor ventilaci\u00f3n;<br \/>\n&#8211; Protecci\u00f3n de 360\u00b0 para la extremidad;<br \/>\n&#8211; Protecci\u00f3n total de la extremidad.<br \/>\n&#8211; Interior sin costuras para evitar las rozaduras.<br \/>\n&#8211; Estabilidad perfecta, probada en condiciones extremas.<br \/>\n&#8211; Doble cierre de strap -> Fuerte, f\u00e1cil y seguro.<\/p>\n","protected":false},"excerpt":{"rendered":"<p>Protecci\u00f3n de la pata trasera<\/p>\n","protected":false},"featured_media":13729,"comment_status":"open","ping_status":"closed","template":"","meta":[],"product_brand":[],"product_cat":[3644,3748,3648],"product_tag":[],"class_list":{"0":"post-23212","1":"product","2":"type-product","3":"status-publish","4":"has-post-thumbnail","6":"product_cat-caballo","7":"product_cat-completo-es-3","8":"product_cat-protectores-de-caballo","9":"pa_codice-intrastat-42010000-es","10":"pa_disciplina-utilizzo-cross-country-es-2","11":"pa_giro-nodello-da-28-a-30-cm-es","12":"pa_giro-nodello-da-31-a-32-cm-es","13":"pa_giro-nodello-da-33-a-34-cm-es","15":"first","16":"instock","17":"taxable","18":"shipping-taxable","19":"purchasable","20":"product-type-variable"},"_links":{"self":[{"href":"https:\/\/riding.zandona.net\/es\/wp-json\/wp\/v2\/product\/23212","targetHints":{"allow":["GET"]}}],"collection":[{"href":"https:\/\/riding.zandona.net\/es\/wp-json\/wp\/v2\/product"}],"about":[{"href":"https:\/\/riding.zandona.net\/es\/wp-json\/wp\/v2\/types\/product"}],"replies":[{"embeddable":true,"href":"https:\/\/riding.zandona.net\/es\/wp-json\/wp\/v2\/comments?post=23212"}],"wp:featuredmedia":[{"embeddable":true,"href":"https:\/\/riding.zandona.net\/es\/wp-json\/wp\/v2\/media\/13729"}],"wp:attachment":[{"href":"https:\/\/riding.zandona.net\/es\/wp-json\/wp\/v2\/media?parent=23212"}],"wp:term":[{"taxonomy":"product_brand","embeddable":true,"href":"https:\/\/riding.zandona.net\/es\/wp-json\/wp\/v2\/product_brand?post=23212"},{"taxonomy":"product_cat","embeddable":true,"href":"https:\/\/riding.zandona.net\/es\/wp-json\/wp\/v2\/product_cat?post=23212"},{"taxonomy":"product_tag","embeddable":true,"href":"https:\/\/riding.zandona.net\/es\/wp-json\/wp\/v2\/product_tag?post=23212"}],"curies":[{"name":"wp","href":"https:\/\/api.w.org\/{rel}","templated":true}]}}