{"id":23222,"date":"2024-11-06T17:08:43","date_gmt":"2024-11-06T16:08:43","guid":{"rendered":"https:\/\/riding.zandona.net\/shop\/sin categor\u00eda\/pro-safe-travel-boot-rear\/"},"modified":"2024-11-07T14:20:17","modified_gmt":"2024-11-07T13:20:17","slug":"pro-safe-travel-boot-rear","status":"publish","type":"product","link":"https:\/\/riding.zandona.net\/es\/shop\/caballo\/protectores-de-caballo\/transporte-viaje\/pro-safe-travel-boot-rear\/","title":{"rendered":"PRO-SAFE TRAVEL BOOT Rear"},"content":{"rendered":"<p>Los PRO-SAFE TRAVEL BOOT son protectores de viaje 100% Made in Italy desarrollados espec\u00edficamente para proteger la rodilla y el corvej\u00f3n del caballo de los impactos y las contusiones durante el transporte.<br \/>\nEst\u00e1n fabricados con un acolchado especial de alta densidad para ofrecer m\u00e1s protecci\u00f3n, estabilidad y comodidad.<br \/>\nGracias al forro interior Coolmax\u00ae que evacua el sudor, los PRO-SAFE TRAVEL BOOT proporcionan un alto nivel de transpirabilidad para mantener las extremidades del caballo bien ventiladas durante el transporte.<\/p>\n<p>Los protectores integrados de alto rendimiento para las rodillas (protectores delanteros) y los corvejones (protectores traseros) aumentan considerablemente la seguridad del caballo durante los viajes.<br \/>\nEl acolchado de goma NBR contra golpes en el menudillo y la cuartilla proporcionan una protecci\u00f3n adicional contra los impactos accidentales en esas delicadas zonas.<\/p>\n<p>El sistema de cierre r\u00e1pido y seguro de gancho y bucle garantiza un ajuste s\u00f3lido, c\u00f3modo y f\u00e1cil.<\/p>\n<p>CARACTER\u00cdSTICAS PRINCIPALES:<\/p>\n<p>&#8211; Acolchado especial de alta densidad para una mayor protecci\u00f3n, estabilidad y comodidad;<br \/>\n&#8211; Protectores integrados de alto rendimiento en las rodillas y los corvejones para una excelente protecci\u00f3n durante los desplazamientos;<br \/>\n&#8211; Acolchado de goma NBR antichoque en el menudillo y la cuartilla;<br \/>\n&#8211; Forro interior de Coolmax\u00ae;<br \/>\n&#8211; F\u00e1ciles y r\u00e1pidos de poner y quitar;<br \/>\n&#8211; 100% Made in Italy.<\/p>\n<p>LIMPIEZA Y CUIDADO:<br \/>\n&#8211; Elimine los pelos y los restos de suciedad\/sudor con un cepillo.<br \/>\n&#8211; Aseg\u00farese de que todas las correas y cierres est\u00e1n cerrados.<br \/>\n&#8211; Lave a mano o en lavadora (prendas delicadas) a 30\u00b0C con jab\u00f3n suave.<br \/>\n&#8211; Deje secar lejos de las fuentes de calor.<br \/>\n&#8211; Almacene el producto en un lugar fresco y seco.<\/p>\n","protected":false},"excerpt":{"rendered":"<p>Botas de viaje<\/p>\n","protected":false},"featured_media":13746,"comment_status":"open","ping_status":"closed","template":"","meta":[],"product_brand":[],"product_cat":[3644,3648,3724],"product_tag":[],"class_list":{"0":"post-23222","1":"product","2":"type-product","3":"status-publish","4":"has-post-thumbnail","6":"product_cat-caballo","7":"product_cat-protectores-de-caballo","8":"product_cat-transporte-viaje","9":"pa_codice-intrastat-42010000-es","10":"pa_disciplina-utilizzo-transporte-viajes","11":"pa_giro-nodello-da-28-a-30-cm-es","12":"pa_giro-nodello-da-31-a-37-cm-es","14":"first","15":"instock","16":"taxable","17":"shipping-taxable","18":"purchasable","19":"product-type-variable"},"_links":{"self":[{"href":"https:\/\/riding.zandona.net\/es\/wp-json\/wp\/v2\/product\/23222","targetHints":{"allow":["GET"]}}],"collection":[{"href":"https:\/\/riding.zandona.net\/es\/wp-json\/wp\/v2\/product"}],"about":[{"href":"https:\/\/riding.zandona.net\/es\/wp-json\/wp\/v2\/types\/product"}],"replies":[{"embeddable":true,"href":"https:\/\/riding.zandona.net\/es\/wp-json\/wp\/v2\/comments?post=23222"}],"wp:featuredmedia":[{"embeddable":true,"href":"https:\/\/riding.zandona.net\/es\/wp-json\/wp\/v2\/media\/13746"}],"wp:attachment":[{"href":"https:\/\/riding.zandona.net\/es\/wp-json\/wp\/v2\/media?parent=23222"}],"wp:term":[{"taxonomy":"product_brand","embeddable":true,"href":"https:\/\/riding.zandona.net\/es\/wp-json\/wp\/v2\/product_brand?post=23222"},{"taxonomy":"product_cat","embeddable":true,"href":"https:\/\/riding.zandona.net\/es\/wp-json\/wp\/v2\/product_cat?post=23222"},{"taxonomy":"product_tag","embeddable":true,"href":"https:\/\/riding.zandona.net\/es\/wp-json\/wp\/v2\/product_tag?post=23222"}],"curies":[{"name":"wp","href":"https:\/\/api.w.org\/{rel}","templated":true}]}}