{"id":23232,"date":"2024-11-06T17:08:43","date_gmt":"2024-11-06T16:08:43","guid":{"rendered":"https:\/\/riding.zandona.net\/shop\/sin%20categor\u00eda\/therapeutic-support-boot-air-front\/"},"modified":"2026-03-17T17:10:36","modified_gmt":"2026-03-17T16:10:36","slug":"magnetic-support-boot-air-front","status":"publish","type":"product","link":"https:\/\/riding.zandona.net\/es\/shop\/caballo\/linea-de-bienestar\/magnetic-support-boot-air-front\/","title":{"rendered":"MAGNETIC SUPPORT BOOT AIR Front"},"content":{"rendered":"<p><strong>MAGNETIC SUPPORT BOOT AIR<\/strong> est\u00e1n dise\u00f1adas para proporcionar un <strong>soporte avanzado y un confort superior <\/strong>a los caballos durante <strong>el descanso y el<\/strong> <strong>transporte<\/strong>.<\/p>\n<p>Equipadas con <strong>18 imanes permanentes<\/strong>, posicionados estrat\u00e9gicamente <strong>desde el casco hasta la zona del tend\u00f3n seg\u00fan los principios de la reflexolog\u00eda<\/strong>, las MAGNETIC SUPPORT BOOT AIR proporcionan <strong>confort y relajaci\u00f3n gracias a la tecnolog\u00eda magn\u00e9tica integrada. <\/strong><\/p>\n<p>Su disposici\u00f3n espec\u00edfica de los imanes ha sido <strong>desarrollada en colaboraci\u00f3n con veterinarios<\/strong> para garantizar que su <strong>densidad de flujo, intensidad y polarizaci\u00f3n puedan maximizar el aumento localizado del flujo sangu\u00edneo vascular y de la circulaci\u00f3n linf\u00e1tica<\/strong>, con <strong>m\u00faltiples efectos beneficiosos<\/strong>.<\/p>\n<p>&nbsp;<\/p>\n<p><strong>Fabricadas en Italia<\/strong>, las botas cuentan con una <strong>banda interior intercambiable de tejido COOLMAX\u00ae<\/strong>, dise\u00f1ada para una <strong>gesti\u00f3n eficiente de la humedad y una \u00f3ptima sequedad de la piel<\/strong>. Un refuerzo adicional en la zona del menudillo mejora la durabilidad y la resistencia a la fricci\u00f3n<\/p>\n<p>Las <strong>correas el\u00e1sticas<\/strong> est\u00e1n calibradas para garantizar una <strong>colocaci\u00f3n segura, una compresi\u00f3n equilibrada y el m\u00e1ximo confort<\/strong><\/p>\n<p>&nbsp;<\/p>\n<p><strong><u>Tecnolog\u00eda Magn\u00e9tica<\/u><\/strong><\/p>\n<p>&nbsp;<\/p>\n<p>Los imanes permanentes est\u00e1n fabricados en <strong>aleaci\u00f3n de Neodimio-Hierro-Boro con recubrimiento de n\u00edquel<\/strong>, cada uno generando una <strong>densidad de flujo magn\u00e9tico de 2600 Gauss<\/strong>.<\/p>\n<p>&nbsp;<\/p>\n<p>Seg\u00fan los <strong>principios tradicionales de la reflexolog\u00eda equina y de las l\u00edneas de distribuci\u00f3n energ\u00e9tica<\/strong>, los imanes est\u00e1n posicionados en <strong>\u00e1reas anat\u00f3micas seleccionadas del casco y de la extremidad inferior para<\/strong> <strong>favorecer el confort general y el bienestar.<\/strong><\/p>\n<p>&nbsp;<\/p>\n<p>Aplicando los principios de la reflexolog\u00eda, <strong>mediante la estimulaci\u00f3n magn\u00e9tica de los puntos reflejos situados en meridianos espec\u00edficos del caballo<\/strong> (los mismos puntos utilizados para la acupuntura), se obtienen algunos <strong>efectos moderados de reequilibrio<\/strong>.<\/p>\n<p>&nbsp;<\/p>\n<p>&nbsp;<\/p>\n<p><strong><u>Principios de Reflexolog\u00eda<\/u><\/strong><\/p>\n<p>&nbsp;<\/p>\n<p><strong>BOTAS DELANTERAS:<\/strong><\/p>\n<p>&nbsp;<\/p>\n<p>&#8211; El im\u00e1n situado cerca del meridiano Yang SI (Intestino Delgado &#8211; Ting SI1) act\u00faa sobre <strong>la circulaci\u00f3n del cuello y de la columna vertebral<\/strong> y contra la <strong>lateralidad izquierda<\/strong>.<\/p>\n<p>&#8211; El im\u00e1n situado cerca del meridiano Yang TH (Triple Calentador &#8211; Ting TH1) act\u00faa sobre el <strong>menudillo delantero y contra los dolores escapulohumerales.<\/strong><\/p>\n<p>&#8211; El im\u00e1n situado cerca del meridiano Yin HT (Coraz\u00f3n &#8211; Ting HT9) act\u00faa sobre la <strong>musculatura dolorida, inflamada y sobrecargada.<\/strong><\/p>\n<p>&#8211; El im\u00e1n situado cerca del meridiano Yang LI (Intestino Grueso &#8211; Ting LI1) act\u00faa <strong>contra los espasmos musculares de la zona hombro-cuello y contra la lateralidad derech<\/strong>.<\/p>\n<p>&#8211; El im\u00e1n situado cerca del meridiano Yin PE (Pericardio &#8211; Ting PE9) act\u00faa <strong>sobre el casco,<\/strong> <strong>los tendones delanteros y los ligamentos.<\/strong><\/p>\n<p>&#8211; El im\u00e1n situado cerca del meridiano Yin LU (Pulm\u00f3n &#8211; Ting LU11) act\u00faa <strong>contra las disfunciones m\u00fasculo-tendinosas del casco y contra los dolores escapulohumerales.<\/strong><\/p>\n<p>&nbsp;<\/p>\n<p><strong>BOTAS TRASERAS:<\/strong><\/p>\n<p>&#8211; El im\u00e1n situado cerca del meridiano Yang LIV (H\u00edgado &#8211; Ting LIV1) act\u00faa sobre el <strong>menudillo<\/strong>, sobre los <strong>m\u00fasculos laterales superficiales<\/strong> y sobre la <strong>musculatura de la grupa y la cadera.<\/strong><\/p>\n<p>&#8211; El im\u00e1n situado cerca del meridiano Yang KI (Ri\u00f1\u00f3n &#8211; Ting Ki1) act\u00faa sobre el <strong>menudillo<\/strong>, <strong>sobre los huesos y sobre el tend\u00f3n trasero.<\/strong><\/p>\n<p>&#8211; El im\u00e1n situado cerca del meridiano Yang SP (Bazo &#8211; Ting SP1) act\u00faa <strong>contra la formaci\u00f3n excesiva de l\u00edquido sinovial<\/strong> y sobre los <strong>m\u00fasculos psoas menor y mayor.<\/strong><\/p>\n<p>&#8211; El im\u00e1n situado cerca del meridiano Yin BL (Vejiga &#8211; Ting BL67) act\u00faa sobre el <strong>casco<\/strong>.<\/p>\n<p>&#8211; El im\u00e1n situado cerca del meridiano Yin GB (Ves\u00edcula Biliar &#8211; Ting GB44) act\u00faa sobre el <strong>casco<\/strong> y sobre los <strong>m\u00fasculos laterales<\/strong>.<\/p>\n<p>&#8211; El im\u00e1n situado cerca del meridiano Yin ST (Est\u00f3mago &#8211; Ting ST45) act\u00faa sobre los <strong>m\u00fasculos y el menudillo<\/strong>.<\/p>\n<p>&nbsp;<\/p>\n<p>&nbsp;<\/p>\n<p><strong><u>Uso recomendado <\/u><\/strong><\/p>\n<ul>\n<li>Adecuado durante los periodos de descanso<\/li>\n<li>Ideal despu\u00e9s de las sesiones de entrenamiento<br \/>\n\u2022 Adecuado para el transporte<br \/>\n\u2022 Se recomienda una introducci\u00f3n gradual durante los primeros usos<\/li>\n<li>No apta para paddock o actividades din\u00e1micas (por ejemplo caminar, trabajo en plano o turnout)<\/li>\n<\/ul>\n<p>&nbsp;<\/p>\n<p><strong><u>Informaci\u00f3n importante<\/u><\/strong><\/p>\n<ul>\n<li>No aplicar sobre heridas abiertas o afecciones cut\u00e1neas no tratadas<\/li>\n<li>Evitar su uso durante la fase aguda de traumatismos visibles<\/li>\n<li>No utilizar en presencia de marcapasos.<\/li>\n<li>No utilizar durante el embarazo<\/li>\n<li>Consultar a su veterinario en caso de condiciones de salud espec\u00edficas<\/li>\n<li>Este producto no es un dispositivo m\u00e9dico<\/li>\n<\/ul>\n","protected":false},"excerpt":{"rendered":"<p>Botas Magn\u00e9ticas<\/p>\n","protected":false},"featured_media":28809,"comment_status":"open","ping_status":"closed","template":"","meta":[],"product_brand":[],"product_cat":[3644,3752,3548],"product_tag":[],"class_list":{"0":"post-23232","1":"product","2":"type-product","3":"status-publish","4":"has-post-thumbnail","6":"product_cat-caballo","7":"product_cat-linea-de-bienestar","8":"product_cat-mas-vendidos","9":"pa_codice-intrastat-42010000-es","10":"pa_disciplina-utilizzo-estable","11":"pa_disciplina-utilizzo-viajes","12":"pa_giro-nodello-da-26-a-28-cm-es","13":"pa_giro-nodello-da-29-a-30-cm-es","14":"pa_giro-nodello-da-31-a-32-cm-es","15":"pa_giro-nodello-da-33-a-35-cm-es","17":"first","18":"instock","19":"taxable","20":"shipping-taxable","21":"purchasable","22":"product-type-variable"},"_links":{"self":[{"href":"https:\/\/riding.zandona.net\/es\/wp-json\/wp\/v2\/product\/23232","targetHints":{"allow":["GET"]}}],"collection":[{"href":"https:\/\/riding.zandona.net\/es\/wp-json\/wp\/v2\/product"}],"about":[{"href":"https:\/\/riding.zandona.net\/es\/wp-json\/wp\/v2\/types\/product"}],"replies":[{"embeddable":true,"href":"https:\/\/riding.zandona.net\/es\/wp-json\/wp\/v2\/comments?post=23232"}],"wp:featuredmedia":[{"embeddable":true,"href":"https:\/\/riding.zandona.net\/es\/wp-json\/wp\/v2\/media\/28809"}],"wp:attachment":[{"href":"https:\/\/riding.zandona.net\/es\/wp-json\/wp\/v2\/media?parent=23232"}],"wp:term":[{"taxonomy":"product_brand","embeddable":true,"href":"https:\/\/riding.zandona.net\/es\/wp-json\/wp\/v2\/product_brand?post=23232"},{"taxonomy":"product_cat","embeddable":true,"href":"https:\/\/riding.zandona.net\/es\/wp-json\/wp\/v2\/product_cat?post=23232"},{"taxonomy":"product_tag","embeddable":true,"href":"https:\/\/riding.zandona.net\/es\/wp-json\/wp\/v2\/product_tag?post=23232"}],"curies":[{"name":"wp","href":"https:\/\/api.w.org\/{rel}","templated":true}]}}