{"id":23249,"date":"2024-11-06T17:09:17","date_gmt":"2024-11-06T16:09:17","guid":{"rendered":"https:\/\/riding.zandona.net\/shop\/sin%20categor\u00eda\/therapeutic-bell\/"},"modified":"2026-03-17T17:20:35","modified_gmt":"2026-03-17T16:20:35","slug":"magnetic-bell","status":"publish","type":"product","link":"https:\/\/riding.zandona.net\/es\/shop\/caballo\/linea-de-bienestar\/magnetic-bell\/","title":{"rendered":"MAGNETIC BELL"},"content":{"rendered":"<p>MAGNETIC BELL est\u00e1 dise\u00f1ada para <strong>proporcionar soporte espec\u00edfico al casco y mayor comodidad durante los per\u00edodos de descanso.<\/strong><\/p>\n<p><strong>Fabricada en Italia, <\/strong>cada campana est\u00e1 equipada con<strong> 5 imanes permanentes <\/strong>posicionados estrat\u00e9gicamente para proporcionar <strong>comodidad y relajaci\u00f3n <\/strong>gracias a la<strong> tecnolog\u00eda magn\u00e9tica integrada.<\/strong><\/p>\n<p>Cuando los caballos permanecen en reposo, su movimiento natural se reduce considerablemente. Por ello, MAGNETIC BELL integra tecnolog\u00eda magn\u00e9tica para generar un <strong>efecto de bombeo<\/strong> en la zona del casco, convirti\u00e9ndose en parte de una <strong>rutina estructurada de descanso y recuperaci\u00f3n<\/strong>.<\/p>\n<p>&nbsp;<\/p>\n<p><strong><u>Tecnolog\u00eda Magn\u00e9tica<\/u><\/strong><\/p>\n<p>Los imanes permanentes est\u00e1n fabricados con una <strong>aleaci\u00f3n de Neodimio-Hierro-Boro con recubrimiento de n\u00edquel<\/strong>, cada uno con una densidad de <strong>flujo magn\u00e9tico de 2600 Gauss<\/strong>.<\/p>\n<p>Los imanes se utilizan tradicionalmente en las rutinas de descanso ecuestres para favorecer el <strong>confort general y el bienestar global<\/strong>.<\/p>\n<p>MAGNETIC BELL ha sido desarrollada en <strong>colaboraci\u00f3n con veterinarios<\/strong> para garantizar que los imanes est\u00e9n posicionados seg\u00fan <strong>\u00e1reas anat\u00f3micas espec\u00edficas del casco<\/strong>.<\/p>\n<p>&nbsp;<\/p>\n<p><strong><u>Uso Recomendado<\/u><\/strong><\/p>\n<ul>\n<li>Adecuado durante los per\u00edodos de descanso<br \/>\n\u2022 Ideal despu\u00e9s de las sesiones de entrenamiento<br \/>\n\u2022 Aplicar \u00fanicamente cuando el caballo est\u00e9 seco y relajado tras el ejercicio<br \/>\n\u2022 Se recomienda una introducci\u00f3n gradual durante los primeros usos<br \/>\n\u2022 No apto para paddock o actividades din\u00e1micas (ej. paseo, trabajo en pista, suelta)<\/li>\n<\/ul>\n<p>&nbsp;<\/p>\n<p><strong><u>Informaci\u00f3n importante<\/u><\/strong><\/p>\n<ul>\n<li>No aplicar sobre heridas abiertas o afecciones cut\u00e1neas no tratadas<\/li>\n<li>Evitar su uso durante la fase aguda de traumatismos visibles<\/li>\n<li>No utilizar en presencia de marcapasos.<\/li>\n<li>No utilizar durante el embarazo<\/li>\n<li>Consultar a su veterinario en caso de condiciones de salud espec\u00edficas<\/li>\n<li>Este producto no es un dispositivo m\u00e9dico<\/li>\n<\/ul>\n<p>&nbsp;<\/p>\n","protected":false},"excerpt":{"rendered":"<p>Campanas Magn\u00e9ticas<\/p>\n","protected":false},"featured_media":28824,"comment_status":"open","ping_status":"closed","template":"","meta":[],"product_brand":[],"product_cat":[3644,3752,3552],"product_tag":[],"class_list":{"0":"post-23249","1":"product","2":"type-product","3":"status-publish","4":"has-post-thumbnail","6":"product_cat-caballo","7":"product_cat-linea-de-bienestar","8":"product_cat-recomendados","9":"pa_codice-intrastat-42010000-es","10":"pa_disciplina-utilizzo-estable","11":"pa_disciplina-utilizzo-viajes","12":"pa_giro-corona-da-35-a-38-cm-es","13":"pa_giro-corona-da-39-a-40-cm-es","14":"pa_giro-corona-da-41-a-42-cm-es","15":"pa_giro-corona-da-43-a-46-cm-es","17":"first","18":"instock","19":"taxable","20":"shipping-taxable","21":"purchasable","22":"product-type-variable"},"_links":{"self":[{"href":"https:\/\/riding.zandona.net\/es\/wp-json\/wp\/v2\/product\/23249","targetHints":{"allow":["GET"]}}],"collection":[{"href":"https:\/\/riding.zandona.net\/es\/wp-json\/wp\/v2\/product"}],"about":[{"href":"https:\/\/riding.zandona.net\/es\/wp-json\/wp\/v2\/types\/product"}],"replies":[{"embeddable":true,"href":"https:\/\/riding.zandona.net\/es\/wp-json\/wp\/v2\/comments?post=23249"}],"wp:featuredmedia":[{"embeddable":true,"href":"https:\/\/riding.zandona.net\/es\/wp-json\/wp\/v2\/media\/28824"}],"wp:attachment":[{"href":"https:\/\/riding.zandona.net\/es\/wp-json\/wp\/v2\/media?parent=23249"}],"wp:term":[{"taxonomy":"product_brand","embeddable":true,"href":"https:\/\/riding.zandona.net\/es\/wp-json\/wp\/v2\/product_brand?post=23249"},{"taxonomy":"product_cat","embeddable":true,"href":"https:\/\/riding.zandona.net\/es\/wp-json\/wp\/v2\/product_cat?post=23249"},{"taxonomy":"product_tag","embeddable":true,"href":"https:\/\/riding.zandona.net\/es\/wp-json\/wp\/v2\/product_tag?post=23249"}],"curies":[{"name":"wp","href":"https:\/\/api.w.org\/{rel}","templated":true}]}}