{"id":23259,"date":"2024-11-06T17:09:30","date_gmt":"2024-11-06T16:09:30","guid":{"rendered":"https:\/\/riding.zandona.net\/shop\/sin categor\u00eda\/support-boot-air-rear\/"},"modified":"2024-11-07T15:33:49","modified_gmt":"2024-11-07T14:33:49","slug":"support-boot-air-rear","status":"publish","type":"product","link":"https:\/\/riding.zandona.net\/es\/shop\/caballo\/protectores-de-caballo\/establo-box-descanso\/support-boot-air-rear\/","title":{"rendered":"SUPPORT BOOT AIR Rear"},"content":{"rendered":"<p>\u00abSUPPORT BOOT AIR\u00bb son unos protectores de descanso para usar en el box, desarrollados para dar soporte a los ligamentos suspensorios y contenci\u00f3n del aparato tendinoso y para reducir la hinchaz\u00f3n t\u00edpica despu\u00e9s del trabajo. El \u00abSUPPORT BOOT AIR\u00bb es una alternativa funcional y pr\u00e1ctica a las bandas de descanso tradicionales que permite evitar peligrosos errores de vendaje y ahorrar tiempo.<\/p>\n<p>CARACTER\u00cdSTICAS PRINCIPALES:<br \/>\n&#8211; Banda inferior intercambiable;<br \/>\n&#8211; COOLMAX\u00ae (fibra especial que transporta la humedad a la superficie exterior del tejido, manteniendo la piel seca);<br \/>\n&#8211; Protecci\u00f3n de las cuartillas, antidesgaste y antifricci\u00f3n;<br \/>\n&#8211; Cierre de strap;<br \/>\n&#8211; Producto 100% italiano.<\/p>\n<p>NOTA<br \/>\n-El producto es lavable a m\u00e1quina a 40\u00ba con lavado suave<br \/>\n-No utilizar en potreros o actividades din\u00e1micas (por ejemplo, el paseo, trabajo plano, etc.)<\/p>\n","protected":false},"excerpt":{"rendered":"<p>Botas para caballos para establo\/descanso\/boxes<\/p>\n","protected":false},"featured_media":28839,"comment_status":"open","ping_status":"closed","template":"","meta":[],"product_brand":[],"product_cat":[3644,3719,3648],"product_tag":[],"class_list":{"0":"post-23259","1":"product","2":"type-product","3":"status-publish","4":"has-post-thumbnail","6":"product_cat-caballo","7":"product_cat-establo-box-descanso","8":"product_cat-protectores-de-caballo","9":"pa_codice-intrastat-42010000-es","10":"pa_disciplina-utilizzo-estable","11":"pa_disciplina-utilizzo-viajes","12":"pa_giro-nodello-da-28-a-30-cm-es","13":"pa_giro-nodello-da-31-a-32-cm-es","14":"pa_giro-nodello-da-33-a-34-cm-es","15":"pa_giro-nodello-da-35-a-37-cm-es","17":"first","18":"instock","19":"taxable","20":"shipping-taxable","21":"purchasable","22":"product-type-variable"},"_links":{"self":[{"href":"https:\/\/riding.zandona.net\/es\/wp-json\/wp\/v2\/product\/23259","targetHints":{"allow":["GET"]}}],"collection":[{"href":"https:\/\/riding.zandona.net\/es\/wp-json\/wp\/v2\/product"}],"about":[{"href":"https:\/\/riding.zandona.net\/es\/wp-json\/wp\/v2\/types\/product"}],"replies":[{"embeddable":true,"href":"https:\/\/riding.zandona.net\/es\/wp-json\/wp\/v2\/comments?post=23259"}],"wp:featuredmedia":[{"embeddable":true,"href":"https:\/\/riding.zandona.net\/es\/wp-json\/wp\/v2\/media\/28839"}],"wp:attachment":[{"href":"https:\/\/riding.zandona.net\/es\/wp-json\/wp\/v2\/media?parent=23259"}],"wp:term":[{"taxonomy":"product_brand","embeddable":true,"href":"https:\/\/riding.zandona.net\/es\/wp-json\/wp\/v2\/product_brand?post=23259"},{"taxonomy":"product_cat","embeddable":true,"href":"https:\/\/riding.zandona.net\/es\/wp-json\/wp\/v2\/product_cat?post=23259"},{"taxonomy":"product_tag","embeddable":true,"href":"https:\/\/riding.zandona.net\/es\/wp-json\/wp\/v2\/product_tag?post=23259"}],"curies":[{"name":"wp","href":"https:\/\/api.w.org\/{rel}","templated":true}]}}