{"id":23288,"date":"2024-11-06T17:10:03","date_gmt":"2024-11-06T16:10:03","guid":{"rendered":"https:\/\/riding.zandona.net\/shop\/sin%20categor\u00eda\/therapeutic-air-rug\/"},"modified":"2026-03-17T17:29:37","modified_gmt":"2026-03-17T16:29:37","slug":"magnetic-air-rug","status":"publish","type":"product","link":"https:\/\/riding.zandona.net\/es\/shop\/caballo\/linea-de-bienestar\/magnetic-air-rug\/","title":{"rendered":"MAGNETIC AIR RUG"},"content":{"rendered":"<p><strong>MAGNETIC AIR RUG<\/strong> es una <strong>manta magn\u00e9tica de descanso avanzada<\/strong> dise\u00f1ada para proporcionar <strong>soporte avanzado y confort superior a los caballos<\/strong> durante el tiempo en el establo y en las rutinas posteriores al trabajo.<\/p>\n<p>Fabricada en Italia en <strong>3D Air-Mesh transpirable<\/strong>, est\u00e1 equipada con <strong>32 imanes permanentes<\/strong>, posicionados estrat\u00e9gicamente a lo largo de la <strong>zona lumbo-dorsal, la columna vertebral y los hombros<\/strong>, para proporcionar confort y relajaci\u00f3n gracias a la <strong>tecnolog\u00eda magn\u00e9tica integrada<\/strong>.<\/p>\n<p>MAGNETIC AIR RUG combina <strong>investigaci\u00f3n t\u00e9cnica, materiales premium y dise\u00f1o funcional<\/strong> y puede utilizarse <strong>sola o bajo una manta de invierno<\/strong>, ofreciendo <strong>m\u00e1xima versatilidad y adaptabilidad<\/strong>.<\/p>\n<p>&nbsp;<\/p>\n<p><strong><u>Tecnolog\u00eda Magn\u00e9tica<\/u><\/strong><\/p>\n<p>Los imanes permanentes est\u00e1n fabricados en <strong>aleaci\u00f3n de Neodimio-Hierro-Boro con recubrimiento de n\u00edquel<\/strong>, cada uno generando una <strong>densidad de flujo magn\u00e9tico de 2600 Gauss<\/strong>.<\/p>\n<p>Los imanes se utilizan tradicionalmente en <strong>rutinas de descanso en el \u00e1mbito ecuestre<\/strong> para favorecer el confort general y el bienestar del caballo.<\/p>\n<p>MAGNETIC RUG ha sido desarrollada <strong>en colaboraci\u00f3n con veterinarios<\/strong> para garantizar que los imanes est\u00e9n posicionados de acuerdo con <strong>zonas anat\u00f3micas seleccionadas a lo largo de todo el dorso y los hombros<\/strong>.<\/p>\n<p>&nbsp;<\/p>\n<p><strong><u>Concepto de Rendimiento y Recuperaci\u00f3n<\/u><\/strong><\/p>\n<p><strong>MAGNETIC AIR RUG<\/strong> est\u00e1 dise\u00f1ada para:<\/p>\n<ul>\n<li>Apoyar al caballo durante el <strong>descanso despu\u00e9s de las sesiones de entrenamiento<\/strong><\/li>\n<li>Contribuir a una <strong>rutina en el establo m\u00e1s relajada y confortable<\/strong><\/li>\n<li>Mejorar el <strong>confort general durante el transporte<\/strong><\/li>\n<li>Integrarse f\u00e1cilmente en los <strong>programas de preparaci\u00f3n previos al entrenamiento<\/strong><\/li>\n<\/ul>\n<p>&nbsp;<\/p>\n<p>Su <strong>estructura ligera y transpirable<\/strong> permite una <strong>circulaci\u00f3n \u00f3ptima del aire y un control eficaz de la temperatura<\/strong>, garantizando el confort incluso durante un uso prolongado.<\/p>\n<p><strong><u><br \/>\nUso recomendado<\/u><\/strong><\/p>\n<ul>\n<li>Adecuada durante los periodos de descanso<\/li>\n<li>Ideal antes o despu\u00e9s de las sesiones de entrenamiento<\/li>\n<li>Puede utilizarse sola o bajo otras mantas<\/li>\n<li>Aplicar \u00fanicamente cuando el caballo est\u00e9 seco y enfriado<\/li>\n<li>Se recomienda una introducci\u00f3n gradual durante los primeros usos<\/li>\n<li>No apta para paddock o actividades din\u00e1micas (por ejemplo caminar, trabajo en plano o turnout)<\/li>\n<\/ul>\n<p><strong><u>\u00a0<\/u><\/strong><\/p>\n<p><strong><u>Informaci\u00f3n importante<\/u><\/strong><\/p>\n<ul>\n<li>No aplicar sobre heridas abiertas o afecciones cut\u00e1neas no tratadas<\/li>\n<li>Evitar su uso durante la fase aguda de traumatismos visibles<\/li>\n<li>No utilizar en presencia de marcapasos.<\/li>\n<li>No utilizar durante el embarazo<\/li>\n<li>Consultar a su veterinario en caso de condiciones de salud espec\u00edficas<\/li>\n<li>Este producto no es un dispositivo m\u00e9dico<\/li>\n<\/ul>\n","protected":false},"excerpt":{"rendered":"<p>Manta Magn\u00e9tica para caballos<\/p>\n","protected":false},"featured_media":13828,"comment_status":"open","ping_status":"closed","template":"","meta":[],"product_brand":[],"product_cat":[3644,3752,3552],"product_tag":[],"class_list":{"0":"post-23288","1":"product","2":"type-product","3":"status-publish","4":"has-post-thumbnail","6":"product_cat-caballo","7":"product_cat-linea-de-bienestar","8":"product_cat-recomendados","9":"pa_codice-intrastat-42010000-es","10":"pa_disciplina-utilizzo-estable","11":"pa_disciplina-utilizzo-viajes","12":"pa_lunghezza-garrese-coda-da-130-a-144-cm-es","13":"pa_lunghezza-garrese-coda-da-145-a-159-cm-es","14":"pa_lunghezza-garrese-coda-da-160-a-174-cm-es","16":"first","17":"instock","18":"taxable","19":"shipping-taxable","20":"purchasable","21":"product-type-variable"},"_links":{"self":[{"href":"https:\/\/riding.zandona.net\/es\/wp-json\/wp\/v2\/product\/23288","targetHints":{"allow":["GET"]}}],"collection":[{"href":"https:\/\/riding.zandona.net\/es\/wp-json\/wp\/v2\/product"}],"about":[{"href":"https:\/\/riding.zandona.net\/es\/wp-json\/wp\/v2\/types\/product"}],"replies":[{"embeddable":true,"href":"https:\/\/riding.zandona.net\/es\/wp-json\/wp\/v2\/comments?post=23288"}],"wp:featuredmedia":[{"embeddable":true,"href":"https:\/\/riding.zandona.net\/es\/wp-json\/wp\/v2\/media\/13828"}],"wp:attachment":[{"href":"https:\/\/riding.zandona.net\/es\/wp-json\/wp\/v2\/media?parent=23288"}],"wp:term":[{"taxonomy":"product_brand","embeddable":true,"href":"https:\/\/riding.zandona.net\/es\/wp-json\/wp\/v2\/product_brand?post=23288"},{"taxonomy":"product_cat","embeddable":true,"href":"https:\/\/riding.zandona.net\/es\/wp-json\/wp\/v2\/product_cat?post=23288"},{"taxonomy":"product_tag","embeddable":true,"href":"https:\/\/riding.zandona.net\/es\/wp-json\/wp\/v2\/product_tag?post=23288"}],"curies":[{"name":"wp","href":"https:\/\/api.w.org\/{rel}","templated":true}]}}