{"id":23292,"date":"2024-11-06T17:10:03","date_gmt":"2024-11-06T16:10:03","guid":{"rendered":"https:\/\/riding.zandona.net\/shop\/sin%20categor\u00eda\/therapeutic-ceramic-rug\/"},"modified":"2026-03-17T17:29:55","modified_gmt":"2026-03-17T16:29:55","slug":"therapeutic-ceramic-rug","status":"publish","type":"product","link":"https:\/\/riding.zandona.net\/es\/shop\/caballo\/linea-de-bienestar\/therapeutic-ceramic-rug\/","title":{"rendered":"THERAPEUTIC CERAMIC RUG"},"content":{"rendered":"<p>La manta de cer\u00e1mica terap\u00e9utica es una innovaci\u00f3n especial y significativa en el cuidado de los caballos, que ofrece una tecnolog\u00eda terap\u00e9utica dual avanzada combinando lo mejor de la terapia magn\u00e9tica y biomolecular para garantizar el m\u00e1ximo bienestar del caballo.<\/p>\n<p>Esta manta est\u00e1 hecha predominantemente de un material transpirable con una f\u00f3rmula bioqu\u00edmica que consiste en minerales tetra\u00e9dricos estructurados que utilizan enlaces i\u00f3nicos. Cuando se exponen a los fotones (rayos FIR emitidos por el cuerpo), estos minerales inician un proceso replicativo y masivo que ocurre en la misma longitud de onda que los fotones receptores. Este proceso polariza las membranas celulares y sin\u00e1pticas, restaurando as\u00ed el proceso regular de recaptaci\u00f3n de neurotransmisores y aliviando el dolor y la inflamaci\u00f3n.<\/p>\n<p>Equipada con 32 potentes imanes hechos de una aleaci\u00f3n altamente magn\u00e9tica de neodimio, hierro y boro con un revestimiento de n\u00edquel, cada uno con una fuerza de 2600 Gauss, distribuidos estrat\u00e9gicamente en el \u00e1rea lumbar-dorsal, a lo largo de la columna y en los hombros, la manta de cer\u00e1mica terap\u00e9utica proporciona un soporte magn\u00e9tico \u00f3ptimo al caballo.<\/p>\n<p>Esta manta se puede utilizar sola o debajo de cualquier manta de invierno, ofreciendo la m\u00e1xima versatilidad de uso.<\/p>\n<p>Es ideal para preparar al caballo antes del entrenamiento o la competici\u00f3n y para acelerar los procesos de recuperaci\u00f3n despu\u00e9s de un entrenamiento intenso.<\/p>\n<p>100% Made in Italy, gracias a su eficacia y calidad, es ampliamente apreciada por algunos de los campeones m\u00e1s prestigiosos del mundo ecuestre.<\/p>\n<p>BENEFICIOS GENERALES:<br \/>\n&#8211; Terapia F.I.R. (Far Infrared Rays) para un efecto analg\u00e9sico natural r\u00e1pido y eficaz;<br \/>\n&#8211; Doble acci\u00f3n para reducir el dolor, la hinchaz\u00f3n y la inflamaci\u00f3n;<br \/>\n&#8211; Doble acci\u00f3n para estimular la circulaci\u00f3n sangu\u00ednea, la eliminaci\u00f3n de toxinas y los procesos regenerativos;<br \/>\n&#8211; Mejora la capacidad de drenaje de los tejidos inflamados, favoreciendo la curaci\u00f3n;<br \/>\n&#8211; Aumento del metabolismo;<br \/>\n&#8211; Efecto de calentamiento.<\/p>\n<p>EFECTOS DE LA REFLEXOLOG\u00cdA:<br \/>\nUtilizando los principios de la reflexolog\u00eda, la estimulaci\u00f3n magn\u00e9tica de puntos de acupuntura colocados en meridianos espec\u00edficos del caballo tendr\u00e1 los siguientes efectos generales:<br \/>\n&#8211; La estimulaci\u00f3n del meridiano de la Vejiga a trav\u00e9s de 5 zonas a cada lado de la l\u00ednea dorsal proporcionar\u00e1 alivio a las cadenas musculares de la espalda despu\u00e9s del ejercicio y estimulaci\u00f3n de las funciones respiratorias, digestivas y urinarias;<br \/>\n&#8211; Los imanes ubicados en el meridiano del Intestino Delgado detr\u00e1s de la esc\u00e1pula y el hombro actuar\u00e1n sobre el equilibrio de la parte anterior y sobre el funcionamiento, la recuperaci\u00f3n articular y muscular del cuello y las patas delanteras;<br \/>\n&#8211; Los imanes ubicados detr\u00e1s del hombro estimular\u00e1n el meridiano del Triple Calentador (San Jiao) a trav\u00e9s de los puntos 12 y 13TR que act\u00faan sobre las articulaciones del codo y del hombro, as\u00ed como sobre el metabolismo general estimulando la circulaci\u00f3n de energ\u00eda y fluidos;<br \/>\n&#8211; Los imanes ubicados a lo largo del meridiano de la Vejiga a nivel de la grupa permitir\u00e1n la recuperaci\u00f3n de las masas musculares de las extremidades traseras y una mejor circulaci\u00f3n de la energ\u00eda en la pelvis.<\/p>\n<p>EFECTOS BIOMOLECULARES LOCALES:<br \/>\n&#8211; Reducci\u00f3n del dolor y de los procesos inflamatorios;<br \/>\n&#8211; Mejora del relax y la serenidad del caballo;<br \/>\n&#8211; Reducci\u00f3n del estr\u00e9s durante el transporte;<br \/>\n&#8211; Relajaci\u00f3n muscular.<\/p>\n<p>EFECTOS MAGNETOTERAP\u00c9UTICOS LOCALES:<br \/>\nA diferencia de los f\u00e1rmacos antiinflamatorios, que ejercen una acci\u00f3n vasoconstrictora, la magnetoterapia act\u00faa sobre el dolor y la hinchaz\u00f3n evitando los efectos secundarios de los f\u00e1rmacos, favoreciendo en cambio los procesos regenerativos:<br \/>\n\u2022 Efecto analg\u00e9sico;<br \/>\n\u2022 Efecto antiinflamatorio;<br \/>\n\u2022 Aumento de la microcirculaci\u00f3n en los cart\u00edlagos;<br \/>\n\u2022 Aceleraci\u00f3n del proceso de absorci\u00f3n del \u00e1cido l\u00e1ctico;<br \/>\n\u2022 Aceleraci\u00f3n del proceso de eliminaci\u00f3n de toxinas;<br \/>\n\u2022 Aceleraci\u00f3n del proceso de osteog\u00e9nesis;<br \/>\n\u2022 Aceleraci\u00f3n de los procesos celulares.<\/p>\n<p>EFECTOS MAGNETOTERAP\u00c9UTICOS GENERALES:<br \/>\n&#8211; Aumento de la Circulaci\u00f3n Sangu\u00ednea \u203a Aumento de la Oxigenaci\u00f3n \u203a Reducci\u00f3n de la Acidosis Celular \u203a Restauraci\u00f3n del pH \u203a Remineralizaci\u00f3n de los Huesos;<br \/>\n&#8211; Restauraci\u00f3n del pH \u203a Reducci\u00f3n de los Procesos Inflamatorios + Reequilibrio de la Flora Bacteriana Intestinal + Fortalecimiento del Sistema Inmunol\u00f3gico;<br \/>\n&#8211; Disminuci\u00f3n de la Presi\u00f3n Arterial \u203a Efecto Calmante.<\/p>\n<p>PATOLOG\u00cdAS TRATADAS:<br \/>\n\u2022 Lesiones de M\u00fasculos, Tendones, Cart\u00edlagos;<br \/>\n\u2022 Inflamaciones de Ligamentos;<br \/>\n\u2022 Fracturas de Huesos;<br \/>\n\u2022 Osteoporosis.<\/p>\n","protected":false},"excerpt":{"rendered":"<p>Manta Magneto-Cer\u00e1mica para caballos<\/p>\n","protected":false},"featured_media":13833,"comment_status":"open","ping_status":"closed","template":"","meta":[],"product_brand":[],"product_cat":[3644,3752,3548,3544],"product_tag":[],"class_list":{"0":"post-23292","1":"product","2":"type-product","3":"status-publish","4":"has-post-thumbnail","6":"product_cat-caballo","7":"product_cat-linea-de-bienestar","8":"product_cat-mas-vendidos","9":"product_cat-nuevo","10":"pa_codice-intrastat-42010000-es","11":"pa_disciplina-utilizzo-estable","12":"pa_disciplina-utilizzo-viajes","13":"pa_lunghezza-garrese-coda-da-130-a-144-cm-es","14":"pa_lunghezza-garrese-coda-da-145-a-159-cm-es","15":"pa_lunghezza-garrese-coda-da-160-a-174-cm-es","17":"first","18":"instock","19":"taxable","20":"shipping-taxable","21":"purchasable","22":"product-type-variable"},"_links":{"self":[{"href":"https:\/\/riding.zandona.net\/es\/wp-json\/wp\/v2\/product\/23292","targetHints":{"allow":["GET"]}}],"collection":[{"href":"https:\/\/riding.zandona.net\/es\/wp-json\/wp\/v2\/product"}],"about":[{"href":"https:\/\/riding.zandona.net\/es\/wp-json\/wp\/v2\/types\/product"}],"replies":[{"embeddable":true,"href":"https:\/\/riding.zandona.net\/es\/wp-json\/wp\/v2\/comments?post=23292"}],"wp:featuredmedia":[{"embeddable":true,"href":"https:\/\/riding.zandona.net\/es\/wp-json\/wp\/v2\/media\/13833"}],"wp:attachment":[{"href":"https:\/\/riding.zandona.net\/es\/wp-json\/wp\/v2\/media?parent=23292"}],"wp:term":[{"taxonomy":"product_brand","embeddable":true,"href":"https:\/\/riding.zandona.net\/es\/wp-json\/wp\/v2\/product_brand?post=23292"},{"taxonomy":"product_cat","embeddable":true,"href":"https:\/\/riding.zandona.net\/es\/wp-json\/wp\/v2\/product_cat?post=23292"},{"taxonomy":"product_tag","embeddable":true,"href":"https:\/\/riding.zandona.net\/es\/wp-json\/wp\/v2\/product_tag?post=23292"}],"curies":[{"name":"wp","href":"https:\/\/api.w.org\/{rel}","templated":true}]}}