{"id":23296,"date":"2024-11-06T17:10:03","date_gmt":"2024-11-06T16:10:03","guid":{"rendered":"https:\/\/riding.zandona.net\/shop\/sin%20categor\u00eda\/thermoboot\/"},"modified":"2026-03-17T17:33:52","modified_gmt":"2026-03-17T16:33:52","slug":"thermoboot","status":"publish","type":"product","link":"https:\/\/riding.zandona.net\/es\/shop\/caballo\/linea-de-bienestar\/thermoboot\/","title":{"rendered":"THERMOBOOT"},"content":{"rendered":"<p>THERMOBOOT es un protector especial de descanso perteneciente a la Therapeutic Line Zandon\u00e0 y est\u00e1 desarrollado espec\u00edficamente para la aplicaci\u00f3n de terapias de fr\u00edo\/calor directamente en los tendones y articulaciones del caballo.<br \/>\nFabricado en neopreno con un forro t\u00e9rmico de aluminio para un mayor aislamiento y un efecto fr\u00edo\/calor prolongado, este protector incluye un acolchado en malla 3D, para una \u00f3ptima transferencia de fr\u00edo\/calor y para proteger la piel del caballo de las quemaduras.<br \/>\nLa forma \u00fanica del THERMOBOOT se ha desarrollado para garantizar la estabilidad y la comodidad durante su uso, favoreciendo un contacto \u00f3ptimo con los tendones y las articulaciones.<br \/>\nEl excelente sistema de fijaci\u00f3n asegura un ajuste perfecto en la pata y est\u00e1 equipado con una leng\u00fceta \u00abeasy-pull\u00bb para una extracci\u00f3n segura y r\u00e1pida del producto.<br \/>\nEl uso regular del THERMOBOOT durante periodos cortos (20-30 minutos) despu\u00e9s de un ejercicio intenso puede ayudar a prevenir lesiones menores o traumas en ligamentos, tendones y articulaciones, as\u00ed como a reducir la hinchaz\u00f3n, el recalentamiento y el dolor localizado.<\/p>\n<p>THERMOBOOT puede utilizarse tanto en las patas delanteras como en las traseras.<br \/>\nContiene dos compresas de gel (uno para cada protector)<br \/>\nTallas disponibles del protector: S\/M &#8211; L\/XL.<\/p>\n<p>TERAPIA DE FR\u00cdO<br \/>\nLa terapia de fr\u00edo puede utilizarse como tratamiento diario para su caballo.<br \/>\nDurante un esfuerzo intenso, se crean microtraumatismos en los capilares, los tendones y los ligamentos. La hiperemia resultante puede persistir y facilitar los efectos inflamatorios.<br \/>\nLa terapia de fr\u00edo permite la vasoconstricci\u00f3n, reduce la actividad de las enzimas proteol\u00edticas, disminuye la influencia de los procesos inflamatorios y las toxinas y proporciona un alivio del dolor para recuperar las condiciones circulatorias tras el esfuerzo. Cuanto antes se pueda reducir la temperatura del tend\u00f3n despu\u00e9s del ejercicio, mejor ser\u00e1 el resultado.<br \/>\nTHERMOBOOT tambi\u00e9n puede ayudar a tratar contusiones, esguinces, lesiones, distensiones y da\u00f1os en tendones y articulaciones.<br \/>\nEn el caso de lesiones graves en las que se ha producido una hiperextensi\u00f3n del menudillo, se requiere una terapia con hielo y se puede utilizar THERMOBOOT durante sesiones de 20-30 minutos cuatro o m\u00e1s veces al d\u00eda. El uso continuado de la terapia de fr\u00edo junto con un programa de ejercicio controlado es esencial para la recuperaci\u00f3n y para acelerar el proceso de rehabilitaci\u00f3n.<\/p>\n<p>El tratamiento desde la fase inicial de las lesiones es crucial: cuanto antes se aplique, mejor es.<\/p>\n<p>NOTA: SE RECOMIENDA UTILIZAR LA TERAPIA DE FR\u00cdO BAJO EL CONSEJO DE SU VETERINARIO<br \/>\nSI LOS S\u00cdNTOMAS GRAVES PERSISTEN, CONSULTE INMEDIATAMENTE A SU VETERINARIO.<\/p>\n<p>TERAPIA DE CALOR<br \/>\nLa terapia de calor es ideal para promover el flujo sangu\u00edneo a una zona espec\u00edfica del cuerpo, eliminar la inflamaci\u00f3n residual, promover la afluencia de nutrientes y, en consecuencia, la curaci\u00f3n.<br \/>\nEl calor tambi\u00e9n puede ser \u00fatil antes del ejercicio y para los caballos que sufren de artritis. La aplicaci\u00f3n de calor puede aumentar la elasticidad de los tejidos blandos, la flexibilidad y la movilidad muscular durante el ejercicio. El calor tambi\u00e9n act\u00faa como analg\u00e9sico temporal, reduciendo el dolor.<br \/>\nEl calor debe introducirse gradualmente en el r\u00e9gimen de recuperaci\u00f3n del caballo tras la lesi\u00f3n para evitar que un exceso de calor, demasiado pronto, provoque hemorragias.<br \/>\nEn caso de episodios de hinchaz\u00f3n, aplique calor solo cuando no haya aumentado la hinchaz\u00f3n durante al menos 24 horas.<br \/>\nAlternar la terapia de calor y la de fr\u00edo, aumentando gradualmente el tiempo de uso del calor y disminuyendo el tiempo de uso del fr\u00edo en cada sesi\u00f3n, le permitir\u00e1 llegar a utilizar solo la terapia de calor al m\u00e1ximo.<\/p>\n<p>AVISO IMPORTANTE:<br \/>\nEs importante adoptar un enfoque progresivo para acostumbrar a su caballo a la terapia de fr\u00edo\/calor con el fin de lograr todos los beneficios del tratamiento.<br \/>\nLas lesiones de los tendones pueden beneficiarse del fr\u00edo en las primeras etapas (24-48 horas despu\u00e9s de la lesi\u00f3n) para reducir la inflamaci\u00f3n. Despu\u00e9s de 48 horas, se puede utilizar la terapia de calor para aumentar el flujo sangu\u00edneo a la zona tratada para ayudar al proceso de curaci\u00f3n.<br \/>\nSi se sospecha que hay una lesi\u00f3n en el tend\u00f3n, se recomienda hablar con el veterinario antes de aplicar la terapia de fr\u00edo\/calor a cualquier lesi\u00f3n.<\/p>\n<p>INSTRUCCIONES DE USO:<br \/>\nAPLICACI\u00d3N DE FR\u00cdO<br \/>\nEl objetivo de la terapia de fr\u00edo es romper el ciclo de la respuesta inflamatoria antes de que cause da\u00f1os celulares. El tratamiento con fr\u00edo reduce significativamente la cantidad de tejido perdido debido a las lesiones secundarias.<br \/>\n1. Guarde las compresas de gel en el congelador para que est\u00e9n siempre listas para su uso. Congele dichas compresas durante al menos 2-3 horas antes de utilizarlas.<br \/>\n2. Introduzca las compresas en los bolsillos de los THERMOBOOT. No aplique directamente sobre la piel.<br \/>\n3. Deje los THERMOBOOT en la pata del caballo durante un m\u00e1ximo de 20-30 minutos por sesi\u00f3n. Presione firmemente para asegurar la correcta aplicaci\u00f3n. Compruebe que las correas de sujeci\u00f3n est\u00e1n bien sujetas, sin apretarlas demasiado.<br \/>\n4. Retire los THERMOBOOT durante 20 minutos y repita la aplicaci\u00f3n de fr\u00edo cada hora u hora y media seg\u00fan sea necesario. Consulte a su veterinario para un uso m\u00e1s extenso.<\/p>\n<p>APLICACI\u00d3N DE CALOR<br \/>\nEl prop\u00f3sito de la terapia de calor es dilatar los vasos sangu\u00edneos, aumentando el flujo de sangre a la zona donde se aplica el calor. De este modo, se produce una mayor afluencia de nutrientes y ox\u00edgeno a la zona afectada y se favorece la curaci\u00f3n. Este tratamiento puede ayudar a relajar los m\u00fasculos y puede aumentar la elasticidad de los tejidos conectivos en la zona tratada para mejorar su rendimiento.<br \/>\n&#8211; Uso con AGUA CALIENTE<br \/>\n1. Hervir unos 4-5 litros de agua.<br \/>\n2. Una vez que hierva el agua, ret\u00edrela de la fuente de calor.<br \/>\n3. Sumerja las compresas de gel en agua hirviendo durante aproximadamente 10 minutos.<br \/>\n4. Saque las compresas del agua y col\u00f3quelas en los bolsillos de los THERMOBOOT. No aplique directamente sobre la piel.<br \/>\n5. Aplicar sobre la zona por tratar en intervalos de 20 minutos. Presione firmemente para asegurar la correcta aplicaci\u00f3n. Compruebe que las correas de sujeci\u00f3n est\u00e1n bien sujetas, sin apretarlas demasiado.<br \/>\n6. No deje al caballo sin vigilancia cuando utilice los THERMOBOOT, supervise siempre su estado.<br \/>\n7. Repita la terapia hasta tres o cuatro veces al d\u00eda. Consulte a su veterinario para un uso m\u00e1s extenso.<\/p>\n<p>&#8211; Uso con MICROONDAS<br \/>\nLos hornos de microondas tienen diferentes potencias, por lo que es necesario encontrar el tiempo de calentamiento correcto que proporciona su aparato. Se recomienda no superar los 650 vatios.<br \/>\n1. Antes de colocar las compresas de gel en el microondas, apl\u00e1stelas y aseg\u00farese de que el gel en su interior est\u00e1 distribuido de manera uniforme.<br \/>\n2. Si las compresas est\u00e1n a temperatura ambiente, ponga el microondas a m\u00e1xima potencia y cali\u00e9ntelas durante 10 segundos, luego d\u00e9jelas reposar durante 1 minuto. Si es necesario calentar m\u00e1s, pruebe otros 10 segundos seguidos con igual tiempo de reposo hasta alcanzar la temperatura deseada.<br \/>\n3. Si las compresas se han guardado en el congelador, ponga el microondas a m\u00e1xima potencia y cali\u00e9ntelas inicialmente durante 15 segundos, luego d\u00e9jelas reposar durante 90 segundos. A continuaci\u00f3n, cali\u00e9ntelas en incrementos de 10 segundos, con igual tiempo de reposo hasta alcanzar la temperatura deseada.<br \/>\n4. Anote el tiempo total empleado como referencia para su uso posterior.<br \/>\n5. Introduzca las compresas en los bolsillos de los THERMOBOOT. No aplique directamente sobre la piel.<br \/>\n6. Aplicar sobre la zona por tratar en intervalos de 20 minutos. Presione firmemente para asegurar la correcta aplicaci\u00f3n. Compruebe que las correas de sujeci\u00f3n est\u00e1n bien sujetas, sin apretarlas demasiado.<br \/>\n7. No deje al caballo sin vigilancia cuando utilice los THERMOBOOT y vig\u00edlelo siempre.<br \/>\n8. Repita la terapia hasta tres o cuatro veces al d\u00eda. Consulte a su veterinario para un uso m\u00e1s extenso.<\/p>\n<p>ADVERTENCIAS:<\/p>\n<p>El calor o el fr\u00edo intensos pueden causar da\u00f1os, molestias y usted puede salir perjudicado si su caballo tiene una reacci\u00f3n negativa.<br \/>\nAdem\u00e1s, la aplicaci\u00f3n de calor y fr\u00edo durante periodos prolongados puede da\u00f1ar la piel y las estructuras subyacentes. Es necesaria una introducci\u00f3n gradual a la terapia para garantizar el menor estr\u00e9s posible. La terapia de fr\u00edo debe aplicarse durante intervalos no superiores a 20 minutos. El movimiento de la fuente de fr\u00edo es esencial: se recomienda mover las compresas de gel fr\u00edas regularmente para asegurarse de que los tejidos subyacentes no se da\u00f1en. No debe dejar a su caballo sin vigilancia durante todo el tiempo de aplicaci\u00f3n del THERMOBOOT.<br \/>\nIncluso con la terapia de calor, se recomienda aplicar las compresas de gel a intervalos no superiores a 20 minutos. Aseg\u00farese de comprobar la temperatura de la fuente de calor en su piel para cerciorarse de que no es demasiado intensa. Tambi\u00e9n hay que mantener al caballo caliente despu\u00e9s de la termoterapia, utilizando mantas para que la temperatura no baje demasiado r\u00e1pido. Nunca deje a su caballo sin vigilancia durante la aplicaci\u00f3n.<br \/>\nSiempre debe consultar a su veterinario antes de llevar a cabo estas terapias de calor, especialmente en el caso de la curaci\u00f3n de heridas.<\/p>\n<p>INSTRUCCIONES DE LAVADO DE LOS THERMOBOOT:<br \/>\n1. Retire las compresas de gel de ambos THERMOBOOT;<br \/>\n2. Aseg\u00farese de cerrar todos los cierres de velcro;<br \/>\n3. Coloque los THERMOBOOT en bolsas especiales para lavadoras para protegerlos durante el lavado;<br \/>\n4. Lavado a m\u00e1quina delicado a 30\u00b0C;<br \/>\n5. Deje secar en un lugar fresco.<\/p>\n<p>INSTRUCCIONES DE LAVADO DE LAS COMPRESAS DE GEL:<br \/>\n1. Retire las compresas de gel de ambos THERMOBOOT;<br \/>\n2. No ponga las compresas de gel en la lavadora.<br \/>\n3. L\u00e1velas solo a mano con jab\u00f3n suave y agua templada.<br \/>\n4. S\u00e9quelas con una toalla y gu\u00e1rdelas en un lugar fresco.<\/p>\n<p>CUIDADO Y MANTENIMIENTO:<br \/>\nPor favor, aseg\u00farese de mantener sus THERMOBOOT limpios evitando la acumulaci\u00f3n de polvo, barro y suciedad.<br \/>\nAlmacenar en un lugar fresco y seco.<br \/>\nNo utilice las compresas de gel si est\u00e1n da\u00f1adas (por ejemplo, si el gel se sale del envoltorio). En caso de da\u00f1os, sustituya las compresas de gel comprometidas por unas nuevas, disponibles en kits de sustituci\u00f3n en https:\/\/riding.zandona.net.<\/p>\n","protected":false},"excerpt":{"rendered":"<p>Botas para caballos para Aplicaci\u00f3n T\u00e9rmica<\/p>\n","protected":false},"featured_media":13838,"comment_status":"open","ping_status":"closed","template":"","meta":[],"product_brand":[],"product_cat":[3644,3752,3548],"product_tag":[],"class_list":{"0":"post-23296","1":"product","2":"type-product","3":"status-publish","4":"has-post-thumbnail","6":"product_cat-caballo","7":"product_cat-linea-de-bienestar","8":"product_cat-mas-vendidos","9":"pa_codice-intrastat-42010000-es","10":"pa_disciplina-utilizzo-estable","11":"pa_disciplina-utilizzo-viajes","12":"pa_giro-nodello-da-26-a-31-cm-es","13":"pa_giro-nodello-da-32-a-37-cm-es","15":"first","16":"instock","17":"taxable","18":"shipping-taxable","19":"purchasable","20":"product-type-variable"},"_links":{"self":[{"href":"https:\/\/riding.zandona.net\/es\/wp-json\/wp\/v2\/product\/23296","targetHints":{"allow":["GET"]}}],"collection":[{"href":"https:\/\/riding.zandona.net\/es\/wp-json\/wp\/v2\/product"}],"about":[{"href":"https:\/\/riding.zandona.net\/es\/wp-json\/wp\/v2\/types\/product"}],"replies":[{"embeddable":true,"href":"https:\/\/riding.zandona.net\/es\/wp-json\/wp\/v2\/comments?post=23296"}],"wp:featuredmedia":[{"embeddable":true,"href":"https:\/\/riding.zandona.net\/es\/wp-json\/wp\/v2\/media\/13838"}],"wp:attachment":[{"href":"https:\/\/riding.zandona.net\/es\/wp-json\/wp\/v2\/media?parent=23296"}],"wp:term":[{"taxonomy":"product_brand","embeddable":true,"href":"https:\/\/riding.zandona.net\/es\/wp-json\/wp\/v2\/product_brand?post=23296"},{"taxonomy":"product_cat","embeddable":true,"href":"https:\/\/riding.zandona.net\/es\/wp-json\/wp\/v2\/product_cat?post=23296"},{"taxonomy":"product_tag","embeddable":true,"href":"https:\/\/riding.zandona.net\/es\/wp-json\/wp\/v2\/product_tag?post=23296"}],"curies":[{"name":"wp","href":"https:\/\/api.w.org\/{rel}","templated":true}]}}