{"id":23299,"date":"2024-11-06T17:10:22","date_gmt":"2024-11-06T16:10:22","guid":{"rendered":"https:\/\/riding.zandona.net\/shop\/sin categor\u00eda\/thermoboot-spare-gel-packs\/"},"modified":"2024-11-07T14:22:35","modified_gmt":"2024-11-07T13:22:35","slug":"thermoboot-spare-gel-packs","status":"publish","type":"product","link":"https:\/\/riding.zandona.net\/es\/shop\/caballo\/accesorios-protecciones-para-caballos\/recambio-protectores-de-transporte-establo-magneticas\/thermoboot-spare-gel-packs\/","title":{"rendered":"THERMOBOOT SPARE GEL-PACKS"},"content":{"rendered":"<p>Repuesto de las compresas frio\/calor GEL PACK del protector terape\u00fatico THERMOBOOT de Zandon\u00e1<\/p>\n<p>Se venden por pares.<\/p>\n<p>INSTRUCCIONES DE LAVADO DE LAS COMPRESAS DE GEL:<\/p>\n<p>Retire las compresas de gel de ambos THERMOBOOT;<br \/>\nNo ponga las compresas de gel en la lavadora.<br \/>\nL\u00e1velas solo a mano con jab\u00f3n suave y agua templada.<br \/>\nS\u00e9quelas con una toalla y gu\u00e1rdelas en un lugar fresco.<\/p>\n<p>No utilice las compresas de gel si est\u00e1n da\u00f1adas (por ejemplo, si el gel se sale del envoltorio). En caso de da\u00f1os, sustituya las compresas de gel comprometidos por otros nuevos.<\/p>\n","protected":false},"excerpt":{"rendered":"<p>Gel-Packs para Thermoboots<\/p>\n","protected":false},"featured_media":13845,"comment_status":"open","ping_status":"closed","template":"","meta":[],"product_brand":[],"product_cat":[3760,3644,3752,3771],"product_tag":[],"class_list":{"0":"post-23299","1":"product","2":"type-product","3":"status-publish","4":"has-post-thumbnail","6":"product_cat-accesorios-protecciones-para-caballos","7":"product_cat-caballo","8":"product_cat-linea-de-bienestar","9":"product_cat-recambio-protectores-de-transporte-establo-magneticas","10":"pa_codice-intrastat-42010000-es","11":"pa_disciplina-utilizzo-estable","12":"pa_disciplina-utilizzo-viajes","13":"pa_giro-nodello-da-26-a-37-cm-es","15":"first","16":"instock","17":"taxable","18":"shipping-taxable","19":"purchasable","20":"product-type-simple"},"_links":{"self":[{"href":"https:\/\/riding.zandona.net\/es\/wp-json\/wp\/v2\/product\/23299","targetHints":{"allow":["GET"]}}],"collection":[{"href":"https:\/\/riding.zandona.net\/es\/wp-json\/wp\/v2\/product"}],"about":[{"href":"https:\/\/riding.zandona.net\/es\/wp-json\/wp\/v2\/types\/product"}],"replies":[{"embeddable":true,"href":"https:\/\/riding.zandona.net\/es\/wp-json\/wp\/v2\/comments?post=23299"}],"wp:featuredmedia":[{"embeddable":true,"href":"https:\/\/riding.zandona.net\/es\/wp-json\/wp\/v2\/media\/13845"}],"wp:attachment":[{"href":"https:\/\/riding.zandona.net\/es\/wp-json\/wp\/v2\/media?parent=23299"}],"wp:term":[{"taxonomy":"product_brand","embeddable":true,"href":"https:\/\/riding.zandona.net\/es\/wp-json\/wp\/v2\/product_brand?post=23299"},{"taxonomy":"product_cat","embeddable":true,"href":"https:\/\/riding.zandona.net\/es\/wp-json\/wp\/v2\/product_cat?post=23299"},{"taxonomy":"product_tag","embeddable":true,"href":"https:\/\/riding.zandona.net\/es\/wp-json\/wp\/v2\/product_tag?post=23299"}],"curies":[{"name":"wp","href":"https:\/\/api.w.org\/{rel}","templated":true}]}}