{"id":23319,"date":"2024-11-06T17:10:39","date_gmt":"2024-11-06T16:10:39","guid":{"rendered":"https:\/\/riding.zandona.net\/shop\/sin categor\u00eda\/turnout-boot-2-0-rear-short\/"},"modified":"2024-11-07T15:32:48","modified_gmt":"2024-11-07T14:32:48","slug":"turnout-boot-2-0-rear-short","status":"publish","type":"product","link":"https:\/\/riding.zandona.net\/es\/shop\/caballo\/protectores-de-caballo\/trabajo-en-plano-paddock\/turnout-boot-2-0-rear-short\/","title":{"rendered":"TURNOUT BOOT 2.0 Rear Short"},"content":{"rendered":"<p>TURNOUT BOOT AIR 2.0 REAR SHORT son protectores de menudillos cortas innovadores, ligeros, c\u00f3modos y vers\u00e1tiles, fabricados 100% en Italia, dise\u00f1ados para proteger al caballo de los golpes y las rozaduras durante el uso diario, el trabajo en llano, el paseo, el paddock y mucho m\u00e1s. El forro interior de piel sint\u00e9tica es f\u00e1cil de limpiar y requiere poco mantenimiento. Los protectores totalmente perforados ofrecen una excelente transpiraci\u00f3n y no absorben el agua gracias a los materiales de c\u00e9lula cerrada.<\/p>\n<p>CARACTER\u00cdSTICAS PRINCIPALES:<br \/>\n&#8211; Forro interior de piel sint\u00e9tica f\u00e1cil de limpiar;<br \/>\n&#8211; Acolchado Gel-Tech para la absorci\u00f3n de impactos;<br \/>\n&#8211; Resistentes al agua;<br \/>\n&#8211; Transpirable;<br \/>\n&#8211; Producto 100% italiano.<\/p>\n<p>Instrucciones de lavado y cuidado:<br \/>\n&#8211; Elimine el pelo y la suciedad de forma suave y cuidadosa con un cepillo no agresivo.<br \/>\n&#8211; Aseg\u00farese de que todas las correas de strap est\u00e9n completamente cerradas.<br \/>\n&#8211; Lave a m\u00e1quina a 30\u00b0C con un detergente suave.<br \/>\n&#8211; Recomendamos lavar el producto dentro de las \u00abbolsas\u00bb tradicionales de la lavadora.<br \/>\n&#8211; Deje secar al natural, lejos de fuentes de calor directas.<\/p>\n","protected":false},"excerpt":{"rendered":"<p>Protecci\u00f3n de la pata trasera<\/p>\n","protected":false},"featured_media":13876,"comment_status":"open","ping_status":"open","template":"","meta":[],"product_brand":[],"product_cat":[3644,3648,3740],"product_tag":[],"class_list":{"0":"post-23319","1":"product","2":"type-product","3":"status-publish","4":"has-post-thumbnail","6":"product_cat-caballo","7":"product_cat-protectores-de-caballo","8":"product_cat-trabajo-en-plano-paddock","9":"pa_codice-intrastat-42010000-es","10":"pa_disciplina-utilizzo-doma","11":"pa_disciplina-utilizzo-paddock-es","12":"pa_disciplina-utilizzo-trabajo-plan","13":"pa_disciplina-utilizzo-trekking-es","14":"pa_disciplina-utilizzo-trot-es","15":"pa_giro-nodello-da-28-a-30-cm-es","16":"pa_giro-nodello-da-31-a-32-cm-es","17":"pa_giro-nodello-da-33-a-34-cm-es","18":"pa_giro-nodello-da-35-a-37-cm-es","20":"first","21":"instock","22":"taxable","23":"shipping-taxable","24":"purchasable","25":"product-type-variable"},"_links":{"self":[{"href":"https:\/\/riding.zandona.net\/es\/wp-json\/wp\/v2\/product\/23319","targetHints":{"allow":["GET"]}}],"collection":[{"href":"https:\/\/riding.zandona.net\/es\/wp-json\/wp\/v2\/product"}],"about":[{"href":"https:\/\/riding.zandona.net\/es\/wp-json\/wp\/v2\/types\/product"}],"replies":[{"embeddable":true,"href":"https:\/\/riding.zandona.net\/es\/wp-json\/wp\/v2\/comments?post=23319"}],"wp:featuredmedia":[{"embeddable":true,"href":"https:\/\/riding.zandona.net\/es\/wp-json\/wp\/v2\/media\/13876"}],"wp:attachment":[{"href":"https:\/\/riding.zandona.net\/es\/wp-json\/wp\/v2\/media?parent=23319"}],"wp:term":[{"taxonomy":"product_brand","embeddable":true,"href":"https:\/\/riding.zandona.net\/es\/wp-json\/wp\/v2\/product_brand?post=23319"},{"taxonomy":"product_cat","embeddable":true,"href":"https:\/\/riding.zandona.net\/es\/wp-json\/wp\/v2\/product_cat?post=23319"},{"taxonomy":"product_tag","embeddable":true,"href":"https:\/\/riding.zandona.net\/es\/wp-json\/wp\/v2\/product_tag?post=23319"}],"curies":[{"name":"wp","href":"https:\/\/api.w.org\/{rel}","templated":true}]}}