{"id":23328,"date":"2024-11-06T17:10:52","date_gmt":"2024-11-06T16:10:52","guid":{"rendered":"https:\/\/riding.zandona.net\/shop\/sin categor\u00eda\/superior-chafe-guard-evo\/"},"modified":"2026-01-08T01:23:50","modified_gmt":"2026-01-08T00:23:50","slug":"superior-chafe-guard-evo","status":"publish","type":"product","link":"https:\/\/riding.zandona.net\/es\/shop\/caballo\/banda-anti-contusiones-equinas\/superior-chafe-guard-evo\/","title":{"rendered":"SUPERIOR CHAFE GUARD EVO"},"content":{"rendered":"<p>CARACTER\u00cdSTICAS PRINCIPALES:<br \/>\n&#8211; El\u00e1stico de alta calidad de gran transpirabilidad;<br \/>\n&#8211; L\u00edneas especiales de ventilaci\u00f3n;<br \/>\n&#8211; Tejido de refuerzo;<br \/>\n&#8211; Sistema de fijaci\u00f3n de la silla de montar;<br \/>\n&#8211; Cierre por correas el\u00e1sticas;<br \/>\n&#8211; Posibilidad de conexi\u00f3n a la cincha;<br \/>\n&#8211; Producto 100% italiano.<\/p>\n<p>Uno de los problemas m\u00e1s comunes con los que tienen que lidiar los caballos son las llamadas \u00abcontusiones equinas\u00bb. Suelen formarse en la zona m\u00e1s delicada del pecho, que suele ser rozada por las piernas y las espuelas del jinete.<\/p>\n<p>SUPERIOR CHAFE GUARD EVO es una banda el\u00e1stica que protege contra la abrasi\u00f3n de la piel, evitando as\u00ed que la zona sensible sometida al roce se estrese y debilite a\u00fan m\u00e1s.<br \/>\nFabricada con un EL\u00c1STICO DE ALTA CALIDAD Y TRANSPIRABLE con LINEAS ESPECIALES DE VENTILACI\u00d3N, permite que la piel del caballo respire para que la zona que ya est\u00e1 afectada por \u00abcontusiones\u00bb pueda regenerarse y curarse en condiciones \u00f3ptimas.<br \/>\nTambi\u00e9n se ha colocado un TEJIDO DE REFUERZO en el pie del jinete para aumentar la durabilidad de la banda y reducir el desgaste debido al uso.<\/p>\n<p>SUPERIOR CHAFE GUARD EVO est\u00e1 equipado con un gancho para el sill\u00edn y un sistema de cierre de strap.<br \/>\nLos cuatro bucles (dos a cada lado) permiten la conexi\u00f3n a cualquier tipo de cincha para garantizar la estabilidad.<\/p>\n<p>SUPERIOR CHAFE GUARD EVO est\u00e1 disponible en negro o marr\u00f3n en las siguientes tallas:<\/p>\n<p>S: 185 cm (per\u00edmetro tor\u00e1cico 180\/199 &#8211; medida de cincha 110-120 cm)<br \/>\nM: 205 cm (per\u00edmetro tor\u00e1cico 200\/219 cm &#8211; medida de cincha 125-135 cm)<br \/>\nL\/XL: 215 cm (per\u00edmetro tor\u00e1cico 220\/249 cm &#8211; medida de cincha 140-150 cm)<\/p>\n<p>Ancho: 26 cm<\/p>\n<p>Descargo de responsabilidad: SUPERIOR CHAFE GUARD EVO es un producto sujeto a desgaste por su naturaleza y, especialmente si se usan espuelas (lo cual desaconsejamos encarecidamente), puede tener un ciclo de vida corto.<br \/>\nZandon\u00e0 se reserva el derecho de no aceptar ninguna reclamaci\u00f3n en caso de uso inadecuado del producto (espuelas, etc.), desgaste prematuro o en caso de da\u00f1os en el mismo no atribuibles directamente a defectos de fabricaci\u00f3n.<\/p>\n","protected":false},"excerpt":{"rendered":"<p>Banda Anti-Contusiones<\/p>\n","protected":false},"featured_media":28894,"comment_status":"open","ping_status":"closed","template":"","meta":[],"product_brand":[],"product_cat":[3756,3644,3548],"product_tag":[],"class_list":{"0":"post-23328","1":"product","2":"type-product","3":"status-publish","4":"has-post-thumbnail","6":"product_cat-banda-anti-contusiones-equinas","7":"product_cat-caballo","8":"product_cat-mas-vendidos","9":"pa_circonferenza-torace-da-170-a-189-cm-es","10":"pa_circonferenza-torace-da-190-a-219-cm-es","11":"pa_circonferenza-torace-da-220-a-249-cm-es","12":"pa_codice-intrastat-42010000-es","13":"pa_disciplina-utilizzo-cross-country-es","14":"pa_disciplina-utilizzo-doma","15":"pa_disciplina-utilizzo-salto-de-obstaculos","17":"first","18":"instock","19":"taxable","20":"shipping-taxable","21":"purchasable","22":"product-type-variable"},"_links":{"self":[{"href":"https:\/\/riding.zandona.net\/es\/wp-json\/wp\/v2\/product\/23328","targetHints":{"allow":["GET"]}}],"collection":[{"href":"https:\/\/riding.zandona.net\/es\/wp-json\/wp\/v2\/product"}],"about":[{"href":"https:\/\/riding.zandona.net\/es\/wp-json\/wp\/v2\/types\/product"}],"replies":[{"embeddable":true,"href":"https:\/\/riding.zandona.net\/es\/wp-json\/wp\/v2\/comments?post=23328"}],"wp:featuredmedia":[{"embeddable":true,"href":"https:\/\/riding.zandona.net\/es\/wp-json\/wp\/v2\/media\/28894"}],"wp:attachment":[{"href":"https:\/\/riding.zandona.net\/es\/wp-json\/wp\/v2\/media?parent=23328"}],"wp:term":[{"taxonomy":"product_brand","embeddable":true,"href":"https:\/\/riding.zandona.net\/es\/wp-json\/wp\/v2\/product_brand?post=23328"},{"taxonomy":"product_cat","embeddable":true,"href":"https:\/\/riding.zandona.net\/es\/wp-json\/wp\/v2\/product_cat?post=23328"},{"taxonomy":"product_tag","embeddable":true,"href":"https:\/\/riding.zandona.net\/es\/wp-json\/wp\/v2\/product_tag?post=23328"}],"curies":[{"name":"wp","href":"https:\/\/api.w.org\/{rel}","templated":true}]}}