{"id":23335,"date":"2024-11-06T17:11:04","date_gmt":"2024-11-06T16:11:04","guid":{"rendered":"https:\/\/riding.zandona.net\/shop\/sin categor\u00eda\/basic-chafe-guard\/"},"modified":"2024-11-07T14:23:44","modified_gmt":"2024-11-07T13:23:44","slug":"basic-chafe-guard","status":"publish","type":"product","link":"https:\/\/riding.zandona.net\/es\/shop\/caballo\/banda-anti-contusiones-equinas\/basic-chafe-guard\/","title":{"rendered":"BASIC CHAFE GUARD"},"content":{"rendered":"<p>BASIC CHAFE GUARD es una banda el\u00e1stica esencial que ayuda a proteger contra las \u00abcontusiones equinas\u00bb y, por tanto, evita que la zona sensible sometida a ellas se estrese y debilite a\u00fan m\u00e1s.<\/p>\n<p>Fabricado con material altamente el\u00e1stico, permite una mayor sensibilidad* en el contacto con el caballo y garantiza que la zona que puede estar sometida a abrasi\u00f3n pueda regenerarse y curarse en condiciones \u00f3ptimas.<\/p>\n<p>La estructura es sencilla y m\u00ednima, pero permite un uso eficaz para la protecci\u00f3n del caballo.<\/p>\n<p>En funci\u00f3n de un uso m\u00e1s o menos intensivo y de la utilizaci\u00f3n de posibles espuelas, el producto puede tener una vida \u00fatil limitada*.<\/p>\n<p>BASIC CHAFE GUARD est\u00e1 equipado con un sistema de cierre de strap.<br \/>\nLos cuatro bucles (dos a cada lado) permiten la conexi\u00f3n a cualquier tipo de cincha para garantizar la estabilidad.<\/p>\n<p>BASIC CHAFE GUARD est\u00e1 disponible en negro en las siguientes tallas:<br \/>\nS: 170 cm (per\u00edmetro tor\u00e1cico 180\/199 &#8211; medida de cincha 110-120 cm)<br \/>\nM: 185 cm (per\u00edmetro tor\u00e1cico 200\/219 cm &#8211; medida de cincha 125-135 cm)<br \/>\nL\/XL: 200 cm (per\u00edmetro tor\u00e1cico 220\/249 cm &#8211; medida de cincha 140-150 cm)<\/p>\n<p>*comparado con SUPERIOR CHAFE GUARD EVO.<\/p>\n<p>CARACTER\u00cdSTICAS PRINCIPALES:<br \/>\n&#8211; Sensibilidad m\u00e1xima;<br \/>\n&#8211; Gran elasticidad;<br \/>\n&#8211; Cierre de strap;<br \/>\n&#8211; Conexi\u00f3n con la cincha;<br \/>\n&#8211;  Producto 100% italiano.<\/p>\n<p>Descargo de responsabilidad: BASIC CHAFE GUARD es un producto sujeto a desgaste por su naturaleza y, especialmente si se usan espuelas (lo cual desaconsejamos encarecidamente), puede tener un ciclo de vida corto.<br \/>\nZandon\u00e0 se reserva el derecho de no aceptar ninguna reclamaci\u00f3n en caso de uso inadecuado del producto (espuelas, etc.), desgaste prematuro o en caso de da\u00f1os en el mismo no atribuibles directamente a defectos de fabricaci\u00f3n.<\/p>\n","protected":false},"excerpt":{"rendered":"<p>Banda Anti-Contusiones<\/p>\n","protected":false},"featured_media":28904,"comment_status":"open","ping_status":"open","template":"","meta":[],"product_brand":[],"product_cat":[3756,3644,3552],"product_tag":[],"class_list":{"0":"post-23335","1":"product","2":"type-product","3":"status-publish","4":"has-post-thumbnail","6":"product_cat-banda-anti-contusiones-equinas","7":"product_cat-caballo","8":"product_cat-recomendados","9":"pa_circonferenza-torace-da-170-a-189-cm-es","10":"pa_circonferenza-torace-da-190-a-219-cm-es","11":"pa_circonferenza-torace-da-220-a-249-cm-es","12":"pa_codice-intrastat-42010000-es","13":"pa_disciplina-utilizzo-cross-country-es","14":"pa_disciplina-utilizzo-doma","15":"pa_disciplina-utilizzo-salto-de-obstaculos","17":"first","18":"instock","19":"taxable","20":"shipping-taxable","21":"purchasable","22":"product-type-variable"},"_links":{"self":[{"href":"https:\/\/riding.zandona.net\/es\/wp-json\/wp\/v2\/product\/23335","targetHints":{"allow":["GET"]}}],"collection":[{"href":"https:\/\/riding.zandona.net\/es\/wp-json\/wp\/v2\/product"}],"about":[{"href":"https:\/\/riding.zandona.net\/es\/wp-json\/wp\/v2\/types\/product"}],"replies":[{"embeddable":true,"href":"https:\/\/riding.zandona.net\/es\/wp-json\/wp\/v2\/comments?post=23335"}],"wp:featuredmedia":[{"embeddable":true,"href":"https:\/\/riding.zandona.net\/es\/wp-json\/wp\/v2\/media\/28904"}],"wp:attachment":[{"href":"https:\/\/riding.zandona.net\/es\/wp-json\/wp\/v2\/media?parent=23335"}],"wp:term":[{"taxonomy":"product_brand","embeddable":true,"href":"https:\/\/riding.zandona.net\/es\/wp-json\/wp\/v2\/product_brand?post=23335"},{"taxonomy":"product_cat","embeddable":true,"href":"https:\/\/riding.zandona.net\/es\/wp-json\/wp\/v2\/product_cat?post=23335"},{"taxonomy":"product_tag","embeddable":true,"href":"https:\/\/riding.zandona.net\/es\/wp-json\/wp\/v2\/product_tag?post=23335"}],"curies":[{"name":"wp","href":"https:\/\/api.w.org\/{rel}","templated":true}]}}