{"id":23343,"date":"2024-11-06T17:11:04","date_gmt":"2024-11-06T16:11:04","guid":{"rendered":"https:\/\/riding.zandona.net\/shop\/sin categor\u00eda\/merino-stable-leg-wraps-2pcs\/"},"modified":"2024-11-07T14:23:53","modified_gmt":"2024-11-07T13:23:53","slug":"merino-stable-leg-wraps-2pcs","status":"publish","type":"product","link":"https:\/\/riding.zandona.net\/es\/shop\/caballo\/protectores-de-caballo\/establo-box-descanso\/merino-stable-leg-wraps-2pcs\/","title":{"rendered":"MERINO STABLE LEG WRAPS (2pcs)"},"content":{"rendered":"<p>Las vendas MERINO LEG WRAPS son vendajes especiales de aut\u00e9ntica lana merino de alta calidad \u201cNo Skin, No Problem\u201d, obtenida mediante esquila. La lana merino, termorreguladora natural, es perfecta para las 4 estaciones y, gracias a sus propiedades hipoalerg\u00e9nicas, es ideal para ayudar a los caballos sensibles con problemas de piel.<br \/>\nEstas vendas pueden ser muy \u00fatiles tambi\u00e9n en caso de piernas hinchadas o para usarlas despu\u00e9s del entrenamiento para ayudar a la recuperaci\u00f3n\/recuperaci\u00f3n\/descanso en el establo.<br \/>\n100% Made in Italy, 2 piezas de 45&#215;50 cm cada una.<\/p>\n","protected":false},"excerpt":{"rendered":"<p>Bandas<\/p>\n","protected":false},"featured_media":13913,"comment_status":"open","ping_status":"open","template":"","meta":[],"product_brand":[],"product_cat":[3644,3719,3648],"product_tag":[],"class_list":{"0":"post-23343","1":"product","2":"type-product","3":"status-publish","4":"has-post-thumbnail","6":"product_cat-caballo","7":"product_cat-establo-box-descanso","8":"product_cat-protectores-de-caballo","9":"pa_codice-intrastat-42010000-es","10":"pa_disciplina-utilizzo-estable","11":"pa_disciplina-utilizzo-viajes","12":"pa_giro-nodello-da-24-a-37-cm-es","14":"first","15":"instock","16":"taxable","17":"shipping-taxable","18":"purchasable","19":"product-type-simple"},"_links":{"self":[{"href":"https:\/\/riding.zandona.net\/es\/wp-json\/wp\/v2\/product\/23343","targetHints":{"allow":["GET"]}}],"collection":[{"href":"https:\/\/riding.zandona.net\/es\/wp-json\/wp\/v2\/product"}],"about":[{"href":"https:\/\/riding.zandona.net\/es\/wp-json\/wp\/v2\/types\/product"}],"replies":[{"embeddable":true,"href":"https:\/\/riding.zandona.net\/es\/wp-json\/wp\/v2\/comments?post=23343"}],"wp:featuredmedia":[{"embeddable":true,"href":"https:\/\/riding.zandona.net\/es\/wp-json\/wp\/v2\/media\/13913"}],"wp:attachment":[{"href":"https:\/\/riding.zandona.net\/es\/wp-json\/wp\/v2\/media?parent=23343"}],"wp:term":[{"taxonomy":"product_brand","embeddable":true,"href":"https:\/\/riding.zandona.net\/es\/wp-json\/wp\/v2\/product_brand?post=23343"},{"taxonomy":"product_cat","embeddable":true,"href":"https:\/\/riding.zandona.net\/es\/wp-json\/wp\/v2\/product_cat?post=23343"},{"taxonomy":"product_tag","embeddable":true,"href":"https:\/\/riding.zandona.net\/es\/wp-json\/wp\/v2\/product_tag?post=23343"}],"curies":[{"name":"wp","href":"https:\/\/api.w.org\/{rel}","templated":true}]}}