{"id":23347,"date":"2024-11-06T17:11:04","date_gmt":"2024-11-06T16:11:04","guid":{"rendered":"https:\/\/riding.zandona.net\/shop\/sin categor\u00eda\/techno-fur-stable-leg-wraps-2pcs\/"},"modified":"2024-11-07T14:23:59","modified_gmt":"2024-11-07T13:23:59","slug":"techno-fur-stable-leg-wraps-2pcs","status":"publish","type":"product","link":"https:\/\/riding.zandona.net\/es\/shop\/caballo\/protectores-de-caballo\/establo-box-descanso\/techno-fur-stable-leg-wraps-2pcs\/","title":{"rendered":"TECHNO-FUR STABLE LEG WRAPS (2pcs)"},"content":{"rendered":"<p>Las vendas para piernas TECHNO-FUR son unas pr\u00e1cticas almohadillas de piel sint\u00e9tica de alta calidad (Techno-Fur).<\/p>\n<p>100 % libres de crueldad animal y aptas para veganos, pueden ser muy \u00fatiles tambi\u00e9n en caso de piernas hinchadas o para usarlas despu\u00e9s del entrenamiento para ayudar a la recuperaci\u00f3n\/recuperaci\u00f3n\/descanso en el establo.<\/p>\n<p>100 % fabricadas en Italia, 2 unidades de 45 x 50 cm cada una.<\/p>\n","protected":false},"excerpt":{"rendered":"<p>Bandas<\/p>\n","protected":false},"featured_media":13920,"comment_status":"open","ping_status":"open","template":"","meta":[],"product_brand":[],"product_cat":[3644,3719,3648],"product_tag":[],"class_list":{"0":"post-23347","1":"product","2":"type-product","3":"status-publish","4":"has-post-thumbnail","6":"product_cat-caballo","7":"product_cat-establo-box-descanso","8":"product_cat-protectores-de-caballo","9":"pa_codice-intrastat-42010000-es","10":"pa_disciplina-utilizzo-estable","11":"pa_disciplina-utilizzo-viajes","12":"pa_giro-nodello-da-24-a-37-cm-es","14":"first","15":"instock","16":"taxable","17":"shipping-taxable","18":"purchasable","19":"product-type-simple"},"_links":{"self":[{"href":"https:\/\/riding.zandona.net\/es\/wp-json\/wp\/v2\/product\/23347","targetHints":{"allow":["GET"]}}],"collection":[{"href":"https:\/\/riding.zandona.net\/es\/wp-json\/wp\/v2\/product"}],"about":[{"href":"https:\/\/riding.zandona.net\/es\/wp-json\/wp\/v2\/types\/product"}],"replies":[{"embeddable":true,"href":"https:\/\/riding.zandona.net\/es\/wp-json\/wp\/v2\/comments?post=23347"}],"wp:featuredmedia":[{"embeddable":true,"href":"https:\/\/riding.zandona.net\/es\/wp-json\/wp\/v2\/media\/13920"}],"wp:attachment":[{"href":"https:\/\/riding.zandona.net\/es\/wp-json\/wp\/v2\/media?parent=23347"}],"wp:term":[{"taxonomy":"product_brand","embeddable":true,"href":"https:\/\/riding.zandona.net\/es\/wp-json\/wp\/v2\/product_brand?post=23347"},{"taxonomy":"product_cat","embeddable":true,"href":"https:\/\/riding.zandona.net\/es\/wp-json\/wp\/v2\/product_cat?post=23347"},{"taxonomy":"product_tag","embeddable":true,"href":"https:\/\/riding.zandona.net\/es\/wp-json\/wp\/v2\/product_tag?post=23347"}],"curies":[{"name":"wp","href":"https:\/\/api.w.org\/{rel}","templated":true}]}}