{"id":23418,"date":"2024-11-06T17:12:28","date_gmt":"2024-11-06T16:12:28","guid":{"rendered":"https:\/\/riding.zandona.net\/shop\/sin categor\u00eda\/sport-backpack\/"},"modified":"2024-11-07T15:35:33","modified_gmt":"2024-11-07T14:35:33","slug":"sport-backpack","status":"publish","type":"product","link":"https:\/\/riding.zandona.net\/es\/shop\/jinete-es\/gadgets-es\/sport-backpack\/","title":{"rendered":"SPORT BACKPACK"},"content":{"rendered":"<p>Versatilidad, comodidad y dise\u00f1o con car\u00e1cter.<\/p>\n<p>La nueva Zandon\u00e0 Sport BackPack es la mochila dise\u00f1ada para ofrecerle practicidad, organizaci\u00f3n y comodidad en todo momento. Ya sea para guardar su equipo de trabajo, deportivo o escolar, o para utilizarla como una gran compa\u00f1era de viaje, de pasatiempos y de diversi\u00f3n, la Zandon\u00e0 Sport BackPack es la opci\u00f3n ideal para mejorar cada momento, organizando todo con precisi\u00f3n sin perder tiempo y destacarse entre la multitud con estilo.<\/p>\n<p>CARACTER\u00cdSTICAS PRINCIPALES:<br \/>\n&#8211; Amplio espacio para guardar todo lo que necesita en nada menos que cuatro compartimentos interiores con cremallera y dos bolsillos exteriores;<br \/>\n&#8211; Adecuada tanto para objetos grandes (como ordenadores port\u00e1tiles de 15\u201d) como para objetos peque\u00f1os (como smartphones, tabletas, etc.);<br \/>\n&#8211; Pr\u00e1ctico bolsillo interior con banda el\u00e1stica para una mejor estabilidad de sus accesorios;<br \/>\n&#8211; Pr\u00e1ctico bolsillo con compartimento para auriculares para disfrutar de su m\u00fasica favorita en todo momento;<br \/>\n&#8211; Ergon\u00f3mica gracias al sistema de correas suaves para los hombros, combinado con un \u00fatil soporte en la zona del cuello\/cervical;<br \/>\n&#8211; Logotipo e inserciones reflectantes para ser siempre visible y moverse con seguridad, incluso de noche;<br \/>\n&#8211; C\u00f3modo respaldo de poli\u00e9ster con malla 3D para una comodidad absoluta y funci\u00f3n antisudor;<br \/>\n&#8211; Correas ajustables para los hombros combinadas con un pr\u00e1ctico sistema de fijaci\u00f3n frontal para garantizar la estabilidad y la posici\u00f3n.<\/p>\n<p>DIMENSIONES: 48x37x15 cm<\/p>\n<p>CAPACIDAD: 20 L<\/p>\n","protected":false},"excerpt":{"rendered":"<p>Mochila<\/p>\n","protected":false},"featured_media":14014,"comment_status":"open","ping_status":"open","template":"","meta":[],"product_brand":[],"product_cat":[3539,3788],"product_tag":[],"class_list":{"0":"post-23418","1":"product","2":"type-product","3":"status-publish","4":"has-post-thumbnail","6":"product_cat-gadgets-es","7":"product_cat-jinete-es","8":"pa_codice-intrastat-42029291-es","10":"first","11":"instock","12":"taxable","13":"shipping-taxable","14":"purchasable","15":"product-type-simple"},"_links":{"self":[{"href":"https:\/\/riding.zandona.net\/es\/wp-json\/wp\/v2\/product\/23418","targetHints":{"allow":["GET"]}}],"collection":[{"href":"https:\/\/riding.zandona.net\/es\/wp-json\/wp\/v2\/product"}],"about":[{"href":"https:\/\/riding.zandona.net\/es\/wp-json\/wp\/v2\/types\/product"}],"replies":[{"embeddable":true,"href":"https:\/\/riding.zandona.net\/es\/wp-json\/wp\/v2\/comments?post=23418"}],"wp:featuredmedia":[{"embeddable":true,"href":"https:\/\/riding.zandona.net\/es\/wp-json\/wp\/v2\/media\/14014"}],"wp:attachment":[{"href":"https:\/\/riding.zandona.net\/es\/wp-json\/wp\/v2\/media?parent=23418"}],"wp:term":[{"taxonomy":"product_brand","embeddable":true,"href":"https:\/\/riding.zandona.net\/es\/wp-json\/wp\/v2\/product_brand?post=23418"},{"taxonomy":"product_cat","embeddable":true,"href":"https:\/\/riding.zandona.net\/es\/wp-json\/wp\/v2\/product_cat?post=23418"},{"taxonomy":"product_tag","embeddable":true,"href":"https:\/\/riding.zandona.net\/es\/wp-json\/wp\/v2\/product_tag?post=23418"}],"curies":[{"name":"wp","href":"https:\/\/api.w.org\/{rel}","templated":true}]}}