{"id":29171,"date":"2025-02-13T14:03:49","date_gmt":"2025-02-13T13:03:49","guid":{"rendered":"https:\/\/riding.zandona.net\/shop\/sin%20categor\u00eda\/omnia-the-safety-stirrup\/"},"modified":"2026-03-19T11:13:07","modified_gmt":"2026-03-19T10:13:07","slug":"omnia-the-safety-stirrup","status":"publish","type":"product","link":"https:\/\/riding.zandona.net\/es\/shop\/jinete-es\/estribo-de-seguridad\/omnia-the-safety-stirrup\/","title":{"rendered":"OMNIA The Safety Stirrup"},"content":{"rendered":"<p>OMNIA \u2013 Seguridad y Innovaci\u00f3n a 360\u00b0 \u2013 El Estribo de Seguridad para Jinetes Exigentes<br \/>\nOMNIA es el estribo innovador dise\u00f1ado para ofrecer una combinaci\u00f3n \u00fanica de seguridad incomparable, excelente estabilidad y absoluto confort, gracias a sus caracter\u00edsticas t\u00e9cnicas avanzadas y materiales innovadores.<br \/>\nEs la elecci\u00f3n perfecta para cualquier jinete, ya que cada detalle de OMNIA est\u00e1 dise\u00f1ado para mejorar tu rendimiento, garantizar tu bienestar y protegerte en caso de emergencias, gracias a soluciones innovadoras tuteladas por dos patentes (patent pending).<br \/>\nOMNIA se puede personalizar eligiendo entre una amplia gama de colores para el sistema de liberaci\u00f3n (vendidos tambi\u00e9n como accesorios intercambiables), lo que te permite expresar un estilo \u00fanico a trav\u00e9s de m\u00faltiples combinaciones posibles.<br \/>\nCaracter\u00edsticas Principales:<br \/>\n1. SISTEMA OMNIDIRECCIONAL \u201cSAFE RELEASE\u201d<br \/>\nSu innovador sistema de apertura omnidireccional garantiza un nivel de seguridad superior al permitir la liberaci\u00f3n del pie en cualquier direcci\u00f3n. Este innovador mecanismo, gracias a su ingenier\u00eda de precisi\u00f3n, asegura que no haya obst\u00e1culos para la flexibilidad de 360\u00b0 del sistema de liberaci\u00f3n, reduciendo considerablemente el riesgo de quedar atrapado durante una ca\u00edda. El pol\u00edmero especial utilizado es estable con temperaturas extremas (-60\u00b0C \/ +60\u00b0C) y ser duradero a lo largo del tiempo, funcionando eficientemente en cualquier condici\u00f3n.<br \/>\n2. SOPORTE PARA LOS PIES Y SENSACI\u00d3N DE SEGURIDAD<br \/>\nEquipado con un refuerzo en la parte inferior, OMNIA proporciona una sensaci\u00f3n comparable a la de un estribo est\u00e1ndar. Esto garantiza la seguridad, comodidad y estabilidad del jinete sin comprometer la concentraci\u00f3n y el rendimiento.<\/p>\n<p>3. CAPACIDAD DE CARGA EXTREMA (400 kg)<br \/>\nOMNIA est\u00e1 dise\u00f1ado para soportar presiones significativas, hasta 400 kg por estribo. Su estructura robusta y flexible en acero de alta resistencia garantiza que, incluso bajo una carga tan extrema, el estribo no se rompa, proporcionando una fiabilidad m\u00e1xima.<\/p>\n<p>4. M\u00c1XIMO AGARRE<br \/>\nGracias a su amplia superficie antideslizante con forma de rallador en la base del taco, OMNIA ofrece un agarre m\u00e1ximo para evitar resbalones no deseados, incluso en condiciones h\u00famedas o embarradas. Su amplia superficie proporciona un confort \u00f3ptimo, mejorando la seguridad y concentraci\u00f3n del jinete.<\/p>\n<p>5. ESTABILIDAD PERFECTA<br \/>\nCon un peso \u00f3ptimo y bien equilibrado (680 g), OMNIA est\u00e1 dise\u00f1ado para limitar las oscilaciones en caso de p\u00e9rdida de contacto, permitiendo una r\u00e1pida recuperaci\u00f3n y un mejor control de los movimientos.<\/p>\n<p>6. EL PASADOR DEL ESTRIBO INCLINADO<br \/>\nEl pasador inclinado posiciona el estribo en un \u00e1ngulo favorable para insertar el pie, facilitando su recuperaci\u00f3n.<\/p>\n<p>7. TACO AUTOINCLINABLE<br \/>\nEl taco de OMNIA se autoinclina para ayudar a colocar el pie de manera correcta y natural, mejorando el confort y reduciendo el estr\u00e9s en las articulaciones y m\u00fasculos.<\/p>\n<p>8. ORIFICIOS PARA EL DRENAJE DE LA ARENA<br \/>\nLos orificios de drenaje de arena ubicados debajo del taco, facilitan la limpieza y evitan la acumulaci\u00f3n de suciedad que podr\u00eda reducir el agarre.<\/p>\n<p>9. SIN COMPONENTES MEC\u00c1NICOS<br \/>\nLibre de partes susceptibles al desgaste, bloqueos o roturas con el tiempo. Esto asegura que OMNIA mantenga siempre su fiabilidad y sea f\u00e1cil de limpiar.<\/p>\n<p>Zandon\u00e0 OMNIA \u2013 The Safety Stirrup<\/p>\n","protected":false},"excerpt":{"rendered":"<p>Estribo de Seguridad<\/p>\n","protected":false},"featured_media":34697,"comment_status":"open","ping_status":"closed","template":"","meta":[],"product_brand":[],"product_cat":[3784,3788,3544,3552],"product_tag":[],"class_list":{"0":"post-29171","1":"product","2":"type-product","3":"status-publish","4":"has-post-thumbnail","6":"product_cat-estribo-de-seguridad","7":"product_cat-jinete-es","8":"product_cat-nuevo","9":"product_cat-recomendados","10":"pa_codice-intrastat-42010000-es","11":"pa_disciplina-utilizzo-cross-country-es","12":"pa_disciplina-utilizzo-salto-de-obstaculos","13":"pa_disciplina-utilizzo-trekking-es","14":"pa_disciplina-utilizzo-trot-es","16":"first","17":"instock","18":"taxable","19":"shipping-taxable","20":"purchasable","21":"product-type-variable"},"_links":{"self":[{"href":"https:\/\/riding.zandona.net\/es\/wp-json\/wp\/v2\/product\/29171","targetHints":{"allow":["GET"]}}],"collection":[{"href":"https:\/\/riding.zandona.net\/es\/wp-json\/wp\/v2\/product"}],"about":[{"href":"https:\/\/riding.zandona.net\/es\/wp-json\/wp\/v2\/types\/product"}],"replies":[{"embeddable":true,"href":"https:\/\/riding.zandona.net\/es\/wp-json\/wp\/v2\/comments?post=29171"}],"wp:featuredmedia":[{"embeddable":true,"href":"https:\/\/riding.zandona.net\/es\/wp-json\/wp\/v2\/media\/34697"}],"wp:attachment":[{"href":"https:\/\/riding.zandona.net\/es\/wp-json\/wp\/v2\/media?parent=29171"}],"wp:term":[{"taxonomy":"product_brand","embeddable":true,"href":"https:\/\/riding.zandona.net\/es\/wp-json\/wp\/v2\/product_brand?post=29171"},{"taxonomy":"product_cat","embeddable":true,"href":"https:\/\/riding.zandona.net\/es\/wp-json\/wp\/v2\/product_cat?post=29171"},{"taxonomy":"product_tag","embeddable":true,"href":"https:\/\/riding.zandona.net\/es\/wp-json\/wp\/v2\/product_tag?post=29171"}],"curies":[{"name":"wp","href":"https:\/\/api.w.org\/{rel}","templated":true}]}}