{"id":33305,"date":"2025-04-15T13:24:50","date_gmt":"2025-04-15T11:24:50","guid":{"rendered":"https:\/\/riding.zandona.net\/?post_type=product&#038;p=33305"},"modified":"2025-04-15T14:23:04","modified_gmt":"2025-04-15T12:23:04","slug":"carbon-professional-fetlock","status":"publish","type":"product","link":"https:\/\/riding.zandona.net\/es\/shop\/caballo\/protectores-de-caballo\/salto-de-obstaculos\/carbon-pro-es\/carbon-professional-fetlock\/","title":{"rendered":"CARBON PROfessional Fetlock"},"content":{"rendered":"<p><strong>Protectores de Menudillos CARBON PROfessional Fetlock: Dise\u00f1ados para Ganar, Realizados para Campeones.<\/strong><\/p>\n<p>Entra en una nueva era de rendimiento en salto con los protectores \u201cCARBON PROfessional Fetlock\u201d para menudillo, la combinaci\u00f3n definitiva <strong>de innovaci\u00f3n, protecci\u00f3n y dise\u00f1o de nivel profesional.<\/strong><\/p>\n<p>Los protectores \u201cCARBON PROfessional Fetlock\u201d est\u00e1n meticulosamente dise\u00f1ados <strong>para mejorar el rendimiento y la seguridad del caballo.<\/strong><\/p>\n<p>Desarrollados en colaboraci\u00f3n con el reconocido fabricante de botas de alto rendimiento Jan Snellen (<a href=\"https:\/\/www.js-horsetack.com\" target=\"_blank\" rel=\"noopener\">https:\/\/www.js-horsetack.com<\/a>), probado y confiable por los mejores jinetes de \u00e9lite, estos protectores est\u00e1n <strong>espec\u00edficamente dise\u00f1ados para potenciar el salto natural del caballo<\/strong>, impulsando <strong>un rendimiento de alto nivel <\/strong>en cada obst\u00e1culo.<\/p>\n<p>La <strong>estructura externa de fibra de carbono<\/strong> garantiza una <strong>absorci\u00f3n de impactos superior<\/strong>, mientras que su <strong>forma anat\u00f3mica<\/strong> evita rozaduras e irritaciones, proporcionando un <strong>confort supremo: sin distracciones, solo rendimiento m\u00e1ximo.<\/strong><\/p>\n<p>El <strong>robusto doble el\u00e1stico<\/strong> y el nuevo <strong>cierre r\u00e1pido con pasadores de 4 agujeros<\/strong> ofrecen un ajuste seguro y preciso.<\/p>\n<p><strong>\u00a0<\/strong><\/p>\n<p><strong>CARACTER\u00cdSTICAS PRINCIPALES:<\/strong><\/p>\n<ul>\n<li>Dise\u00f1o innovador para un \u00a0<strong>M\u00e1ximo Rendimiento<\/strong>;<\/li>\n<li><strong>Cumplen con la normativa FEI<\/strong>;<\/li>\n<li>Inserciones de fibra de carbono para una <strong>M\u00e1xima Protecci\u00f3n<\/strong>;<\/li>\n<li><strong>Estructura Anat\u00f3mica<\/strong> en TPU reciclado;<\/li>\n<li><strong>3D Air-Mesh + Neopreno perforado<\/strong>;<\/li>\n<li>Mayor n\u00famero de orificios para una <strong>ventilaci\u00f3n mejorada<\/strong>;<\/li>\n<li>Cierre de seguridad garantizado por correas el\u00e1sticas con puntas tipo clip de 4 orificios para una liberaci\u00f3n r\u00e1pida;<\/li>\n<li><strong>100% Fabricado en Italia.<\/strong><\/li>\n<\/ul>\n","protected":false},"excerpt":{"rendered":"<p>Protectores de Menudillos CARBON PROfessional Fetlock: Dise\u00f1ados para Ganar, Realizados para Campeones. Entra en una nueva era de rendimiento en salto con los protectores \u201cCARBON PROfessional<span class=\"excerpt-hellip\"> [\u2026]<\/span><\/p>\n","protected":false},"featured_media":33626,"comment_status":"open","ping_status":"closed","template":"","meta":[],"product_brand":[],"product_cat":[3644,3597,3856,3544,3648,3732,3652],"product_tag":[],"class_list":{"0":"post-33305","1":"product","2":"type-product","3":"status-publish","4":"has-post-thumbnail","6":"product_cat-caballo","7":"product_cat-carbon-pro-es","8":"product_cat-carbon-professional-es","9":"product_cat-nuevo","10":"product_cat-protectores-de-caballo","11":"product_cat-protectores-de-menudillos-conformes-con-fei","12":"product_cat-salto-de-obstaculos","13":"pa_codice-intrastat-42010000-es","14":"pa_disciplina-utilizzo-salto-de-obstaculos","15":"pa_giro-nodello-da-31-a-32-cm-es","16":"pa_giro-nodello-da-33-a-34-cm-es","17":"pa_giro-nodello-da-35-a-37-cm-es","19":"first","20":"instock","21":"taxable","22":"shipping-taxable","23":"purchasable","24":"product-type-variable"},"_links":{"self":[{"href":"https:\/\/riding.zandona.net\/es\/wp-json\/wp\/v2\/product\/33305","targetHints":{"allow":["GET"]}}],"collection":[{"href":"https:\/\/riding.zandona.net\/es\/wp-json\/wp\/v2\/product"}],"about":[{"href":"https:\/\/riding.zandona.net\/es\/wp-json\/wp\/v2\/types\/product"}],"replies":[{"embeddable":true,"href":"https:\/\/riding.zandona.net\/es\/wp-json\/wp\/v2\/comments?post=33305"}],"wp:featuredmedia":[{"embeddable":true,"href":"https:\/\/riding.zandona.net\/es\/wp-json\/wp\/v2\/media\/33626"}],"wp:attachment":[{"href":"https:\/\/riding.zandona.net\/es\/wp-json\/wp\/v2\/media?parent=33305"}],"wp:term":[{"taxonomy":"product_brand","embeddable":true,"href":"https:\/\/riding.zandona.net\/es\/wp-json\/wp\/v2\/product_brand?post=33305"},{"taxonomy":"product_cat","embeddable":true,"href":"https:\/\/riding.zandona.net\/es\/wp-json\/wp\/v2\/product_cat?post=33305"},{"taxonomy":"product_tag","embeddable":true,"href":"https:\/\/riding.zandona.net\/es\/wp-json\/wp\/v2\/product_tag?post=33305"}],"curies":[{"name":"wp","href":"https:\/\/api.w.org\/{rel}","templated":true}]}}