{"id":33396,"date":"2025-04-15T13:24:52","date_gmt":"2025-04-15T11:24:52","guid":{"rendered":"https:\/\/riding.zandona.net\/?post_type=product&#038;p=33396"},"modified":"2025-04-15T15:33:56","modified_gmt":"2025-04-15T13:33:56","slug":"carbon-professional-young-ex-fetlock","status":"publish","type":"product","link":"https:\/\/riding.zandona.net\/es\/shop\/caballo\/protectores-de-caballo\/salto-de-obstaculos\/carbon-pro-ex-es\/carbon-professional-young-ex-fetlock\/","title":{"rendered":"CARBON PROfessional YOUNG EX Fetlock"},"content":{"rendered":"<p><strong>Protectores de Menudillos CARBON PROfessional <\/strong><strong>YOUNG EX <\/strong><strong>Fetlock: Rendimiento inigualable, NO S\u00d3LO PARA CABALLOS J\u00d3VENES.<\/strong><\/p>\n<p>Entra en una nueva era de rendimiento en salto con los protectores \u201cCARBON PROfessional YOUNG EX Fetlock\u201d para menudillo, la combinaci\u00f3n definitiva <strong>de innovaci\u00f3n, protecci\u00f3n y dise\u00f1o de nivel profesional.<\/strong><\/p>\n<p>Los protectores \u201cCARBON PROfessional YOUNG EX Fetlock\u201d est\u00e1n meticulosamente dise\u00f1ados <strong>para mejorar el rendimiento y la seguridad del caballo <\/strong>y son la opci\u00f3n<strong> ideal y necesaria para los caballos que est\u00e1n acostumbrados a golpear con la herradura la zona de la extremidad opuesta por debajo de la rodilla o en posici\u00f3n pastoral.<\/strong><\/p>\n<p>De hecho, est\u00e1n <strong>equipados con una extensi\u00f3n ergon\u00f3mica adicional del acolchado de neopreno<\/strong> recubierto con una pel\u00edcula antidesgaste con<strong> efecto carbono.<\/strong><\/p>\n<p><strong>Cumplen con las reglas internacionales para las categor\u00edas de salto de \u201cCaballos J\u00f3venes\u201d<\/strong>, pero son adecuados para ser utilizados <strong>no solo por Caballos J\u00f3venes.<\/strong><\/p>\n<p>Desarrollados en colaboraci\u00f3n con el reconocido fabricante de botas de alto rendimiento Jan Snellen (<a href=\"https:\/\/www.js-horsetack.com\" target=\"_blank\" rel=\"noopener\">https:\/\/www.js-horsetack.com<\/a>), probado y confiable por los mejores jinetes de \u00e9lite, estos protectores est\u00e1n <strong>espec\u00edficamente dise\u00f1ados para potenciar el salto natural del caballo<\/strong>, impulsando <strong>un rendimiento de alto nivel <\/strong>en cada obst\u00e1culo.<\/p>\n<p>La <strong>estructura externa de fibra de carbono<\/strong> garantiza una <strong>absorci\u00f3n de impactos superior<\/strong>, mientras que su <strong>forma anat\u00f3mica<\/strong> evita rozaduras e irritaciones, proporcionando un <strong>confort supremo: sin distracciones, solo rendimiento m\u00e1ximo.<\/strong><\/p>\n<p>El <strong>robusto cierre de correa<\/strong> ofrece un ajuste seguro y preciso.<\/p>\n<p><strong>\u00a0<\/strong><\/p>\n<p><strong>CARACTER\u00cdSTICAS PRINCIPALES:<\/strong><\/p>\n<ul>\n<li>Dise\u00f1o innovador para un \u00a0<strong>M\u00e1ximo Rendimiento<\/strong>;<\/li>\n<li><strong>Cumplen con la normativa FEI <\/strong><strong>para las categor\u00edas de salto de \u201cCaballos J\u00f3venes\u201d<\/strong>;<\/li>\n<li>Inserciones de fibra de carbono para una <strong>M\u00e1xima Protecci\u00f3n<\/strong>;<\/li>\n<\/ul>\n<ul>\n<li><strong>Extensi\u00f3n ergon\u00f3mica<\/strong> del acolchado de neopreno;<\/li>\n<\/ul>\n<ul>\n<li><strong>Estructura Anat\u00f3mica<\/strong> en TPU reciclado;<\/li>\n<li><strong>Neopreno perforado<\/strong>;<\/li>\n<li>Mayor n\u00famero de orificios para una <strong>ventilaci\u00f3n mejorada<\/strong>;<\/li>\n<li><strong>Robusto Cierre de Correa<\/strong>;<\/li>\n<li><strong>100% Fabricado en Italia.<\/strong><\/li>\n<\/ul>\n","protected":false},"excerpt":{"rendered":"<p>Protectores de Menudillos CARBON PROfessional YOUNG EX Fetlock: Rendimiento inigualable, NO S\u00d3LO PARA CABALLOS J\u00d3VENES. Entra en una nueva era de rendimiento en salto con los<span class=\"excerpt-hellip\"> [\u2026]<\/span><\/p>\n","protected":false},"featured_media":33453,"comment_status":"open","ping_status":"closed","template":"","meta":[],"product_brand":[],"product_cat":[3644,3602,3856,3648,3732,3652],"product_tag":[],"class_list":{"0":"post-33396","1":"product","2":"type-product","3":"status-publish","4":"has-post-thumbnail","6":"product_cat-caballo","7":"product_cat-carbon-pro-ex-es","8":"product_cat-carbon-professional-es","9":"product_cat-protectores-de-caballo","10":"product_cat-protectores-de-menudillos-conformes-con-fei","11":"product_cat-salto-de-obstaculos","12":"pa_codice-intrastat-42010000-es","13":"pa_disciplina-utilizzo-salto-de-obstaculos","14":"pa_giro-nodello-da-28-a-30-cm-es","15":"pa_giro-nodello-da-31-a-32-cm-es","16":"pa_giro-nodello-da-33-a-34-cm-es","17":"pa_giro-nodello-da-34-a-37-cm-es","19":"first","20":"instock","21":"taxable","22":"shipping-taxable","23":"purchasable","24":"product-type-variable"},"_links":{"self":[{"href":"https:\/\/riding.zandona.net\/es\/wp-json\/wp\/v2\/product\/33396","targetHints":{"allow":["GET"]}}],"collection":[{"href":"https:\/\/riding.zandona.net\/es\/wp-json\/wp\/v2\/product"}],"about":[{"href":"https:\/\/riding.zandona.net\/es\/wp-json\/wp\/v2\/types\/product"}],"replies":[{"embeddable":true,"href":"https:\/\/riding.zandona.net\/es\/wp-json\/wp\/v2\/comments?post=33396"}],"wp:featuredmedia":[{"embeddable":true,"href":"https:\/\/riding.zandona.net\/es\/wp-json\/wp\/v2\/media\/33453"}],"wp:attachment":[{"href":"https:\/\/riding.zandona.net\/es\/wp-json\/wp\/v2\/media?parent=33396"}],"wp:term":[{"taxonomy":"product_brand","embeddable":true,"href":"https:\/\/riding.zandona.net\/es\/wp-json\/wp\/v2\/product_brand?post=33396"},{"taxonomy":"product_cat","embeddable":true,"href":"https:\/\/riding.zandona.net\/es\/wp-json\/wp\/v2\/product_cat?post=33396"},{"taxonomy":"product_tag","embeddable":true,"href":"https:\/\/riding.zandona.net\/es\/wp-json\/wp\/v2\/product_tag?post=33396"}],"curies":[{"name":"wp","href":"https:\/\/api.w.org\/{rel}","templated":true}]}}