{"id":35360,"date":"2025-04-15T11:47:11","date_gmt":"2025-04-15T09:47:11","guid":{"rendered":"https:\/\/riding.zandona.net\/?post_type=product&#038;p=35360"},"modified":"2025-05-27T10:24:44","modified_gmt":"2025-05-27T08:24:44","slug":"omnia-neoprene-cover","status":"publish","type":"product","link":"https:\/\/riding.zandona.net\/es\/shop\/jinete-es\/estribo-de-seguridad\/omnia-neoprene-cover\/","title":{"rendered":"OMNIA NEOPRENE COVER"},"content":{"rendered":"<p><strong>Protecci\u00f3n elegante y pr\u00e1ctica para tu equipo.<\/strong><\/p>\n<p>Fabricadas en neopreno suave, las fundas OMNIA protegen los estribos y la silla de montar de ara\u00f1azos, polvo y suciedad durante el transporte o almacenamiento.<\/p>\n<p>Se colocan en un instante, se mantienen firmes en su sitio, son c\u00f3modas de usar y se adaptan perfectamente gracias a su estructura el\u00e1stica.<\/p>\n<p>&nbsp;<\/p>\n<p><strong>Cuidado del producto<\/strong><\/p>\n<ul>\n<li>Lavar a mano a 30 \u00b0C<br \/>\n\u2022 No usar lavadora ni secadora<br \/>\n\u2022 No limpiar en seco<br \/>\n\u2022 No usar lej\u00eda<\/li>\n<\/ul>\n","protected":false},"excerpt":{"rendered":"<p>Protecci\u00f3n elegante y pr\u00e1ctica para tu equipo. Fabricadas en neopreno suave, las fundas OMNIA protegen los estribos y la silla de montar de ara\u00f1azos, polvo y<span class=\"excerpt-hellip\"> [\u2026]<\/span><\/p>\n","protected":false},"featured_media":33270,"comment_status":"open","ping_status":"closed","template":"","meta":[],"product_brand":[],"product_cat":[3861,3784,3788],"product_tag":[],"class_list":{"0":"post-35360","1":"product","2":"type-product","3":"status-publish","4":"has-post-thumbnail","6":"product_cat-accesorios-estribo-de-seguridad","7":"product_cat-estribo-de-seguridad","8":"product_cat-jinete-es","9":"pa_codice-intrastat-42010000-es","10":"pa_disciplina-utilizzo-cross-country-es","11":"pa_disciplina-utilizzo-salto-de-obstaculos","12":"pa_disciplina-utilizzo-trekking-es","13":"pa_disciplina-utilizzo-trot-es","15":"first","16":"instock","17":"taxable","18":"shipping-taxable","19":"purchasable","20":"product-type-simple"},"_links":{"self":[{"href":"https:\/\/riding.zandona.net\/es\/wp-json\/wp\/v2\/product\/35360","targetHints":{"allow":["GET"]}}],"collection":[{"href":"https:\/\/riding.zandona.net\/es\/wp-json\/wp\/v2\/product"}],"about":[{"href":"https:\/\/riding.zandona.net\/es\/wp-json\/wp\/v2\/types\/product"}],"replies":[{"embeddable":true,"href":"https:\/\/riding.zandona.net\/es\/wp-json\/wp\/v2\/comments?post=35360"}],"wp:featuredmedia":[{"embeddable":true,"href":"https:\/\/riding.zandona.net\/es\/wp-json\/wp\/v2\/media\/33270"}],"wp:attachment":[{"href":"https:\/\/riding.zandona.net\/es\/wp-json\/wp\/v2\/media?parent=35360"}],"wp:term":[{"taxonomy":"product_brand","embeddable":true,"href":"https:\/\/riding.zandona.net\/es\/wp-json\/wp\/v2\/product_brand?post=35360"},{"taxonomy":"product_cat","embeddable":true,"href":"https:\/\/riding.zandona.net\/es\/wp-json\/wp\/v2\/product_cat?post=35360"},{"taxonomy":"product_tag","embeddable":true,"href":"https:\/\/riding.zandona.net\/es\/wp-json\/wp\/v2\/product_tag?post=35360"}],"curies":[{"name":"wp","href":"https:\/\/api.w.org\/{rel}","templated":true}]}}