{"id":36257,"date":"2025-07-31T12:09:45","date_gmt":"2025-07-31T10:09:45","guid":{"rendered":"https:\/\/riding.zandona.net\/?post_type=product&#038;p=36257"},"modified":"2025-09-22T12:15:04","modified_gmt":"2025-09-22T10:15:04","slug":"carbon-professional-lite-ex-fetlock","status":"publish","type":"product","link":"https:\/\/riding.zandona.net\/es\/shop\/caballo\/protectores-de-caballo\/salto-de-obstaculos\/carbon-pro-ex-es\/carbon-professional-lite-ex-fetlock\/","title":{"rendered":"CARBON PROfessional LITE EX Fetlock"},"content":{"rendered":"<p><strong>CARBON PROfessional LITE EX: <\/strong><em>Misma filosof\u00eda. Concepto m\u00e1s ligero. Rendimiento profesional.<\/em><\/p>\n<p>Desarrollados por Jan Snellen (JS-Horsetack) en colaboraci\u00f3n con Zandon\u00e0, los protectores CARBON PROfessional LITE EX han sido dise\u00f1ados espec\u00edficamente para caballos de competici\u00f3n adultos, ofreciendo una alternativa m\u00e1s ligera y cuidadosa sin comprometer la protecci\u00f3n, la comodidad ni el rendimiento. Son la opci\u00f3n<strong> ideal y necesaria para los caballos que est\u00e1n acostumbrados a golpear con la herradura la zona de la extremidad opuesta por debajo de la rodilla o en posici\u00f3n pastoral.<\/strong><\/p>\n<p>Con base en el concepto de los protectores para caballos j\u00f3venes, la versi\u00f3n LITE conserva la misma funci\u00f3n pero con un dise\u00f1o m\u00e1s elegante y una estructura de nivel profesional. En lugar de correas, cuentan con un <strong>cierre el\u00e1stico resistente y un pr\u00e1ctico gancho de seguridad<\/strong>.<\/p>\n<p>Con forma anat\u00f3mica y fabricados sobre el mismo ADN de alto rendimiento que la l\u00ednea CARBON PROfessional, garantizan comodidad, soporte suave y libertad de movimiento natural \u2013 ideales para caballos experimentados que requieren atenci\u00f3n especial.<\/p>\n<p>&#8211; <strong>Sujeci\u00f3n suave con protecci\u00f3n de carbono;<\/strong><\/p>\n<p>&#8211; <strong>Ideales para caballos adultos;<\/strong><\/p>\n<p>&#8211; <strong>Sistema de cierre con el\u00e1stico + gancho (sin correas);<\/strong><\/p>\n<p>&#8211; <strong>Dise\u00f1o inspirado en los protectores para caballos j\u00f3venes;<\/strong><\/p>\n<p>&#8211; <strong>100% conforme al reglamento FEI;<\/strong><\/p>\n<p><strong>&#8211; 100% fabricados en Italia.<\/strong><\/p>\n<p>&nbsp;<\/p>\n","protected":false},"excerpt":{"rendered":"<p>CARBON PROfessional LITE EX: Misma filosof\u00eda. Concepto m\u00e1s ligero. Rendimiento profesional. Desarrollados por Jan Snellen (JS-Horsetack) en colaboraci\u00f3n con Zandon\u00e0, los protectores CARBON PROfessional LITE EX<span class=\"excerpt-hellip\"> [\u2026]<\/span><\/p>\n","protected":false},"featured_media":37254,"comment_status":"open","ping_status":"closed","template":"","meta":[],"product_brand":[],"product_cat":[3644,3602,3856,3648,3732,3652],"product_tag":[],"class_list":{"0":"post-36257","1":"product","2":"type-product","3":"status-publish","4":"has-post-thumbnail","6":"product_cat-caballo","7":"product_cat-carbon-pro-ex-es","8":"product_cat-carbon-professional-es","9":"product_cat-protectores-de-caballo","10":"product_cat-protectores-de-menudillos-conformes-con-fei","11":"product_cat-salto-de-obstaculos","12":"pa_codice-intrastat-42010000-es","13":"pa_disciplina-utilizzo-salto-de-obstaculos","14":"pa_giro-nodello-da-28-a-30-cm-es","15":"pa_giro-nodello-da-31-a-32-cm-es","16":"pa_giro-nodello-da-33-a-34-cm-es","17":"pa_giro-nodello-da-34-a-37-cm-es","19":"first","20":"instock","21":"taxable","22":"shipping-taxable","23":"purchasable","24":"product-type-variable"},"_links":{"self":[{"href":"https:\/\/riding.zandona.net\/es\/wp-json\/wp\/v2\/product\/36257","targetHints":{"allow":["GET"]}}],"collection":[{"href":"https:\/\/riding.zandona.net\/es\/wp-json\/wp\/v2\/product"}],"about":[{"href":"https:\/\/riding.zandona.net\/es\/wp-json\/wp\/v2\/types\/product"}],"replies":[{"embeddable":true,"href":"https:\/\/riding.zandona.net\/es\/wp-json\/wp\/v2\/comments?post=36257"}],"wp:featuredmedia":[{"embeddable":true,"href":"https:\/\/riding.zandona.net\/es\/wp-json\/wp\/v2\/media\/37254"}],"wp:attachment":[{"href":"https:\/\/riding.zandona.net\/es\/wp-json\/wp\/v2\/media?parent=36257"}],"wp:term":[{"taxonomy":"product_brand","embeddable":true,"href":"https:\/\/riding.zandona.net\/es\/wp-json\/wp\/v2\/product_brand?post=36257"},{"taxonomy":"product_cat","embeddable":true,"href":"https:\/\/riding.zandona.net\/es\/wp-json\/wp\/v2\/product_cat?post=36257"},{"taxonomy":"product_tag","embeddable":true,"href":"https:\/\/riding.zandona.net\/es\/wp-json\/wp\/v2\/product_tag?post=36257"}],"curies":[{"name":"wp","href":"https:\/\/api.w.org\/{rel}","templated":true}]}}