{"id":38154,"date":"2026-04-08T15:17:24","date_gmt":"2026-04-08T13:17:24","guid":{"rendered":"https:\/\/riding.zandona.net\/?post_type=product&#038;p=38154"},"modified":"2026-04-08T15:55:43","modified_gmt":"2026-04-08T13:55:43","slug":"carbon-pro-strap-tendon","status":"publish","type":"product","link":"https:\/\/riding.zandona.net\/es\/shop\/caballo\/protectores-de-caballo\/salto-de-obstaculos\/carbon-pro-es\/carbon-pro-strap-tendon\/","title":{"rendered":"CARBON PRO STRAP Tendon"},"content":{"rendered":"<p>&#8220;El protector CARBON PRO STRAP tendon representa la evoluci\u00f3n de nuestros protectores para caballos de salto m\u00e1s conocidos y m\u00e1s vendidos, ahora redise\u00f1ados con un dise\u00f1o profundamente revisado para ofrecer al caballo protectores a\u00fan m\u00e1s ligeros y transpirables y un \u00e1rea de protecci\u00f3n m\u00e1s completa.<\/p>\n<p>La innovadora estructura, inspirada en los coches de carreras y los aviones, presenta grandes tomas de aire estrat\u00e9gicamente situadas, por primera vez, frontalmente en la direcci\u00f3n del movimiento del caballo. Gracias a esto, el aire canalizado a trav\u00e9s de una capa de 3D Air-Mesh bajo la calota es expulsado de forma m\u00e1s abundante a trav\u00e9s de una entrada de aire central espec\u00edfica en la zona donde se produce un efecto de &#8220;&#8221;succi\u00f3n&#8221;&#8221; debido a la relativa depresi\u00f3n que se genera t\u00edpicamente en la parte trasera de veh\u00edculos\/objetos en movimiento. Una innovaci\u00f3n sin igual en el mercado para controlar el estr\u00e9s articular provocado por el calor y reducir el riesgo de lesiones.<\/p>\n<p>Los elementos de Fibra de Carbono, a\u00fan m\u00e1s resistentes y extensos, crean una barrera t\u00e9rmica para proteger las articulaciones del caballo del calor generado por la fricci\u00f3n y aumentar la resistencia a los impactos.<\/p>\n<p>El acolchado consta de una capa exterior de 3D Air-Mesh, una capa interior de neopreno perforado y el probado Gel-Tech para las zonas m\u00e1s expuestas a los impactos.<\/p>\n<p>Los cierres con correa de strap garantizan una sujeci\u00f3n r\u00e1pida.<\/p>\n<p>Por \u00faltimo, la probada Flex-Zone sigue garantizando la m\u00e1xima libertad de movimiento de la extremidad.<\/p>\n<p>100% Made in Italy y sostenible ya que est\u00e1 fabricado con un 95% de TPU reciclado (certificado PSV).<\/p>\n<p>&nbsp;<\/p>\n<p>CARACTER\u00cdSTICAS PRINCIPALES:<\/p>\n<p>&#8211; Inserciones de fibra de carbono para m\u00e1xima protecci\u00f3n;<\/p>\n<p>&#8211; Estructura Anat\u00f3mica en TPU Reciclado;<\/p>\n<p>&#8211; 3D Air-Mesh + Neopreno perforado;<\/p>\n<p>&#8211; Acolchado Gel-Tech para absorci\u00f3n de impactos;<\/p>\n<p>&#8211; Mayores entradas de aire para ventilaci\u00f3n adicional;<\/p>\n<p>&#8211; Flex-Zone para una total libertad de movimiento;<\/p>\n<p>&#8211; Fijaci\u00f3n segura garantizada mediante correas de strap;<\/p>\n<p>&#8211; 100% Made in Italy.&#8221;<\/p>\n<p>&nbsp;<\/p>\n","protected":false},"excerpt":{"rendered":"<p>Protecci\u00f3n del menudillo<\/p>\n","protected":false},"featured_media":38314,"comment_status":"open","ping_status":"closed","template":"","meta":[],"product_brand":[],"product_cat":[3644,3597,3544,3648,3652],"product_tag":[],"class_list":{"0":"post-38154","1":"product","2":"type-product","3":"status-publish","4":"has-post-thumbnail","6":"product_cat-caballo","7":"product_cat-carbon-pro-es","8":"product_cat-nuevo","9":"product_cat-protectores-de-caballo","10":"product_cat-salto-de-obstaculos","11":"pa_codice-intrastat-42010000-es","12":"pa_disciplina-utilizzo-salto-de-obstaculos","13":"pa_disciplina-utilizzo-trekking-es","14":"pa_disciplina-utilizzo-trot-es","15":"pa_giro-nodello-da-26-a-28-cm-es","16":"pa_giro-nodello-da-29-a-30-cm-es","17":"pa_giro-nodello-da-31-a-32-cm-es","18":"pa_giro-nodello-da-33-a-35-cm-es","20":"first","21":"instock","22":"taxable","23":"shipping-taxable","24":"purchasable","25":"product-type-variable"},"_links":{"self":[{"href":"https:\/\/riding.zandona.net\/es\/wp-json\/wp\/v2\/product\/38154","targetHints":{"allow":["GET"]}}],"collection":[{"href":"https:\/\/riding.zandona.net\/es\/wp-json\/wp\/v2\/product"}],"about":[{"href":"https:\/\/riding.zandona.net\/es\/wp-json\/wp\/v2\/types\/product"}],"replies":[{"embeddable":true,"href":"https:\/\/riding.zandona.net\/es\/wp-json\/wp\/v2\/comments?post=38154"}],"wp:featuredmedia":[{"embeddable":true,"href":"https:\/\/riding.zandona.net\/es\/wp-json\/wp\/v2\/media\/38314"}],"wp:attachment":[{"href":"https:\/\/riding.zandona.net\/es\/wp-json\/wp\/v2\/media?parent=38154"}],"wp:term":[{"taxonomy":"product_brand","embeddable":true,"href":"https:\/\/riding.zandona.net\/es\/wp-json\/wp\/v2\/product_brand?post=38154"},{"taxonomy":"product_cat","embeddable":true,"href":"https:\/\/riding.zandona.net\/es\/wp-json\/wp\/v2\/product_cat?post=38154"},{"taxonomy":"product_tag","embeddable":true,"href":"https:\/\/riding.zandona.net\/es\/wp-json\/wp\/v2\/product_tag?post=38154"}],"curies":[{"name":"wp","href":"https:\/\/api.w.org\/{rel}","templated":true}]}}