{"id":23573,"date":"2024-06-04T15:35:58","date_gmt":"2024-06-04T13:35:58","guid":{"rendered":"https:\/\/riding.zandona.net\/rivenditori\/"},"modified":"2025-02-11T15:57:08","modified_gmt":"2025-02-11T14:57:08","slug":"revendeurs","status":"publish","type":"page","link":"https:\/\/riding.zandona.net\/fr\/revendeurs\/","title":{"rendered":"Revendeurs"},"content":{"rendered":"\t\t<div data-elementor-type=\"wp-page\" data-elementor-id=\"23573\" class=\"elementor elementor-23573 elementor-807\" data-elementor-post-type=\"page\">\n\t\t\t\t<div class=\"elementor-element elementor-element-e42483a e-flex e-con-boxed e-con e-parent\" data-id=\"e42483a\" data-element_type=\"container\">\n\t\t\t\t\t<div class=\"e-con-inner\">\n\t\t\t\t<div class=\"elementor-element elementor-element-92b1698 elementor-widget elementor-widget-heading\" data-id=\"92b1698\" data-element_type=\"widget\" data-widget_type=\"heading.default\">\n\t\t\t\t<div class=\"elementor-widget-container\">\n\t\t\t\t\t<h2 class=\"elementor-heading-title elementor-size-default\">Trouver nos<span style=\"color:#8b6239\"> Partenaires<\/span><\/h2>\t\t\t\t<\/div>\n\t\t\t\t<\/div>\n\t\t\t\t<div class=\"elementor-element elementor-element-5f888af elementor-widget elementor-widget-heading\" data-id=\"5f888af\" data-element_type=\"widget\" data-widget_type=\"heading.default\">\n\t\t\t\t<div class=\"elementor-widget-container\">\n\t\t\t\t\t<h5 class=\"elementor-heading-title elementor-size-default\">D\u00e9couvrez les d\u00e9taillants, les distributeurs et les agents pr\u00e8s de chez vous pour la meilleure protection des cavaliers et des chevaux !\n\n\n\n\n\n\n<\/h5>\t\t\t\t<\/div>\n\t\t\t\t<\/div>\n\t\t\t\t<div class=\"elementor-element elementor-element-1ff099a elementor-widget elementor-widget-shortcode\" data-id=\"1ff099a\" data-element_type=\"widget\" data-widget_type=\"shortcode.default\">\n\t\t\t\t<div class=\"elementor-widget-container\">\n\t\t\t\t\t\t\t<div class=\"elementor-shortcode\">        <div id=\"store_locator\" class=\"store-locator-container-fluid store_locator modal-body \"  data-hide-stores-on-first-view=\"no\">            <div class=\"store-locator-row\">                        <div id=\"store_locator_sidebar\" class=\"store_locator_sidebar store-locator-col-12 store-locator-col-sm-12 store-locator-col-md-3 store-locator-order-first\">            <div id=\"store_locator_sidebar_content\" class=\"store_locator_sidebar_content store-locator-row\">                    <div id=\"store_locator_search_box\" class=\"store_locator_search_box store-locator-col-12 store-locator-col-sm-12 \">            <div class=\"store-locator-row\">            <div class=\"store-locator-col-12 store-locator-col-sm-12 store-locator-col-md-12 wordpress-store-locator-block-search_title\">        <h2 class=\"store_modal_title\">D\u00e9taillants<\/h2>                <span id=\"store_locator_filter_active_filter_box\" class=\"store_locator_filter_active_filter_box\">           <small>Filtre actif:<\/small> <span id=\"store_locator_filter_active_filter\"><\/span>        <\/span>        <\/div><div class=\"store-locator-col-12 store-locator-col-sm-12 store-locator-col-md-12 wordpress-store-locator-block-address_field\">        <div class=\"wordpress-store-locator-address-container\">            <div class=\"store-locator-row\">                <div class=\"store-locator-col-12 store-locator-col-sm-12\">                                        <h5 class=\"wordpress-store-locator-address-title\">Adresse<\/h5>                                        <input id=\"store_locator_address_field\" class=\"store_locator_address_field\" type=\"text\" name=\"location\" placeholder=\"Entrez votre adresse\" value=\"\">                            <a href=\"#\" id=\"store_locator_get_my_position\" class=\"store_locator_text_actions\"><i class=\"fa fa-crosshairs\"><\/i> D\u00e9tecter ma position<\/a>                <a href=\"#\" id=\"store_locator_reset_filters\" class=\"store_locator_text_actions\"><i class=\"fa fa-eraser\"><\/i> R\u00e9initialiser tous les filtres<\/a>                 <a href=\"#\" id=\"store_locator_get_all_stores\" class=\"store_locator_text_actions\"><i class=\"fa fa-globe\"><\/i> Afficher tous les magasins<\/a>                        <\/div>            <\/div>        <\/div>        <\/div><div class=\"store-locator-col-12 store-locator-col-sm-12 store-locator-col-md-12 wordpress-store-locator-block-search_button\">        <div class=\"wordpress-store-locator-search-container\">            <div class=\"store-locator-row\">                <div class=\"store-locator-col-12 store-locator-col-sm-12\">                    <button id=\"store_locator_find_stores_button\" type=\"button\" class=\"store_locator_find_stores_button btn button et_pb_button btn-primary btn-lg\">                        Trouver un point de vente                    <\/button>                <\/div>            <\/div>        <\/div>        <\/div><div class=\"store-locator-col-12 store-locator-col-sm-12 store-locator-col-md-12 wordpress-store-locator-block-filter\">        <div class=\"wordpress-store-locator-filter-container\">            <div class=\"store-locator-row\">                <div id=\"store_locator_filter\" class=\"store_locator_filter\">                                        <div id=\"store_locator_filter_open_close\" class=\"store_locator_filter_open_close store-locator-col-12 store-locator-col-sm-12\">                        <h3 class=\"store_locator_filter_title\">Filtre<\/h3> <i class=\"fas fa-chevron-up text-right\"><\/i>                    <\/div>                                        <div id=\"store_locator_filter_content\" class=\"store_locator_filter_content\" style=\"display: block;\">                        <div class=\"store-locator-row\">                                                        <div class=\"store-locator-col-12 store-locator-col-sm-12 store-locator-col-md-12 wordpress-store-locator-block-radius_filter\">        <div class=\"store-locator-col-12 store-locator-col-sm-12 single_filter store-locator-radius-filter\">                                                <select name=\"radius\" id=\"store_locator_filter_radius\" class=\"select store_locator_filter_radius\">            <option value=\"5\" >5 km<\/option><option value=\"10\" >10 km<\/option><option value=\"25\" selected=\"selected\">25 km<\/option><option value=\"50\" >50 km<\/option><option value=\"100\" >100 km<\/option>            <\/select>        <\/div>        <\/div><div class=\"store-locator-col-12 store-locator-col-sm-12 store-locator-col-md-12 wordpress-store-locator-block-store_categories\">        <div class=\"store-locator-col-12 store-locator-col-sm-12 single_filter store-locator-categories\">                                                            <select name=\"categories\" id=\"store_locator_filter_categories\" class=\"select store_locator_filter_categories\">                                        <option value=\"\">Choisissez une cat\u00e9gorie<\/option>                                    <\/select>                                    <\/div>     <\/div><div class=\"store-locator-col-12 store-locator-col-sm-12 store-locator-col-md-12 wordpress-store-locator-block-store_filter\">        <div class=\"store-locator-col-12 store-locator-col-sm-12  store-locator-filters\">        <div class=\"store-locator-row\">                    <\/div>        <\/div>        <\/div>                        <\/div>                    <\/div>                <\/div>            <\/div>        <\/div>        <\/div>            <\/div>        <\/div>                <div id=\"store_locator_result_list_box\" class=\"store_locator_result_list_box store-locator-col-12 store-locator-col-sm-12\">            <hr class=\"grey\">                                    <div id=\"store_locator_result_list\" class=\"store-locator-row\" style=\"display: flex;\">                            <\/div>        <\/div>                    <\/div>        <\/div>                <div id=\"store_locator_main\" class=\"store_locator_main  store-locator-col-12 store-locator-col-sm-12 store-locator-col-md-9\">            <div id=\"store_locator_map\" style=\"height: 100%;\"><\/div>            <div id=\"store_locator_dragged_button\" class=\"btn button et_pb_button button-primary theme-button store_locator_dragged_button\">                Rechercher dans cette zone            <\/div>        <\/div>                    <\/div>            <button type=\"button\" id=\"store_modal_close\" class=\"store_modal_close\" data-dismiss=\"modal\" aria-label=\"Close\"><span aria-hidden=\"true\">&times;<\/span><\/button>            <div id=\"store_locator_loading\" class=\"store_locator_loading store_locator_hidden\"><i class=\"fas fa-spinner fa-spin fa-3x\"><\/i><\/div>        <\/div>    <\/div>\n\t\t\t\t\t\t<\/div>\n\t\t\t\t<\/div>\n\t\t\t\t\t<\/div>\n\t\t\t\t<\/div>\n\t\t\t\t<\/div>\n\t\t","protected":false},"excerpt":{"rendered":"<p>Trouver nos Partenaires D\u00e9couvrez les d\u00e9taillants, les distributeurs et les agents pr\u00e8s de chez vous pour la meilleure protection des cavaliers et des chevaux !<\/p>\n","protected":false},"author":1,"featured_media":0,"parent":0,"menu_order":0,"comment_status":"closed","ping_status":"closed","template":"elementor_header_footer","meta":{"footnotes":""},"class_list":["post-23573","page","type-page","status-publish","hentry"],"_links":{"self":[{"href":"https:\/\/riding.zandona.net\/fr\/wp-json\/wp\/v2\/pages\/23573","targetHints":{"allow":["GET"]}}],"collection":[{"href":"https:\/\/riding.zandona.net\/fr\/wp-json\/wp\/v2\/pages"}],"about":[{"href":"https:\/\/riding.zandona.net\/fr\/wp-json\/wp\/v2\/types\/page"}],"author":[{"embeddable":true,"href":"https:\/\/riding.zandona.net\/fr\/wp-json\/wp\/v2\/users\/1"}],"replies":[{"embeddable":true,"href":"https:\/\/riding.zandona.net\/fr\/wp-json\/wp\/v2\/comments?post=23573"}],"version-history":[{"count":4,"href":"https:\/\/riding.zandona.net\/fr\/wp-json\/wp\/v2\/pages\/23573\/revisions"}],"predecessor-version":[{"id":23593,"href":"https:\/\/riding.zandona.net\/fr\/wp-json\/wp\/v2\/pages\/23573\/revisions\/23593"}],"wp:attachment":[{"href":"https:\/\/riding.zandona.net\/fr\/wp-json\/wp\/v2\/media?parent=23573"}],"curies":[{"name":"wp","href":"https:\/\/api.w.org\/{rel}","templated":true}]}}