{"id":23579,"date":"2024-06-04T15:16:38","date_gmt":"2024-06-04T13:16:38","guid":{"rendered":"https:\/\/riding.zandona.net\/catalogo\/"},"modified":"2025-05-23T16:57:36","modified_gmt":"2025-05-23T14:57:36","slug":"catalogue","status":"publish","type":"page","link":"https:\/\/riding.zandona.net\/fr\/catalogue\/","title":{"rendered":"Catalogue"},"content":{"rendered":"\t\t<div data-elementor-type=\"wp-page\" data-elementor-id=\"23579\" class=\"elementor elementor-23579 elementor-789\" data-elementor-post-type=\"page\">\n\t\t\t\t<div class=\"elementor-element elementor-element-7449ac6 e-flex e-con-boxed e-con e-parent\" data-id=\"7449ac6\" data-element_type=\"container\">\n\t\t\t\t\t<div class=\"e-con-inner\">\n\t\t\t\t<div class=\"elementor-element elementor-element-658bd4e elementor-widget elementor-widget-heading\" data-id=\"658bd4e\" data-element_type=\"widget\" data-widget_type=\"heading.default\">\n\t\t\t\t<div class=\"elementor-widget-container\">\n\t\t\t\t\t<h2 class=\"elementor-heading-title elementor-size-default\">Explorez notre <span>Catalogue<\/span><\/h2>\t\t\t\t<\/div>\n\t\t\t\t<\/div>\n\t\t\t\t<div class=\"elementor-element elementor-element-b847c7b elementor-widget elementor-widget-heading\" data-id=\"b847c7b\" data-element_type=\"widget\" data-widget_type=\"heading.default\">\n\t\t\t\t<div class=\"elementor-widget-container\">\n\t\t\t\t\t<h5 class=\"elementor-heading-title elementor-size-default\">Protections de haute qualit\u00e9 pour la s\u00e9curit\u00e9 des cavaliers et des chevaux.<\/h5>\t\t\t\t<\/div>\n\t\t\t\t<\/div>\n\t\t\t\t<div class=\"elementor-element elementor-element-c12648d elementor-widget elementor-widget-shortcode\" data-id=\"c12648d\" data-element_type=\"widget\" data-widget_type=\"shortcode.default\">\n\t\t\t\t<div class=\"elementor-widget-container\">\n\t\t\t\t\t\t\t<div class=\"elementor-shortcode\"><div class=\"_df_book df-lite\" id=\"df_23707\"  _slug=\"catalogo-de-fr\" data-title=\"catalogo-de-fr\" wpoptions=\"true\" thumbtype=\"\" ><\/div><script class=\"df-shortcode-script\" nowprocket type=\"application\/javascript\">window.option_df_23707 = {\"outline\":[],\"autoEnableOutline\":\"false\",\"autoEnableThumbnail\":\"false\",\"overwritePDFOutline\":\"false\",\"direction\":\"1\",\"pageSize\":\"0\",\"source\":\"https:\\\/\\\/riding.zandona.net\\\/wp-content\\\/uploads\\\/sites\\\/5\\\/2024\\\/11\\\/EQUESTRIAN-CATALOGUE_FR-DE.pdf\",\"wpOptions\":\"true\"}; if(window.DFLIP && window.DFLIP.parseBooks){window.DFLIP.parseBooks();}<\/script>\n<div class=\"_df_book df-lite\" id=\"df_35187\"  _slug=\"brochure-etriers-de-securite\" data-title=\"brochure-etriers-de-securite\" wpoptions=\"true\" thumbtype=\"\" ><\/div><script class=\"df-shortcode-script\" nowprocket type=\"application\/javascript\">window.option_df_35187 = {\"outline\":[],\"autoEnableOutline\":\"false\",\"autoEnableThumbnail\":\"false\",\"overwritePDFOutline\":\"false\",\"direction\":\"1\",\"pageSize\":\"0\",\"source\":\"https:\\\/\\\/riding.zandona.net\\\/wp-content\\\/uploads\\\/sites\\\/5\\\/2025\\\/05\\\/OMNIA_The-Safety-Stirrup_Brochure_FR.pdf\",\"wpOptions\":\"true\"}; if(window.DFLIP && window.DFLIP.parseBooks){window.DFLIP.parseBooks();}<\/script>\n<div class=\"_df_book df-lite\" id=\"df_35240\"  _slug=\"brochure-professional-3\" data-title=\"brochure-professional\" wpoptions=\"true\" thumbtype=\"\" ><\/div><script class=\"df-shortcode-script\" nowprocket type=\"application\/javascript\">window.option_df_35240 = {\"outline\":[],\"autoEnableOutline\":\"false\",\"autoEnableThumbnail\":\"false\",\"overwritePDFOutline\":\"false\",\"direction\":\"1\",\"pageSize\":\"0\",\"source\":\"https:\\\/\\\/riding.zandona.net\\\/wp-content\\\/uploads\\\/sites\\\/5\\\/2025\\\/05\\\/BROCHURE-CARBON-PROfessional_2025_FR_DE.pdf\",\"wpOptions\":\"true\"}; if(window.DFLIP && window.DFLIP.parseBooks){window.DFLIP.parseBooks();}<\/script><\/div>\n\t\t\t\t\t\t<\/div>\n\t\t\t\t<\/div>\n\t\t\t\t\t<\/div>\n\t\t\t\t<\/div>\n\t\t\t\t<\/div>\n\t\t","protected":false},"excerpt":{"rendered":"<p>Explorez notre Catalogue Protections de haute qualit\u00e9 pour la s\u00e9curit\u00e9 des cavaliers et des chevaux.<\/p>\n","protected":false},"author":1,"featured_media":0,"parent":0,"menu_order":0,"comment_status":"closed","ping_status":"closed","template":"elementor_header_footer","meta":{"footnotes":""},"class_list":["post-23579","page","type-page","status-publish","hentry"],"_links":{"self":[{"href":"https:\/\/riding.zandona.net\/fr\/wp-json\/wp\/v2\/pages\/23579","targetHints":{"allow":["GET"]}}],"collection":[{"href":"https:\/\/riding.zandona.net\/fr\/wp-json\/wp\/v2\/pages"}],"about":[{"href":"https:\/\/riding.zandona.net\/fr\/wp-json\/wp\/v2\/types\/page"}],"author":[{"embeddable":true,"href":"https:\/\/riding.zandona.net\/fr\/wp-json\/wp\/v2\/users\/1"}],"replies":[{"embeddable":true,"href":"https:\/\/riding.zandona.net\/fr\/wp-json\/wp\/v2\/comments?post=23579"}],"version-history":[{"count":10,"href":"https:\/\/riding.zandona.net\/fr\/wp-json\/wp\/v2\/pages\/23579\/revisions"}],"predecessor-version":[{"id":35250,"href":"https:\/\/riding.zandona.net\/fr\/wp-json\/wp\/v2\/pages\/23579\/revisions\/35250"}],"wp:attachment":[{"href":"https:\/\/riding.zandona.net\/fr\/wp-json\/wp\/v2\/media?parent=23579"}],"curies":[{"name":"wp","href":"https:\/\/api.w.org\/{rel}","templated":true}]}}