{"id":23728,"date":"2024-10-09T16:12:23","date_gmt":"2024-10-09T14:12:23","guid":{"rendered":"https:\/\/riding.zandona.net\/qualita\/"},"modified":"2024-11-21T17:07:46","modified_gmt":"2024-11-21T16:07:46","slug":"qualite","status":"publish","type":"page","link":"https:\/\/riding.zandona.net\/fr\/qualite\/","title":{"rendered":"Qualit\u00e9"},"content":{"rendered":"\t\t<div data-elementor-type=\"wp-page\" data-elementor-id=\"23728\" class=\"elementor elementor-23728 elementor-2442\" data-elementor-post-type=\"page\">\n\t\t\t\t<div class=\"elementor-element elementor-element-863f0ac e-flex e-con-boxed e-con e-parent\" data-id=\"863f0ac\" data-element_type=\"container\">\n\t\t\t\t\t<div class=\"e-con-inner\">\n\t\t\t\t<div class=\"elementor-element elementor-element-dbdffdf elementor-widget elementor-widget-heading\" data-id=\"dbdffdf\" data-element_type=\"widget\" data-widget_type=\"heading.default\">\n\t\t\t\t<div class=\"elementor-widget-container\">\n\t\t\t\t\t<h2 class=\"elementor-heading-title elementor-size-default\">Notre Qualit\u00e9 <span style=\"color:#8b6239\">au Service de Votre Passion<\/span><\/h2>\t\t\t\t<\/div>\n\t\t\t\t<\/div>\n\t\t\t\t<div class=\"elementor-element elementor-element-f764e91 elementor-widget elementor-widget-heading\" data-id=\"f764e91\" data-element_type=\"widget\" data-widget_type=\"heading.default\">\n\t\t\t\t<div class=\"elementor-widget-container\">\n\t\t\t\t\t<h5 class=\"elementor-heading-title elementor-size-default\">Protections avanc\u00e9es pour chevaux et jockeys, con\u00e7ues avec une technologie de derni\u00e8re g\u00e9n\u00e9ration et des mat\u00e9riaux haut de gamme.<\/h5>\t\t\t\t<\/div>\n\t\t\t\t<\/div>\n\t\t\t\t\t<\/div>\n\t\t\t\t<\/div>\n\t\t<div class=\"elementor-element elementor-element-41a3771 e-flex e-con-boxed e-con e-parent\" data-id=\"41a3771\" data-element_type=\"container\">\n\t\t\t\t\t<div class=\"e-con-inner\">\n\t\t\t\t<div class=\"elementor-element elementor-element-3521651 elementor-widget__width-initial elementor-position-top elementor-widget elementor-widget-image-box\" data-id=\"3521651\" data-element_type=\"widget\" data-widget_type=\"image-box.default\">\n\t\t\t\t<div class=\"elementor-widget-container\">\n\t\t\t\t\t<div class=\"elementor-image-box-wrapper\"><figure class=\"elementor-image-box-img\"><img fetchpriority=\"high\" decoding=\"async\" width=\"1080\" height=\"1080\" src=\"https:\/\/riding.zandona.net\/wp-content\/uploads\/sites\/5\/2024\/10\/MADE_IN_ITALY_Advertising_Carbon_PRO_Tendon.jpg\" class=\"attachment-full size-full wp-image-23729\" alt=\"\" \/><\/figure><div class=\"elementor-image-box-content\"><p class=\"elementor-image-box-description\">100% MADE IN ITALY: excellente qualit\u00e9, design intelligent et un savoir-faire unique.<\/p><\/div><\/div>\t\t\t\t<\/div>\n\t\t\t\t<\/div>\n\t\t\t\t<div class=\"elementor-element elementor-element-aaae652 elementor-widget__width-initial elementor-position-top elementor-widget elementor-widget-image-box\" data-id=\"aaae652\" data-element_type=\"widget\" data-widget_type=\"image-box.default\">\n\t\t\t\t<div class=\"elementor-widget-container\">\n\t\t\t\t\t<div class=\"elementor-image-box-wrapper\"><figure class=\"elementor-image-box-img\"><img decoding=\"async\" width=\"1080\" height=\"1080\" src=\"https:\/\/riding.zandona.net\/wp-content\/uploads\/sites\/5\/2024\/10\/TRASPIRANTE_Advertising_Carbon_PRO_Tendon.jpg\" class=\"attachment-full size-full wp-image-23760\" alt=\"\" \/><\/figure><div class=\"elementor-image-box-content\"><p class=\"elementor-image-box-description\">La gamme Zandon\u00e0 est compl\u00e8tement RESPIRANTE afin d\u2019am\u00e9liorer le CONFORT du syst\u00e8me tendineux des chevaux et pr\u00e9venir la surchauffe des membres.\n\n<\/p><\/div><\/div>\t\t\t\t<\/div>\n\t\t\t\t<\/div>\n\t\t\t\t<div class=\"elementor-element elementor-element-33b3582 elementor-widget__width-initial elementor-position-top elementor-widget elementor-widget-image-box\" data-id=\"33b3582\" data-element_type=\"widget\" data-widget_type=\"image-box.default\">\n\t\t\t\t<div class=\"elementor-widget-container\">\n\t\t\t\t\t<div class=\"elementor-image-box-wrapper\"><figure class=\"elementor-image-box-img\"><img decoding=\"async\" width=\"1080\" height=\"1080\" src=\"https:\/\/riding.zandona.net\/wp-content\/uploads\/sites\/5\/2024\/10\/PERFECT_FIT_Advertising_Carbon_PRO_Tendon_1.jpg\" class=\"attachment-full size-full wp-image-23761\" alt=\"\" \/><\/figure><div class=\"elementor-image-box-content\"><p class=\"elementor-image-box-description\">Les gu\u00eatres Zandon\u00e0 s\u2019adapte parfaitement aux members des chevaux tout en apportant du confort gr\u00e2ce \u00e0 la d\u00e9coupe de leurs coques identiques aux membres des chevaux. Notre approche \u00ab Sans compromis \u00bb : chaque taille de toute notre gamme de produits a \u00e9t\u00e9 d\u00e9velopp\u00e9e ERGONOMIQUEMENT pour obtenir la performance optimale, tout en assurant le bien-\u00eatre.<\/p><\/div><\/div>\t\t\t\t<\/div>\n\t\t\t\t<\/div>\n\t\t\t\t<div class=\"elementor-element elementor-element-5a40e4b elementor-widget__width-initial elementor-position-top elementor-widget elementor-widget-image-box\" data-id=\"5a40e4b\" data-element_type=\"widget\" data-widget_type=\"image-box.default\">\n\t\t\t\t<div class=\"elementor-widget-container\">\n\t\t\t\t\t<div class=\"elementor-image-box-wrapper\"><figure class=\"elementor-image-box-img\"><img loading=\"lazy\" decoding=\"async\" width=\"1080\" height=\"1080\" src=\"https:\/\/riding.zandona.net\/wp-content\/uploads\/sites\/5\/2024\/10\/CARBON_PRO_PROTECTION_Advertising.jpg\" class=\"attachment-full size-full wp-image-23762\" alt=\"\" \/><\/figure><div class=\"elementor-image-box-content\"><p class=\"elementor-image-box-description\">La PERFORMANCE et la l\u00e9g\u00e8ret\u00e9 du CARBONE prot\u00e8ge au mieux votre cheval.\n\n<\/p><\/div><\/div>\t\t\t\t<\/div>\n\t\t\t\t<\/div>\n\t\t\t\t<div class=\"elementor-element elementor-element-05198d0 elementor-widget__width-initial elementor-position-top elementor-widget elementor-widget-image-box\" data-id=\"05198d0\" data-element_type=\"widget\" data-widget_type=\"image-box.default\">\n\t\t\t\t<div class=\"elementor-widget-container\">\n\t\t\t\t\t<div class=\"elementor-image-box-wrapper\"><figure class=\"elementor-image-box-img\"><img loading=\"lazy\" decoding=\"async\" width=\"1080\" height=\"1080\" src=\"https:\/\/riding.zandona.net\/wp-content\/uploads\/sites\/5\/2024\/10\/5.png\" class=\"attachment-full size-full wp-image-23763\" alt=\"\" \/><\/figure><div class=\"elementor-image-box-content\"><p class=\"elementor-image-box-description\">Pour nous, la paire de gu\u00eatre de Dressage parfaite doit garantir : le meilleur SOUTIEN possible pendant son utilisation, la plus haute PROETCTION contre les impacts et une \u00e9l\u00e9gance propre \u00e0 cette discipline.\n\n<\/p><\/div><\/div>\t\t\t\t<\/div>\n\t\t\t\t<\/div>\n\t\t\t\t<div class=\"elementor-element elementor-element-71f0f47 elementor-widget__width-initial elementor-position-top elementor-widget elementor-widget-image-box\" data-id=\"71f0f47\" data-element_type=\"widget\" data-widget_type=\"image-box.default\">\n\t\t\t\t<div class=\"elementor-widget-container\">\n\t\t\t\t\t<div class=\"elementor-image-box-wrapper\"><figure class=\"elementor-image-box-img\"><img loading=\"lazy\" decoding=\"async\" width=\"1080\" height=\"1080\" src=\"https:\/\/riding.zandona.net\/wp-content\/uploads\/sites\/5\/2024\/10\/6.png\" class=\"attachment-full size-full wp-image-23764\" alt=\"\" \/><\/figure><div class=\"elementor-image-box-content\"><p class=\"elementor-image-box-description\">A la recherche d\u2019une paire de gu\u00eatres tr\u00e8s performante, sans d\u2019oublier votre \u00e9l\u00e9gance ? Les gu\u00eatres King Carbon Air sont les gu\u00eatres qui combinent \u00e0 la fois l\u2019ELEGANCE essentielle du Dressage avec la derni\u00e8re TECHNOLOGIE typique des gu\u00eatres Zandon\u00e0.\n\n<\/p><\/div><\/div>\t\t\t\t<\/div>\n\t\t\t\t<\/div>\n\t\t\t\t<div class=\"elementor-element elementor-element-8e46d07 elementor-widget__width-initial elementor-position-top elementor-widget elementor-widget-image-box\" data-id=\"8e46d07\" data-element_type=\"widget\" data-widget_type=\"image-box.default\">\n\t\t\t\t<div class=\"elementor-widget-container\">\n\t\t\t\t\t<div class=\"elementor-image-box-wrapper\"><figure class=\"elementor-image-box-img\"><img loading=\"lazy\" decoding=\"async\" width=\"1080\" height=\"1080\" src=\"https:\/\/riding.zandona.net\/wp-content\/uploads\/sites\/5\/2024\/10\/CARBON_PRO_SENSITIVE__Advertising.jpg\" class=\"attachment-full size-full wp-image-23765\" alt=\"\" \/><\/figure><div class=\"elementor-image-box-content\"><p class=\"elementor-image-box-description\">La nouvelle gamme Sensitive + est enti\u00e8rement con\u00e7ue avec du MOUTON EN MERINO VERITABLE mais SANS PEAU. Cette approche assez innovante am\u00e9liore la dur\u00e9e de vie de vos gu\u00eatres et simplifie son entretien sans leur retirer toutes les propri\u00e9t\u00e9s b\u00e9n\u00e9fiques de la laine de mouton (hypoallerg\u00e9nique et thermor\u00e9gulateur naturel) \u00e0 contrario des laines synth\u00e9tiques en imitation mouton.\n\n<\/p><\/div><\/div>\t\t\t\t<\/div>\n\t\t\t\t<\/div>\n\t\t\t\t<div class=\"elementor-element elementor-element-a0b0769 elementor-widget__width-initial elementor-position-top elementor-widget elementor-widget-image-box\" data-id=\"a0b0769\" data-element_type=\"widget\" data-widget_type=\"image-box.default\">\n\t\t\t\t<div class=\"elementor-widget-container\">\n\t\t\t\t\t<div class=\"elementor-image-box-wrapper\"><figure class=\"elementor-image-box-img\"><img loading=\"lazy\" decoding=\"async\" width=\"1080\" height=\"1080\" src=\"https:\/\/riding.zandona.net\/wp-content\/uploads\/sites\/5\/2024\/10\/10.png\" class=\"attachment-full size-full wp-image-23766\" alt=\"\" \/><\/figure><div class=\"elementor-image-box-content\"><p class=\"elementor-image-box-description\">La gamme Zandon\u00e0 SUPERIOR Air est un compagnon exceptionnel de haute QUALIT\u00c9 et de protection pour votre cheval. Combinaison de l'ajustement parfait, du Gel-Tech et de la respirabilit\u00e9.\n\n<\/p><\/div><\/div>\t\t\t\t<\/div>\n\t\t\t\t<\/div>\n\t\t\t\t<div class=\"elementor-element elementor-element-89c68a5 elementor-widget__width-initial elementor-position-top elementor-widget elementor-widget-image-box\" data-id=\"89c68a5\" data-element_type=\"widget\" data-widget_type=\"image-box.default\">\n\t\t\t\t<div class=\"elementor-widget-container\">\n\t\t\t\t\t<div class=\"elementor-image-box-wrapper\"><figure class=\"elementor-image-box-img\"><img loading=\"lazy\" decoding=\"async\" width=\"1080\" height=\"1080\" src=\"https:\/\/riding.zandona.net\/wp-content\/uploads\/sites\/5\/2024\/10\/14.png\" class=\"attachment-full size-full wp-image-23767\" alt=\"\" \/><\/figure><div class=\"elementor-image-box-content\"><p class=\"elementor-image-box-description\">TRAVAILLEZ DUR pendant l'entra\u00eenement, R\u00c9USSISSEZ en comp\u00e9tition, D\u00c9TENDEZ-VOUS en toute s\u00e9curit\u00e9 avec les gu\u00eatres \u00ab Turnout Boots Air \u00bb.\n\n<\/p><\/div><\/div>\t\t\t\t<\/div>\n\t\t\t\t<\/div>\n\t\t\t\t<div class=\"elementor-element elementor-element-0e354fb elementor-widget__width-initial elementor-position-top elementor-widget elementor-widget-image-box\" data-id=\"0e354fb\" data-element_type=\"widget\" data-widget_type=\"image-box.default\">\n\t\t\t\t<div class=\"elementor-widget-container\">\n\t\t\t\t\t<div class=\"elementor-image-box-wrapper\"><figure class=\"elementor-image-box-img\"><img loading=\"lazy\" decoding=\"async\" width=\"960\" height=\"960\" src=\"https:\/\/riding.zandona.net\/wp-content\/uploads\/sites\/5\/2024\/10\/11.png\" class=\"attachment-full size-full wp-image-23768\" alt=\"\" \/><\/figure><div class=\"elementor-image-box-content\"><p class=\"elementor-image-box-description\">Prenez-vous soin de votre cheval comme il se doit ? PR\u00c9VENEZ tout type d\u2019inconfort en utilisant ces gu\u00eatres de repos magn\u00e9tiques. Travaillant sur les m\u00e9ridiens de r\u00e9flexologie du cheval, elles ont \u00e9t\u00e9 soigneusement d\u00e9velopp\u00e9es pour obtenir un produit unique sur le march\u00e9 et fournir de multiples avantages extraordinaires au cheval.\n\n<\/p><\/div><\/div>\t\t\t\t<\/div>\n\t\t\t\t<\/div>\n\t\t\t\t<div class=\"elementor-element elementor-element-b4d1540 elementor-widget__width-initial elementor-position-top elementor-widget elementor-widget-image-box\" data-id=\"b4d1540\" data-element_type=\"widget\" data-widget_type=\"image-box.default\">\n\t\t\t\t<div class=\"elementor-widget-container\">\n\t\t\t\t\t<div class=\"elementor-image-box-wrapper\"><figure class=\"elementor-image-box-img\"><img loading=\"lazy\" decoding=\"async\" width=\"1080\" height=\"1080\" src=\"https:\/\/riding.zandona.net\/wp-content\/uploads\/sites\/5\/2024\/10\/12.png\" class=\"attachment-full size-full wp-image-23769\" alt=\"\" \/><\/figure><div class=\"elementor-image-box-content\"><p class=\"elementor-image-box-description\">Savez-vous que le mouvement du cheval stimule la circulation sanguine par un \"effet de pompe\" du sabot mais que, lorsque les chevaux sont au box, cet effet est tr\u00e8s r\u00e9duit ? Cela peut entra\u00eener une g\u00eane et\/ou des maladies. Offrez \u00e0 votre cheval le SOUTIEN n\u00e9cessaire pour sa circulation sanguine gr\u00e2ce aux gu\u00eatres \u00ab Therapeutic Support Boots Air \u00bb. Gr\u00e2ce \u00e0 leurs aimants, elles stimulent la circulation du sang et aident votre cheval au quotidien.\n\n<\/p><\/div><\/div>\t\t\t\t<\/div>\n\t\t\t\t<\/div>\n\t\t\t\t<div class=\"elementor-element elementor-element-6c55c75 elementor-widget__width-initial elementor-position-top elementor-widget elementor-widget-image-box\" data-id=\"6c55c75\" data-element_type=\"widget\" data-widget_type=\"image-box.default\">\n\t\t\t\t<div class=\"elementor-widget-container\">\n\t\t\t\t\t<div class=\"elementor-image-box-wrapper\"><figure class=\"elementor-image-box-img\"><img loading=\"lazy\" decoding=\"async\" width=\"1080\" height=\"1080\" src=\"https:\/\/riding.zandona.net\/wp-content\/uploads\/sites\/5\/2024\/10\/13.png\" class=\"attachment-full size-full wp-image-23770\" alt=\"\" \/><\/figure><div class=\"elementor-image-box-content\"><p class=\"elementor-image-box-description\">Vous attendez les meilleures performances de votre cheval, mais vous assurez-vous qu'il b\u00e9n\u00e9ficie du meilleur repos possible ? En agissant sur les m\u00e9ridiens de r\u00e9flexologie du cheval, les aimants sp\u00e9ciaux \u00ab Therapeutic Support Boots \u00bb de ces gu\u00eatres peuvent R\u00c9DUIRE LES GONFLEMENTS avant et apr\u00e8s l'entra\u00eenement, tout en aidant \u00e0 lutter contre l'INCONFORT et la DOULEUR. Comment ? Ils aident \u00e0 stimuler la circulation du \"liquide synovial\".\n<\/p><\/div><\/div>\t\t\t\t<\/div>\n\t\t\t\t<\/div>\n\t\t\t\t<div class=\"elementor-element elementor-element-eac5b43 elementor-widget__width-inherit elementor-widget elementor-widget-heading\" data-id=\"eac5b43\" data-element_type=\"widget\" data-widget_type=\"heading.default\">\n\t\t\t\t<div class=\"elementor-widget-container\">\n\t\t\t\t\t<h1 class=\"elementor-heading-title elementor-size-default\">Don't be the same, be the best! <\/h1>\t\t\t\t<\/div>\n\t\t\t\t<\/div>\n\t\t\t\t\t<\/div>\n\t\t\t\t<\/div>\n\t\t\t\t<\/div>\n\t\t","protected":false},"excerpt":{"rendered":"<p>Notre Qualit\u00e9 au Service de Votre Passion Protections avanc\u00e9es pour chevaux et jockeys, con\u00e7ues avec une technologie de derni\u00e8re g\u00e9n\u00e9ration et des mat\u00e9riaux haut de gamme.<span class=\"excerpt-hellip\"> [\u2026]<\/span><\/p>\n","protected":false},"author":1,"featured_media":0,"parent":0,"menu_order":0,"comment_status":"closed","ping_status":"closed","template":"elementor_header_footer","meta":{"footnotes":""},"class_list":["post-23728","page","type-page","status-publish","hentry"],"_links":{"self":[{"href":"https:\/\/riding.zandona.net\/fr\/wp-json\/wp\/v2\/pages\/23728","targetHints":{"allow":["GET"]}}],"collection":[{"href":"https:\/\/riding.zandona.net\/fr\/wp-json\/wp\/v2\/pages"}],"about":[{"href":"https:\/\/riding.zandona.net\/fr\/wp-json\/wp\/v2\/types\/page"}],"author":[{"embeddable":true,"href":"https:\/\/riding.zandona.net\/fr\/wp-json\/wp\/v2\/users\/1"}],"replies":[{"embeddable":true,"href":"https:\/\/riding.zandona.net\/fr\/wp-json\/wp\/v2\/comments?post=23728"}],"version-history":[{"count":7,"href":"https:\/\/riding.zandona.net\/fr\/wp-json\/wp\/v2\/pages\/23728\/revisions"}],"predecessor-version":[{"id":23787,"href":"https:\/\/riding.zandona.net\/fr\/wp-json\/wp\/v2\/pages\/23728\/revisions\/23787"}],"wp:attachment":[{"href":"https:\/\/riding.zandona.net\/fr\/wp-json\/wp\/v2\/media?parent=23728"}],"curies":[{"name":"wp","href":"https:\/\/api.w.org\/{rel}","templated":true}]}}