{"id":23788,"date":"2024-04-23T17:00:50","date_gmt":"2024-04-23T15:00:50","guid":{"rendered":"https:\/\/riding.zandona.net\/cookie\/"},"modified":"2024-11-22T16:11:23","modified_gmt":"2024-11-22T15:11:23","slug":"cookie","status":"publish","type":"page","link":"https:\/\/riding.zandona.net\/fr\/cookie\/","title":{"rendered":"Cookie"},"content":{"rendered":"\t\t<div data-elementor-type=\"wp-page\" data-elementor-id=\"23788\" class=\"elementor elementor-23788 elementor-107\" data-elementor-post-type=\"page\">\n\t\t\t\t<div class=\"elementor-element elementor-element-d939ffe e-flex e-con-boxed e-con e-parent\" data-id=\"d939ffe\" data-element_type=\"container\">\n\t\t\t\t\t<div class=\"e-con-inner\">\n\t\t<div class=\"elementor-element elementor-element-cc997f0 e-con-full e-flex e-con e-child\" data-id=\"cc997f0\" data-element_type=\"container\">\n\t\t\t\t<div class=\"elementor-element elementor-element-c1ee0b3 elementor-toc--content-ellipsis elementor-widget__width-initial elementor-widget elementor-widget-table-of-contents\" data-id=\"c1ee0b3\" data-element_type=\"widget\" data-settings=\"{&quot;headings_by_tags&quot;:[&quot;h3&quot;],&quot;exclude_headings_by_selector&quot;:[],&quot;marker_view&quot;:&quot;bullets&quot;,&quot;icon&quot;:{&quot;value&quot;:&quot;&quot;,&quot;library&quot;:&quot;&quot;},&quot;no_headings_message&quot;:&quot;Aucun titre n\\u2019a \\u00e9t\\u00e9 trouv\\u00e9 sur cette page.&quot;,&quot;hierarchical_view&quot;:&quot;yes&quot;,&quot;min_height&quot;:{&quot;unit&quot;:&quot;px&quot;,&quot;size&quot;:&quot;&quot;,&quot;sizes&quot;:[]},&quot;min_height_tablet&quot;:{&quot;unit&quot;:&quot;px&quot;,&quot;size&quot;:&quot;&quot;,&quot;sizes&quot;:[]},&quot;min_height_mobile&quot;:{&quot;unit&quot;:&quot;px&quot;,&quot;size&quot;:&quot;&quot;,&quot;sizes&quot;:[]}}\" data-widget_type=\"table-of-contents.default\">\n\t\t\t\t<div class=\"elementor-widget-container\">\n\t\t\t\t\t\t\t\t\t<div class=\"elementor-toc__header\">\n\t\t\t\t\t\t<h3 class=\"elementor-toc__header-title\">\n\t\t\t\tIndex\t\t\t<\/h3>\n\t\t\t\t\t\t\t\t<\/div>\n\t\t\t\t<div id=\"elementor-toc__c1ee0b3\" class=\"elementor-toc__body\">\n\t\t\t<div class=\"elementor-toc__spinner-container\">\n\t\t\t\t<svg class=\"elementor-toc__spinner eicon-animation-spin e-font-icon-svg e-eicon-loading\" aria-hidden=\"true\" viewBox=\"0 0 1000 1000\" xmlns=\"http:\/\/www.w3.org\/2000\/svg\"><path d=\"M500 975V858C696 858 858 696 858 500S696 142 500 142 142 304 142 500H25C25 237 238 25 500 25S975 237 975 500 763 975 500 975Z\"><\/path><\/svg>\t\t\t<\/div>\n\t\t<\/div>\n\t\t\t\t\t\t<\/div>\n\t\t\t\t<\/div>\n\t\t\t\t<div class=\"elementor-element elementor-element-a150235 elementor-widget__width-initial elementor-widget elementor-widget-text-editor\" data-id=\"a150235\" data-element_type=\"widget\" data-widget_type=\"text-editor.default\">\n\t\t\t\t<div class=\"elementor-widget-container\">\n\t\t\t\t\t\t\t\t\t<h3><strong>QU\u2019EST-CE QU\u2019UN COOKIE ET \u00c0 QUOI SERT-IL\u00a0?<\/strong><\/h3><p>Un cookie est une petite cha\u00eene de texte qu\u2019un site envoie \u00e0 votre navigateur et enregistre sur votre ordinateur lorsque vous visitez des sites internet. Les cookies sont utilis\u00e9s pour faire fonctionner les sites Web plus efficacement, pour am\u00e9liorer leurs performances, mais aussi pour fournir des informations aux propri\u00e9taires du site.<\/p><h3><strong>QUEL TYPE DE COOKIES CE SITE UTILISE-T-IL ET DANS QUEL BUT\u00a0?<\/strong><\/h3><p>Notre site utilise diff\u00e9rents types de cookies, dont chacun a une fonction sp\u00e9cifique, comme indiqu\u00e9 dans le tableau ci-dessous\u00a0:<\/p><table border=\"1\" cellspacing=\"0\" cellpadding=\"0\"><tbody><tr><td><strong>TYPES DE COOKIES<\/strong><\/td><td><strong>FONCTION<\/strong><\/td><\/tr><tr><td><strong>Cookies de Navigation<\/strong><\/td><td><p>Ces cookies permettent au site de fonctionner correctement et sont utilis\u00e9s pour recueillir des informations sur la fa\u00e7on dont les visiteurs utilisent le site. Ces informations sont utilis\u00e9es pour compiler des rapports et nous aider \u00e0 am\u00e9liorer le site. Les cookies collectent des informations de mani\u00e8re anonyme, notamment le nombre de visiteurs du site, leur provenance et les pages qu&#8217;ils ont visit\u00e9es.<\/p><\/td><\/tr><tr><td><strong>Cookies\u00a0<br \/>Analytiques\u00a0<\/strong><\/td><td>Ces cookies sont utilis\u00e9s, par exemple, par Google Analytics pour traiter des analyses statistiques sur la fa\u00e7on dont les utilisateurs naviguent sur le site via des ordinateurs ou des applications mobiles, le nombre de pages visit\u00e9es ou le nombre de clics effectu\u00e9s sur une page lors de la navigation sur un site. Cliquez\u00a0<a href=\"https:\/\/support.google.com\/analytics\/answer\/6004245\" target=\"_blank\" rel=\"noopener\">ici\u00a0<\/a>pour un aper\u00e7u des r\u00e8gles de confidentialit\u00e9 de Google<\/td><\/tr><tr><td><strong>Cookies<br \/>de tiers<br \/><br \/><\/strong><\/td><td>Ces cookies sont utilis\u00e9s par des soci\u00e9t\u00e9s tierces. L&#8217;utilisation de ces cookies n&#8217;implique normalement pas le traitement de donn\u00e9es personnelles. Les cookies de tiers sont d\u00e9riv\u00e9s de publicit\u00e9s d&#8217;autres sites, par exemple des publicit\u00e9s, sur le site Web affich\u00e9. Ils peuvent \u00eatre utilis\u00e9s pour enregistrer l&#8217;utilisation du site Web \u00e0 des fins de marketing.<\/td><\/tr><\/tbody><\/table><h3><strong>COMMENT PUIS-JE D\u00c9SACTIVER LES COOKIES ?<\/strong><\/h3><p>La plupart des navigateurs (Internet Explorer, Firefox, etc.) sont configur\u00e9s pour accepter les cookies. Toutefois, la plupart des navigateurs permettent de contr\u00f4ler et m\u00eame de d\u00e9sactiver les cookies par le biais des param\u00e8tres du navigateur. Veuillez noter, toutefois, que la d\u00e9sactivation des cookies de navigation ou fonctionnels peut entra\u00eener un dysfonctionnement du site et\/ou limiter le service offert. Pour modifier les param\u00e8tres, suivre la proc\u00e9dure indiqu\u00e9e par les diff\u00e9rents navigateurs sous \u00ab Options \u00bb ou \u00ab Pr\u00e9f\u00e9rences \u00bb.\u00a0<strong>Pour en savoir plus sur les cookies lire la\u00a0<a href=\"http:\/\/ec.europa.eu\/ipg\/basics\/legal\/cookies\/index_en.htm#section_2\" target=\"_blank\" rel=\"noopener\">r\u00e9glementation<\/a>.<\/strong><\/p>\t\t\t\t\t\t\t\t<\/div>\n\t\t\t\t<\/div>\n\t\t\t\t<\/div>\n\t\t\t\t\t<\/div>\n\t\t\t\t<\/div>\n\t\t\t\t<\/div>\n\t\t","protected":false},"excerpt":{"rendered":"<p>Index QU\u2019EST-CE QU\u2019UN COOKIE ET \u00c0 QUOI SERT-IL\u00a0? Un cookie est une petite cha\u00eene de texte qu\u2019un site envoie \u00e0 votre navigateur et enregistre sur votre<span class=\"excerpt-hellip\"> [\u2026]<\/span><\/p>\n","protected":false},"author":1,"featured_media":0,"parent":0,"menu_order":0,"comment_status":"closed","ping_status":"closed","template":"elementor_header_footer","meta":{"footnotes":""},"class_list":["post-23788","page","type-page","status-publish","hentry"],"_links":{"self":[{"href":"https:\/\/riding.zandona.net\/fr\/wp-json\/wp\/v2\/pages\/23788","targetHints":{"allow":["GET"]}}],"collection":[{"href":"https:\/\/riding.zandona.net\/fr\/wp-json\/wp\/v2\/pages"}],"about":[{"href":"https:\/\/riding.zandona.net\/fr\/wp-json\/wp\/v2\/types\/page"}],"author":[{"embeddable":true,"href":"https:\/\/riding.zandona.net\/fr\/wp-json\/wp\/v2\/users\/1"}],"replies":[{"embeddable":true,"href":"https:\/\/riding.zandona.net\/fr\/wp-json\/wp\/v2\/comments?post=23788"}],"version-history":[{"count":3,"href":"https:\/\/riding.zandona.net\/fr\/wp-json\/wp\/v2\/pages\/23788\/revisions"}],"predecessor-version":[{"id":23796,"href":"https:\/\/riding.zandona.net\/fr\/wp-json\/wp\/v2\/pages\/23788\/revisions\/23796"}],"wp:attachment":[{"href":"https:\/\/riding.zandona.net\/fr\/wp-json\/wp\/v2\/media?parent=23788"}],"curies":[{"name":"wp","href":"https:\/\/api.w.org\/{rel}","templated":true}]}}