{"id":23864,"date":"2024-05-03T16:53:17","date_gmt":"2024-05-03T14:53:17","guid":{"rendered":"https:\/\/riding.zandona.net\/diritto-di-recesso\/"},"modified":"2025-03-25T11:44:02","modified_gmt":"2025-03-25T10:44:02","slug":"droit-de-retrait-et-de-retour","status":"publish","type":"page","link":"https:\/\/riding.zandona.net\/fr\/droit-de-retrait-et-de-retour\/","title":{"rendered":"Droit de retrait et de retour"},"content":{"rendered":"\t\t<div data-elementor-type=\"wp-page\" data-elementor-id=\"23864\" class=\"elementor elementor-23864 elementor-435\" data-elementor-post-type=\"page\">\n\t\t\t\t<div class=\"elementor-element elementor-element-8980941 e-flex e-con-boxed e-con e-parent\" data-id=\"8980941\" data-element_type=\"container\">\n\t\t\t\t\t<div class=\"e-con-inner\">\n\t\t<div class=\"elementor-element elementor-element-bc887da e-con-full e-flex e-con e-child\" data-id=\"bc887da\" data-element_type=\"container\">\n\t\t\t\t<div class=\"elementor-element elementor-element-8fd66f9 elementor-widget__width-initial elementor-widget elementor-widget-text-editor\" data-id=\"8fd66f9\" data-element_type=\"widget\" data-widget_type=\"text-editor.default\">\n\t\t\t\t<div class=\"elementor-widget-container\">\n\t\t\t\t\t\t\t\t\t<p><strong>DROIT DE R\u00c9TRACTATION:<\/strong><\/p>\n<ol>\n<li>Conform\u00e9ment au devoir d&#8217;information pr\u00e9vu par l&#8217;art. 52, alin\u00e9a 1, lettre (f) et (g) du code de la consommation, les Sections 11.2, 11.3 et 11.4 ci-dessous exposent les modalit\u00e9s du droit de r\u00e9tractation en faveur du client, tel que r\u00e9gi par le m\u00eame code de la consommation.<\/li>\n<li>Le droit de r\u00e9tractation s&#8217;applique uniquement aux clients priv\u00e9s. Les clients qui ach\u00e8tent avec un num\u00e9ro de TVA ne peuvent pas faire usage du droit de r\u00e9tractation. Conform\u00e9ment \u00e0 l&#8217;art. 64 et suivants du D\u00e9cret l\u00e9gislatif n\u00b0. 206\/2005, si le client est un consommateur (c&#8217;est-\u00e0-dire une personne physique qui ach\u00e8te les biens \u00e0 des fins non li\u00e9es \u00e0 son activit\u00e9 professionnelle, c&#8217;est-\u00e0-dire qui n&#8217;effectue pas l&#8217;achat en indiquant un num\u00e9ro de TVA sur le bon de commande), il a le droit de se retirer du contrat d&#8217;achat pour n&#8217;importe quelle raison.<\/li>\n<li>\n<p><strong>Instructions pour l&#8217;exercice du droit de r\u00e9tractation dans les cas pr\u00e9vus par le code de la consommation :<\/strong><\/p>\n<p>Conform\u00e9ment aux dispositions du code de la consommation, le client a le droit de se r\u00e9tracter du contrat selon les modalit\u00e9s et dans les d\u00e9lais pr\u00e9vus par la pr\u00e9sente section.<\/p>\n<p>Si le client entend faire usage de ce droit de r\u00e9tractation, il devra, dans un d\u00e9lai de 14 (quatorze) jours ouvrables \u00e0 compter de la date de livraison du produit (en cas de livraisons multiples, \u00e0 compter de la date de la derni\u00e8re livraison partielle), envoyer une notification \u00e0 cet effet (sans qu&#8217;il soit n\u00e9cessaire de pr\u00e9ciser les motifs), \u00e0 envoyer par lettre recommand\u00e9e avec accus\u00e9 de r\u00e9ception, ou par e-mail \u00e0 condition qu&#8217;elle soit confirm\u00e9e par lettre recommand\u00e9e avec accus\u00e9 de r\u00e9ception dans les 48 (quarante-huit) heures suivantes, aux adresses indiqu\u00e9es ci-dessous.<\/p>\n<p>Si le droit de r\u00e9tractation est exerc\u00e9, le client devra renvoyer le produit \u00e0 Zandon\u00e0 \u00e0 l&#8217;adresse indiqu\u00e9e ci-dessous dans un d\u00e9lai de 30 (trente) jours \u00e0 compter de la date de livraison de celui-ci.<\/p>\n<p>&#8211; Les frais d&#8217;exp\u00e9dition pour le retour des marchandises (compris les \u00e9ventuels frais de douane appliqu\u00e9s \u00e0 Zandon\u00e0) sont \u00e0 la charge du client ;<br><br>&#8211; En cas de retours en provenance de pays hors UE, les \u00e9ventuels frais de d\u00e9douanement ainsi que tous autres frais engag\u00e9s par Zandon\u00e0 pour le retour de la marchandise seront enti\u00e8rement \u00e0 la charge du Client et seront donc exclus du remboursement.<\/p>\n<p>&#8211; L&#8217;exp\u00e9dition, jusqu&#8217;au certificat de r\u00e9ception dans notre entrep\u00f4t, est sous l&#8217;enti\u00e8re responsabilit\u00e9 du client.<\/p>\n<p><strong>L&#8217;int\u00e9grit\u00e9 substantielle du produit \u00e0 retourner est une condition essentielle pour l&#8217;exercice du droit de r\u00e9tractation. Toutefois, il suffit que les marchandises soient retourn\u00e9es dans un \u00e9tat de conservation normal, ayant \u00e9t\u00e9 gard\u00e9es avec un soin ordinaire.<\/strong><\/p>\n<p><\/p>\n<p><strong>La notification de r\u00e9tractation doit \u00eatre adress\u00e9e \u00e0<br><\/strong>Zandon\u00e0 Srl<strong><br><\/strong>Via Altivole 35\/A &#8211; 31031 Caerano di San Marco (TV) &#8211; Italy<br>E-Mail:&nbsp;<a href=\"mailto:customercare@zandona.net\">customercare@zandona.net<\/a><\/p>\n<p><strong>Les produits doivent \u00eatre retourn\u00e9s \u00e0<br><\/strong>Zandon\u00e0 srl<br>Via Altivole 35\/A \u2013 31031 Caerano di San Marco (TV) &#8211; Italy<br>E-Mail:&nbsp;<a href=\"mailto:customercare@zandona.net\">customercare@zandona.net<\/a><\/p>\n<p><strong><br>Cons\u00e9quences de la r\u00e9tractation<br><\/strong><br>Si le client a exerc\u00e9 son droit de r\u00e9tractation conform\u00e9ment aux dispositions des pr\u00e9sentes CdV, les services d\u00e9j\u00e0 re\u00e7us par le client et\/ou Zandon\u00e0 seront restitu\u00e9s. Le prix pay\u00e9 par le client sera rembours\u00e9 par Zandon\u00e0, \u00e0 condition que le produit ait \u00e9t\u00e9 retourn\u00e9 par le client, dans les 30 (trente) jours \u00e0 compter de la date de r\u00e9ception par Zandon\u00e0 de la communication de l&#8217;exercice de la r\u00e9tractation ou, si elle est ant\u00e9rieure, \u00e0 compter de la date \u00e0 laquelle Zandon\u00e0 a re\u00e7u le produit retourn\u00e9 par le client. Les risques li\u00e9s \u00e0 la destruction ou \u00e0 l&#8217;endommagement des produits pendant l&#8217;exp\u00e9dition sont \u00e0 la charge du client, \u00e9tant entendu que dans une telle \u00e9ventualit\u00e9, les produits ne seront pas consid\u00e9r\u00e9s comme intacts et la r\u00e9tractation ne sera pas effective. Les frais d&#8217;exp\u00e9dition li\u00e9s au retour du produit (compris les \u00e9ventuels frais de douane) sont \u00e0 la charge du client.<\/p>\n<ol start=\"4\">\n<li><strong>Si le client souhaite exercer son droit de r\u00e9tractation, les produits doivent \u00eatre retourn\u00e9s :<\/strong><\/li>\n<\/ol>\n<p>&#8211; correctement emball\u00e9s dans leur emballage d&#8217;origine, en parfait \u00e9tat de revente (non ab\u00eem\u00e9s, endommag\u00e9s ou salis) et \u00e9quip\u00e9s de tous les accessoires, mode d&#8217;emploi et documentation;<\/p>\n<p>&#8211; avec le document de transport (dans l&#8217;emballage original), afin que Zandon\u00e0 puisse identifier le client (num\u00e9ro de commande, nom, pr\u00e9nom et adresse);<\/p>\n<p>&#8211; Sans signes manifestes d&#8217;utilisation, autres que ceux compatibles avec un test normal du produit. C&#8217;est-\u00e0-dire qu&#8217;ils ne doivent pas porter de traces d&#8217;utilisation prolong\u00e9e, d\u00e9passant le temps requis pour un test, et ne doivent pas \u00eatre dans un \u00e9tat tel qu&#8217;ils ne puissent \u00eatre revendus.<\/p>\n<p>&#8211; En cas d&#8217;endommagement de la marchandise pendant le transport, Zandon\u00e0 informera le client de ce qui s&#8217;est pass\u00e9 (dans les 5 jours ouvrables \u00e0 compter de la r\u00e9ception de la marchandise), afin de lui permettre de d\u00e9poser une plainte en temps utile contre le transporteur choisi par lui et d&#8217;obtenir le remboursement de la valeur de la marchandise (si elle est assur\u00e9e) ; dans ce cas, le produit sera mis \u00e0 la disposition du client pour sa restitution, en annulant en m\u00eame temps la demande de r\u00e9tractation ;<\/p>\n<p>&#8211; Zandon\u00e0 ne sera en aucun cas responsable des dommages ou du vol\/de la perte des marchandises retourn\u00e9es par des envois non assur\u00e9s.<\/p>\n<p>Si le produit retourn\u00e9 n&#8217;est pas conforme aux dispositions du paragraphe pr\u00e9c\u00e9dent, la r\u00e9tractation ne sera pas effective.<\/p>\n<p><strong><br>Ces CdV constituent une propri\u00e9t\u00e9 intellectuelle prot\u00e9g\u00e9e par les droits d&#8217;auteur. Elles ne peuvent \u00eatre utilis\u00e9es, m\u00eame partiellement, par des tiers \u00e0 des fins commerciales. Toute violation sera poursuivie.<\/strong><\/p>\n<\/li><li><p><br><\/p><\/li><li><p><br><\/p><\/li><li><p><br><\/p><\/li>\n<\/ol>\t\t\t\t\t\t\t\t<\/div>\n\t\t\t\t<\/div>\n\t\t\t\t<\/div>\n\t\t\t\t\t<\/div>\n\t\t\t\t<\/div>\n\t\t\t\t<\/div>\n\t\t","protected":false},"excerpt":{"rendered":"<p>DROIT DE R\u00c9TRACTATION: Conform\u00e9ment au devoir d&#8217;information pr\u00e9vu par l&#8217;art. 52, alin\u00e9a 1, lettre (f) et (g) du code de la consommation, les Sections 11.2, 11.3<span class=\"excerpt-hellip\"> [\u2026]<\/span><\/p>\n","protected":false},"author":1,"featured_media":0,"parent":0,"menu_order":0,"comment_status":"closed","ping_status":"closed","template":"elementor_header_footer","meta":{"footnotes":""},"class_list":["post-23864","page","type-page","status-publish","hentry"],"_links":{"self":[{"href":"https:\/\/riding.zandona.net\/fr\/wp-json\/wp\/v2\/pages\/23864","targetHints":{"allow":["GET"]}}],"collection":[{"href":"https:\/\/riding.zandona.net\/fr\/wp-json\/wp\/v2\/pages"}],"about":[{"href":"https:\/\/riding.zandona.net\/fr\/wp-json\/wp\/v2\/types\/page"}],"author":[{"embeddable":true,"href":"https:\/\/riding.zandona.net\/fr\/wp-json\/wp\/v2\/users\/1"}],"replies":[{"embeddable":true,"href":"https:\/\/riding.zandona.net\/fr\/wp-json\/wp\/v2\/comments?post=23864"}],"version-history":[{"count":8,"href":"https:\/\/riding.zandona.net\/fr\/wp-json\/wp\/v2\/pages\/23864\/revisions"}],"predecessor-version":[{"id":30951,"href":"https:\/\/riding.zandona.net\/fr\/wp-json\/wp\/v2\/pages\/23864\/revisions\/30951"}],"wp:attachment":[{"href":"https:\/\/riding.zandona.net\/fr\/wp-json\/wp\/v2\/media?parent=23864"}],"curies":[{"name":"wp","href":"https:\/\/api.w.org\/{rel}","templated":true}]}}