{"id":20034,"date":"2024-11-06T16:39:56","date_gmt":"2024-11-06T15:39:56","guid":{"rendered":"https:\/\/riding.zandona.net\/shop\/non class\u00e9\/netcube-back-pro-kid-x7-8-9\/"},"modified":"2024-11-07T11:46:28","modified_gmt":"2024-11-07T10:46:28","slug":"netcube-back-pro-kid-x7-8-9","status":"publish","type":"product","link":"https:\/\/riding.zandona.net\/fr\/shop\/cavalier\/protections-cavalier-junior\/protections-dorsales-junior\/netcube-back-pro-kid-x7-8-9\/","title":{"rendered":"NETCUBE BACK PRO KID x7-8-9"},"content":{"rendered":"<p>\u201cNETCUBE BACK PRO KID\u201d est une protection dorsale 100\u00a0% Made in Italy certifi\u00e9e Niveau 2 (EN 1621-2) \u00e9quip\u00e9 de notre technologie Net3, une structure innovante en caoutchouc nitrile sp\u00e9cial anti-chocs avec technologie brevet\u00e9e de r\u00e9ticulation 3D, r\u00e9sultat d&#8217;\u00e9tudes minutieuses qui nous ont permis d&#8217;obtenir une combinaison gagnante de forme + composition capable d\u2019offrir d&#8217;excellentes performances en termes de pouvoir d&#8217;absorption \u00e9lev\u00e9 et de distribution de l&#8217;\u00e9nergie d&#8217;impact, assurant ainsi une protection maximale.<\/p>\n<p>La protection offre un grand confort car elle suit les mouvements naturels du corps pendant la pratique de l\u2019\u00e9quitation.<\/p>\n<p>NetCube Back Pro ne fait que 20 mm d&#8217;\u00e9paisseur, ne p\u00e8se que 650gr (version x7) et est enti\u00e8rement pliable.<\/p>\n<p>CARACT\u00c9RISTIQUES PRINCIPALES:<br \/>\n&#8211; protection dorsale certifi\u00e9e Niveau 2 EN 1621-2 ;<\/p>\n<p>&#8211; technologie Net3 ;<\/p>\n<p>&#8211; poids limit\u00e9 ;<\/p>\n<p>&#8211; \u00e9paisseur limit\u00e9e ;<\/p>\n<p>&#8211; rembourrage interne E.V.C. (Evoluted Viscoelastic Cells), un mat\u00e9riau antichoc innovant et imperm\u00e9able \u00e0 l&#8217;eau avec un rapport performance\/poids\/\u00e9paisseur \u00e9lev\u00e9 ;<\/p>\n<p>&#8211; Technologie S.R.T. (Sweat Removing Textile), un tissu respirant 3D qui transf\u00e8re la transpiration vers l&#8217;ext\u00e9rieur ;<\/p>\n<p>&#8211; Renew Memory Technology (RNW) : technologie int\u00e9gr\u00e9e au mat\u00e9riau qui redonne lentement au produit sa forme et son \u00e9tat d&#8217;origine apr\u00e8s compression ;<\/p>\n<p>&#8211; bretelles r\u00e9glables et amovibles ;<\/p>\n<p>&#8211; Produit 100% italien.<\/p>\n","protected":false},"excerpt":{"rendered":"<p>Protection dorsale<\/p>\n","protected":false},"featured_media":9599,"comment_status":"open","ping_status":"open","template":"","meta":[],"product_brand":[],"product_cat":[3786,3794,3800],"product_tag":[],"class_list":{"0":"post-20034","1":"product","2":"type-product","3":"status-publish","4":"has-post-thumbnail","6":"product_cat-cavalier","7":"product_cat-protections-cavalier-junior","8":"product_cat-protections-dorsales-junior","9":"pa_altezza-da-121-a-135-cm-fr","10":"pa_altezza-da-136-a-150-cm-fr","11":"pa_altezza-da-151-a-165-cm-fr","12":"pa_codice-intrastat-95069990-fr","13":"pa_disciplina-utilizzo-courses","14":"pa_disciplina-utilizzo-dressage-fr","15":"pa_disciplina-utilizzo-saut-dobstacles","16":"pa_disciplina-utilizzo-trekking-fr","17":"pa_girovita-da-63-a-80-cm-fr","18":"pa_girovita-da-63-a-86-cm-fr","19":"pa_girovita-da-70-a-91-cm-fr","21":"first","22":"instock","23":"taxable","24":"shipping-taxable","25":"purchasable","26":"product-type-variable"},"_links":{"self":[{"href":"https:\/\/riding.zandona.net\/fr\/wp-json\/wp\/v2\/product\/20034","targetHints":{"allow":["GET"]}}],"collection":[{"href":"https:\/\/riding.zandona.net\/fr\/wp-json\/wp\/v2\/product"}],"about":[{"href":"https:\/\/riding.zandona.net\/fr\/wp-json\/wp\/v2\/types\/product"}],"replies":[{"embeddable":true,"href":"https:\/\/riding.zandona.net\/fr\/wp-json\/wp\/v2\/comments?post=20034"}],"wp:featuredmedia":[{"embeddable":true,"href":"https:\/\/riding.zandona.net\/fr\/wp-json\/wp\/v2\/media\/9599"}],"wp:attachment":[{"href":"https:\/\/riding.zandona.net\/fr\/wp-json\/wp\/v2\/media?parent=20034"}],"wp:term":[{"taxonomy":"product_brand","embeddable":true,"href":"https:\/\/riding.zandona.net\/fr\/wp-json\/wp\/v2\/product_brand?post=20034"},{"taxonomy":"product_cat","embeddable":true,"href":"https:\/\/riding.zandona.net\/fr\/wp-json\/wp\/v2\/product_cat?post=20034"},{"taxonomy":"product_tag","embeddable":true,"href":"https:\/\/riding.zandona.net\/fr\/wp-json\/wp\/v2\/product_tag?post=20034"}],"curies":[{"name":"wp","href":"https:\/\/api.w.org\/{rel}","templated":true}]}}