{"id":20051,"date":"2024-11-06T16:40:13","date_gmt":"2024-11-06T15:40:13","guid":{"rendered":"https:\/\/riding.zandona.net\/shop\/non class\u00e9\/soft-active-vest-pro-x7-8\/"},"modified":"2024-11-07T15:34:02","modified_gmt":"2024-11-07T14:34:02","slug":"soft-active-vest-pro-x7-8","status":"publish","type":"product","link":"https:\/\/riding.zandona.net\/fr\/shop\/sortie\/protections-cavalier\/soft-active-vest-pro-x7-8\/","title":{"rendered":"SOFT ACTIVE VEST PRO x7-8"},"content":{"rendered":"<p>\u00ab SOFT ACTIVE VEST PRO \u00bb est gilet de protection corsage \u00e9quip\u00e9 d&#8217;une protection dorsale de niveau 2 (performance de protection conforme \u00e0 la r\u00e9glementation EN1621) con\u00e7u pour prot\u00e9ger la colonne vert\u00e9brale des chocs.<br \/>\nSoft Active Vest Pro est \u00e9galement \u00e9quip\u00e9 de 4 coussinets amortisseurs sp\u00e9ciaux (2 sur la zone des c\u00f4tes et 2 sur les flancs) pour offrir une protection suppl\u00e9mentaire.<\/p>\n<p>CARACTERISTIQUES PRINCIPALES :<br \/>\n&#8211; Protection dorsale Niv. 2 (CE EN1621) ;<br \/>\n&#8211; Tissu S.R.T. (Sweat Removing Textile \u2013 tissu respirant 3D qui expulse la sueur) ;<br \/>\n&#8211; Sangle \u00e9lastique \u00e0 la taille qui assure la stabilit\u00e9 ;<br \/>\n&#8211; Rembourrage interne E.V.C. (Evoluted Viscoelastic Cells), caoutchouc hydrofuge antichoc ;<br \/>\n&#8211; Hautement respirant ;<br \/>\n&#8211; Confort unique ;<br \/>\n&#8211; Produit 100% italien.<\/p>\n","protected":false},"excerpt":{"rendered":"<p>Protection dorsale<\/p>\n","protected":false},"featured_media":30660,"comment_status":"open","ping_status":"closed","template":"","meta":[],"product_brand":[],"product_cat":[3698,3554],"product_tag":[],"class_list":{"0":"post-20051","1":"product","2":"type-product","3":"status-publish","4":"has-post-thumbnail","6":"product_cat-protections-cavalier","7":"product_cat-sortie","8":"pa_altezza-da-158-a-167-cm-fr","9":"pa_altezza-da-168-a-177-cm-fr","10":"pa_codice-intrastat-95069990-fr","11":"pa_disciplina-utilizzo-courses","12":"pa_disciplina-utilizzo-dressage-fr","13":"pa_disciplina-utilizzo-saut-dobstacles","14":"pa_disciplina-utilizzo-trekking-fr","15":"pa_girovita-da-102-a-114-cm-fr","16":"pa_girovita-da-78-a-85-cm-fr","17":"pa_girovita-da-86-a-93-cm-fr","18":"pa_girovita-da-94-a-101-cm-fr","20":"first","21":"instock","22":"taxable","23":"shipping-taxable","24":"purchasable","25":"product-type-variable"},"_links":{"self":[{"href":"https:\/\/riding.zandona.net\/fr\/wp-json\/wp\/v2\/product\/20051","targetHints":{"allow":["GET"]}}],"collection":[{"href":"https:\/\/riding.zandona.net\/fr\/wp-json\/wp\/v2\/product"}],"about":[{"href":"https:\/\/riding.zandona.net\/fr\/wp-json\/wp\/v2\/types\/product"}],"replies":[{"embeddable":true,"href":"https:\/\/riding.zandona.net\/fr\/wp-json\/wp\/v2\/comments?post=20051"}],"wp:featuredmedia":[{"embeddable":true,"href":"https:\/\/riding.zandona.net\/fr\/wp-json\/wp\/v2\/media\/30660"}],"wp:attachment":[{"href":"https:\/\/riding.zandona.net\/fr\/wp-json\/wp\/v2\/media?parent=20051"}],"wp:term":[{"taxonomy":"product_brand","embeddable":true,"href":"https:\/\/riding.zandona.net\/fr\/wp-json\/wp\/v2\/product_brand?post=20051"},{"taxonomy":"product_cat","embeddable":true,"href":"https:\/\/riding.zandona.net\/fr\/wp-json\/wp\/v2\/product_cat?post=20051"},{"taxonomy":"product_tag","embeddable":true,"href":"https:\/\/riding.zandona.net\/fr\/wp-json\/wp\/v2\/product_tag?post=20051"}],"curies":[{"name":"wp","href":"https:\/\/api.w.org\/{rel}","templated":true}]}}