{"id":20058,"date":"2024-11-06T16:40:26","date_gmt":"2024-11-06T15:40:26","guid":{"rendered":"https:\/\/riding.zandona.net\/shop\/non class\u00e9\/soft-vest-pro-x6-7-8\/"},"modified":"2024-11-07T15:34:48","modified_gmt":"2024-11-07T14:34:48","slug":"soft-vest-pro-x6-7-8","status":"publish","type":"product","link":"https:\/\/riding.zandona.net\/fr\/shop\/cavalier\/protections-cavalier-adulte\/protections-dorsales\/soft-vest-pro-x6-7-8\/","title":{"rendered":"SOFT VEST PRO x6-7-8"},"content":{"rendered":"<p>\u201cSOFT VEST PRO\u201d est un gilet \u00e9quip\u00e9 d\u2019une Protection dorsale certifi\u00e9e de Niveau 2<br \/>\n(selon la norme EN 1621-2) con\u00e7u pour prot\u00e9ger la colonne vert\u00e9brale des chocs et des contusions.<br \/>\nSoft Vest Pro est \u00e9quip\u00e9 de 4 coussins amortisseurs (2 au niveau de la poitrine et 2 au niveau des hanches) d\u2019une \u00e9paisseur limit\u00e9e afin de rester invisible et d\u2019apporter une aide suppl\u00e9mentaire contre d\u2019\u00e9ventuelles contusions au niveau des flancs.<\/p>\n<p>CARACT\u00c9RISTIQUES PRINCIPALES:<br \/>\n&#8211; Protection dorsale de Niveau 2 (CE EN 1621-2) ;<br \/>\n&#8211; Ceinture \u00e9lastique \u00e0 la taille assurant stabilit\u00e9 et support des reins ;<br \/>\n&#8211; Rembourrage interne E.V.C. (Evoluted Viscoelastic Cells), un mat\u00e9riau antichoc<br \/>\ninnovant et imperm\u00e9able \u00e0 l\u2019eau avec un rapport performance\/poids\/\u00e9paisseur \u00e9lev\u00e9 ;<br \/>\n&#8211; Respirant ;<br \/>\n&#8211; Confort excellent ;<br \/>\n&#8211; 100% Made in Italy.<\/p>\n","protected":false},"excerpt":{"rendered":"<p>Protection dorsale<\/p>\n","protected":false},"featured_media":9636,"comment_status":"open","ping_status":"closed","template":"","meta":[],"product_brand":[],"product_cat":[3786,3546,3790,3799],"product_tag":[],"class_list":{"0":"post-20058","1":"product","2":"type-product","3":"status-publish","4":"has-post-thumbnail","6":"product_cat-cavalier","7":"product_cat-meilleures-ventes","8":"product_cat-protections-cavalier-adulte","9":"product_cat-protections-dorsales","10":"pa_altezza-da-158-a-167-cm-fr","11":"pa_altezza-da-168-a-177-cm-fr","12":"pa_altezza-da-178-a-187-cm-fr","13":"pa_codice-intrastat-95069990-fr","14":"pa_disciplina-utilizzo-courses","15":"pa_disciplina-utilizzo-dressage-fr","16":"pa_disciplina-utilizzo-saut-dobstacles","17":"pa_disciplina-utilizzo-trekking-fr","18":"pa_girovita-da-102-a-114-cm-fr","19":"pa_girovita-da-70-a-77-cm-fr","20":"pa_girovita-da-78-a-85-cm-fr","21":"pa_girovita-da-86-a-93-cm-fr","22":"pa_girovita-da-94-a-101-cm-fr","24":"first","25":"instock","26":"taxable","27":"shipping-taxable","28":"purchasable","29":"product-type-variable"},"_links":{"self":[{"href":"https:\/\/riding.zandona.net\/fr\/wp-json\/wp\/v2\/product\/20058","targetHints":{"allow":["GET"]}}],"collection":[{"href":"https:\/\/riding.zandona.net\/fr\/wp-json\/wp\/v2\/product"}],"about":[{"href":"https:\/\/riding.zandona.net\/fr\/wp-json\/wp\/v2\/types\/product"}],"replies":[{"embeddable":true,"href":"https:\/\/riding.zandona.net\/fr\/wp-json\/wp\/v2\/comments?post=20058"}],"wp:featuredmedia":[{"embeddable":true,"href":"https:\/\/riding.zandona.net\/fr\/wp-json\/wp\/v2\/media\/9636"}],"wp:attachment":[{"href":"https:\/\/riding.zandona.net\/fr\/wp-json\/wp\/v2\/media?parent=20058"}],"wp:term":[{"taxonomy":"product_brand","embeddable":true,"href":"https:\/\/riding.zandona.net\/fr\/wp-json\/wp\/v2\/product_brand?post=20058"},{"taxonomy":"product_cat","embeddable":true,"href":"https:\/\/riding.zandona.net\/fr\/wp-json\/wp\/v2\/product_cat?post=20058"},{"taxonomy":"product_tag","embeddable":true,"href":"https:\/\/riding.zandona.net\/fr\/wp-json\/wp\/v2\/product_tag?post=20058"}],"curies":[{"name":"wp","href":"https:\/\/api.w.org\/{rel}","templated":true}]}}