{"id":20089,"date":"2024-11-06T16:41:07","date_gmt":"2024-11-06T15:41:07","guid":{"rendered":"https:\/\/riding.zandona.net\/shop\/non class\u00e9\/soft-vest-pro-kid-x6-7-8-9\/"},"modified":"2024-11-07T11:48:47","modified_gmt":"2024-11-07T10:48:47","slug":"soft-vest-pro-kid-x6-7-8-9","status":"publish","type":"product","link":"https:\/\/riding.zandona.net\/fr\/shop\/cavalier\/protections-cavalier-junior\/protections-dorsales-junior\/soft-vest-pro-kid-x6-7-8-9\/","title":{"rendered":"SOFT VEST PRO KID x6-7-8-9"},"content":{"rendered":"<p>\u201cSOFT VEST PRO KID\u201d est un gilet \u00e9quip\u00e9 d\u2019une Protection dorsale certifi\u00e9e de Niveau 2<br \/>\n(selon la norme EN 1621-2) con\u00e7u pour prot\u00e9ger la colonne vert\u00e9brale des chocs et des contusions.<br \/>\nSoft Vest Pro est \u00e9quip\u00e9 de 4 coussins amortisseurs (2 au niveau de la poitrine et 2 au niveau des hanches) d\u2019une \u00e9paisseur limit\u00e9e afin de rester invisible et d\u2019apporter une aide suppl\u00e9mentaire contre d\u2019\u00e9ventuelles contusions au niveau des flancs.<\/p>\n<p>CARACT\u00c9RISTIQUES PRINCIPALES:<br \/>\n&#8211; Protection dorsale de Niveau 2 (CE EN 1621-2) ;<br \/>\n&#8211; Ceinture \u00e9lastique \u00e0 la taille assurant stabilit\u00e9 et support des reins ;<br \/>\n&#8211; Rembourrage interne E.V.C. (Evoluted Viscoelastic Cells), un mat\u00e9riau antichoc<br \/>\ninnovant et imperm\u00e9able \u00e0 l\u2019eau avec un rapport performance\/poids\/\u00e9paisseur \u00e9lev\u00e9 ;<br \/>\n&#8211; Respirant ;<br \/>\n&#8211; Confort excellent ;<br \/>\n&#8211; 100% Made in Italy.<\/p>\n","protected":false},"excerpt":{"rendered":"<p>Protection dorsale<\/p>\n","protected":false},"featured_media":9636,"comment_status":"open","ping_status":"open","template":"","meta":[],"product_brand":[],"product_cat":[3786,3794,3800],"product_tag":[],"class_list":{"0":"post-20089","1":"product","2":"type-product","3":"status-publish","4":"has-post-thumbnail","6":"product_cat-cavalier","7":"product_cat-protections-cavalier-junior","8":"product_cat-protections-dorsales-junior","9":"pa_altezza-da-105-a-120-cm-fr","10":"pa_altezza-da-121-a-135-cm-fr","11":"pa_altezza-da-136-a-150-cm-fr","12":"pa_altezza-da-151-a-165-cm-fr","13":"pa_codice-intrastat-95069990-fr","14":"pa_disciplina-utilizzo-courses","15":"pa_disciplina-utilizzo-dressage-fr","16":"pa_disciplina-utilizzo-saut-dobstacles","17":"pa_disciplina-utilizzo-trekking-fr","18":"pa_girovita-da-57-a-73-cm-fr","19":"pa_girovita-da-63-a-80-cm-fr","20":"pa_girovita-da-63-a-86-cm-fr","21":"pa_girovita-da-70-a-91-cm-fr","23":"first","24":"instock","25":"taxable","26":"shipping-taxable","27":"purchasable","28":"product-type-variable"},"_links":{"self":[{"href":"https:\/\/riding.zandona.net\/fr\/wp-json\/wp\/v2\/product\/20089","targetHints":{"allow":["GET"]}}],"collection":[{"href":"https:\/\/riding.zandona.net\/fr\/wp-json\/wp\/v2\/product"}],"about":[{"href":"https:\/\/riding.zandona.net\/fr\/wp-json\/wp\/v2\/types\/product"}],"replies":[{"embeddable":true,"href":"https:\/\/riding.zandona.net\/fr\/wp-json\/wp\/v2\/comments?post=20089"}],"wp:featuredmedia":[{"embeddable":true,"href":"https:\/\/riding.zandona.net\/fr\/wp-json\/wp\/v2\/media\/9636"}],"wp:attachment":[{"href":"https:\/\/riding.zandona.net\/fr\/wp-json\/wp\/v2\/media?parent=20089"}],"wp:term":[{"taxonomy":"product_brand","embeddable":true,"href":"https:\/\/riding.zandona.net\/fr\/wp-json\/wp\/v2\/product_brand?post=20089"},{"taxonomy":"product_cat","embeddable":true,"href":"https:\/\/riding.zandona.net\/fr\/wp-json\/wp\/v2\/product_cat?post=20089"},{"taxonomy":"product_tag","embeddable":true,"href":"https:\/\/riding.zandona.net\/fr\/wp-json\/wp\/v2\/product_tag?post=20089"}],"curies":[{"name":"wp","href":"https:\/\/api.w.org\/{rel}","templated":true}]}}