{"id":20136,"date":"2024-11-06T16:41:56","date_gmt":"2024-11-06T15:41:56","guid":{"rendered":"https:\/\/riding.zandona.net\/shop\/non class\u00e9\/netcube-armour-x6-7-8\/"},"modified":"2024-11-07T11:50:25","modified_gmt":"2024-11-07T10:50:25","slug":"netcube-armour-x6-7-8","status":"publish","type":"product","link":"https:\/\/riding.zandona.net\/fr\/shop\/cavalier\/protections-cavalier-adulte\/protections-dorsalespoitrine\/netcube-armour-x6-7-8\/","title":{"rendered":"NETCUBE ARMOUR x6-7-8"},"content":{"rendered":"<p>\u201cNETCUBE ARMOUR\u201d est un syst\u00e8me de protection du dos et de la cage thoracique compos\u00e9 de la protection dorsale NetCube Back Pro certifi\u00e9e Niveau 2 (EN 1621-2)<br \/>\net de la protection thoracique certifi\u00e9e Niveau 2 (EN 1621-3).<\/p>\n<p>\u201cNetCube Armour\u201d est \u00e9quip\u00e9 de notre technologie Net3, une structure innovante en caoutchouc nitrile sp\u00e9cial anti-chocs avec technologie brevet\u00e9e de r\u00e9ticulation 3D, r\u00e9sultat d\u2019\u00e9tudes minutieuses qui nous ont permis d\u2019obtenir une combinaison gagnante de forme + composition capable d\u2019offrir d\u2019excellentes performances en termes de pouvoir d\u2019absorption \u00e9lev\u00e9 et de distribution de l\u2019\u00e9nergie d\u2019impact, assurant ainsi une protection maximale.<\/p>\n<p>La protection dorsale est enti\u00e8rement pliable et, en retirant la protection thoracique, elle peut \u00eatre utilis\u00e9e individuellement gr\u00e2ce \u00e0 des<br \/>\nbretelles accessoires qui peuvent \u00eatre achet\u00e9es s\u00e9par\u00e9ment.<\/p>\n<p>CARACT\u00c9RISTIQUES PRINCIPALES:<br \/>\n&#8211; Protection dorsale certifi\u00e9e Niveau 2 EN 1621-2 ;<br \/>\n&#8211; Protection thoracique certifi\u00e9e Niveau 2 EN 1621-3 ;<br \/>\n&#8211; Technologie Net3;<br \/>\n&#8211; Rembourrage interne E.V.C.;<br \/>\n&#8211; Technologie S.R.T.;<br \/>\n&#8211; Renew Memory Technology;<br \/>\n&#8211; ceinture lombaire avec fermeture \u00e0 la taille ;<br \/>\n&#8211; bretelles r\u00e9glables et amovibles ;<br \/>\n&#8211; 100% Made in Italy.<\/p>\n","protected":false},"excerpt":{"rendered":"<p>Protection dorsale et thoracique<\/p>\n","protected":false},"featured_media":9730,"comment_status":"open","ping_status":"open","template":"","meta":[],"product_brand":[],"product_cat":[3786,3790,3807],"product_tag":[],"class_list":{"0":"post-20136","1":"product","2":"type-product","3":"status-publish","4":"has-post-thumbnail","6":"product_cat-cavalier","7":"product_cat-protections-cavalier-adulte","8":"product_cat-protections-dorsalespoitrine","9":"pa_altezza-da-158-a-167-cm-fr","10":"pa_altezza-da-168-a-177-cm-fr","11":"pa_altezza-da-178-a-187-cm-fr","12":"pa_codice-intrastat-95069990-fr","13":"pa_disciplina-utilizzo-courses","14":"pa_disciplina-utilizzo-dressage-fr","15":"pa_disciplina-utilizzo-saut-dobstacles","16":"pa_disciplina-utilizzo-trekking-fr","17":"pa_girovita-da-102-a-114-cm-fr","18":"pa_girovita-da-70-a-77-cm-fr","19":"pa_girovita-da-78-a-85-cm-fr","20":"pa_girovita-da-86-a-93-cm-fr","21":"pa_girovita-da-94-a-101-cm-fr","23":"first","24":"instock","25":"taxable","26":"shipping-taxable","27":"purchasable","28":"product-type-variable"},"_links":{"self":[{"href":"https:\/\/riding.zandona.net\/fr\/wp-json\/wp\/v2\/product\/20136","targetHints":{"allow":["GET"]}}],"collection":[{"href":"https:\/\/riding.zandona.net\/fr\/wp-json\/wp\/v2\/product"}],"about":[{"href":"https:\/\/riding.zandona.net\/fr\/wp-json\/wp\/v2\/types\/product"}],"replies":[{"embeddable":true,"href":"https:\/\/riding.zandona.net\/fr\/wp-json\/wp\/v2\/comments?post=20136"}],"wp:featuredmedia":[{"embeddable":true,"href":"https:\/\/riding.zandona.net\/fr\/wp-json\/wp\/v2\/media\/9730"}],"wp:attachment":[{"href":"https:\/\/riding.zandona.net\/fr\/wp-json\/wp\/v2\/media?parent=20136"}],"wp:term":[{"taxonomy":"product_brand","embeddable":true,"href":"https:\/\/riding.zandona.net\/fr\/wp-json\/wp\/v2\/product_brand?post=20136"},{"taxonomy":"product_cat","embeddable":true,"href":"https:\/\/riding.zandona.net\/fr\/wp-json\/wp\/v2\/product_cat?post=20136"},{"taxonomy":"product_tag","embeddable":true,"href":"https:\/\/riding.zandona.net\/fr\/wp-json\/wp\/v2\/product_tag?post=20136"}],"curies":[{"name":"wp","href":"https:\/\/api.w.org\/{rel}","templated":true}]}}