{"id":20180,"date":"2024-11-06T16:42:47","date_gmt":"2024-11-06T15:42:47","guid":{"rendered":"https:\/\/riding.zandona.net\/shop\/non class\u00e9\/comfort-belt-pro\/"},"modified":"2024-11-07T11:51:24","modified_gmt":"2024-11-07T10:51:24","slug":"comfort-belt-pro","status":"publish","type":"product","link":"https:\/\/riding.zandona.net\/fr\/shop\/cavalier\/bande-de-soutien-lombaire\/comfort-belt-pro\/","title":{"rendered":"COMFORT BELT PRO"},"content":{"rendered":"<p>CARACTERISTIQUES PRINCIPALES:<br \/>\n&#8211; Ceinture \u00e9lastique pour le soutien lombaire;<br \/>\n&#8211; Pr\u00e9venir\/diminuer le typique mal de dos;<br \/>\n&#8211; Tr\u00e8s transpirant;<br \/>\n&#8211; Double \u00e9lastique pour un soutien accru;<br \/>\n&#8211; Sa faible \u00e9paisseur et la l\u00e9g\u00e8ret\u00e9 offre un excellent confort;<br \/>\n&#8211; Double fermature en Strap;<br \/>\n&#8211; Fabrication 100% Italienne.<\/p>\n","protected":false},"excerpt":{"rendered":"<p>Bande de soutien lombaire<\/p>\n","protected":false},"featured_media":9787,"comment_status":"open","ping_status":"open","template":"","meta":[],"product_brand":[],"product_cat":[3826,3786],"product_tag":[],"class_list":{"0":"post-20180","1":"product","2":"type-product","3":"status-publish","4":"has-post-thumbnail","6":"product_cat-bande-de-soutien-lombaire","7":"product_cat-cavalier","8":"pa_codice-intrastat-95069990-fr","9":"pa_disciplina-utilizzo-courses","10":"pa_disciplina-utilizzo-dressage-fr","11":"pa_disciplina-utilizzo-route-course","12":"pa_disciplina-utilizzo-saut-dobstacles","13":"pa_disciplina-utilizzo-tout-terrain-enduro-cross","14":"pa_disciplina-utilizzo-trekking-fr","15":"pa_girovita-da-107-a-120-cm-fr","16":"pa_girovita-da-121-a-134-cm-fr","17":"pa_girovita-da-135-a-144-cm-fr","18":"pa_girovita-da-70-a-77-cm-fr","19":"pa_girovita-da-78-a-85-cm-fr","20":"pa_girovita-da-86-a-93-cm-fr","21":"pa_girovita-da-94-a-106-cm-fr","23":"first","24":"instock","25":"taxable","26":"shipping-taxable","27":"purchasable","28":"product-type-variable"},"_links":{"self":[{"href":"https:\/\/riding.zandona.net\/fr\/wp-json\/wp\/v2\/product\/20180","targetHints":{"allow":["GET"]}}],"collection":[{"href":"https:\/\/riding.zandona.net\/fr\/wp-json\/wp\/v2\/product"}],"about":[{"href":"https:\/\/riding.zandona.net\/fr\/wp-json\/wp\/v2\/types\/product"}],"replies":[{"embeddable":true,"href":"https:\/\/riding.zandona.net\/fr\/wp-json\/wp\/v2\/comments?post=20180"}],"wp:featuredmedia":[{"embeddable":true,"href":"https:\/\/riding.zandona.net\/fr\/wp-json\/wp\/v2\/media\/9787"}],"wp:attachment":[{"href":"https:\/\/riding.zandona.net\/fr\/wp-json\/wp\/v2\/media?parent=20180"}],"wp:term":[{"taxonomy":"product_brand","embeddable":true,"href":"https:\/\/riding.zandona.net\/fr\/wp-json\/wp\/v2\/product_brand?post=20180"},{"taxonomy":"product_cat","embeddable":true,"href":"https:\/\/riding.zandona.net\/fr\/wp-json\/wp\/v2\/product_cat?post=20180"},{"taxonomy":"product_tag","embeddable":true,"href":"https:\/\/riding.zandona.net\/fr\/wp-json\/wp\/v2\/product_tag?post=20180"}],"curies":[{"name":"wp","href":"https:\/\/api.w.org\/{rel}","templated":true}]}}