{"id":20188,"date":"2024-11-06T16:43:01","date_gmt":"2024-11-06T15:43:01","guid":{"rendered":"https:\/\/riding.zandona.net\/shop\/non class\u00e9\/magnetic-equitation-socks\/"},"modified":"2024-11-07T15:34:13","modified_gmt":"2024-11-07T14:34:13","slug":"magnetic-equitation-socks","status":"publish","type":"product","link":"https:\/\/riding.zandona.net\/fr\/shop\/sortie\/chaussettes-techniques-magnetiques\/magnetic-equitation-socks\/","title":{"rendered":"MAGNETIC EQUITATION SOCKS"},"content":{"rendered":"<p>L&#8217;\u00e9quilibre et le bien-\u00eatre du pied du cavalier sont fondamentaux en \u00e9quitation.<\/p>\n<p>C&#8217;est pourquoi Zandon\u00e0, en collaboration avec SPM\u2122, a d\u00e9velopp\u00e9 \u00ab MAGNETIC EQUITATION SOCKS \u00bb, des chaussettes techniques 100 % made in Italy et dot\u00e9es d&#8217;un brevet mondial.<\/p>\n<p>Cette chaussette technique est \u00e9quip\u00e9e d&#8217;aimants sp\u00e9cialement positionn\u00e9s pour favoriser la circulation sanguine et lymphatique, ce qui favorise \u00e9galement une meilleure circulation sanguine \u00e0 proximit\u00e9 de l&#8217;\u00e9trier.<br \/>\nIls emp\u00eachent l&#8217;engourdissement du pied et aident \u00e0 maintenir les muscles actifs, favorisant ainsi le bien-\u00eatre physique du pied.<br \/>\nL&#8217;augmentation du flux sanguin dans le pied permet la disparition des tensions musculo-ligamentaires, ce qui permet aux muscles responsables de l&#8217;\u00e9quilibre de travailler plus pr\u00e9cis\u00e9ment.<\/p>\n<p>&#8211; CIRCULATION : stimule la circulation sanguine pour une meilleure performance musculaire ;<br \/>\n&#8211; \u00c9QUILIBRE POSTURAL: renforce les muscles pour un meilleur \u00e9quilibre du corps ;<br \/>\n&#8211; UNIQUE: la seule et unique chaussette d&#8217;\u00e9quitation magn\u00e9to-th\u00e9rapeutique au monde !<\/p>\n<p>AVIS IMPORTANT : NON UTILISABLE pour les porteurs de stimulateurs cardiaques<\/p>\n","protected":false},"excerpt":{"rendered":"<p>Chaussettes magn\u00e9tiques<\/p>\n","protected":false},"featured_media":30636,"comment_status":"open","ping_status":"closed","template":"","meta":[],"product_brand":[],"product_cat":[3690,3554],"product_tag":[],"class_list":{"0":"post-20188","1":"product","2":"type-product","3":"status-publish","4":"has-post-thumbnail","6":"product_cat-chaussettes-techniques-magnetiques","7":"product_cat-sortie","8":"pa_codice-intrastat-95069990-fr","9":"pa_disciplina-utilizzo-complet","10":"pa_disciplina-utilizzo-courses","11":"pa_disciplina-utilizzo-dressage-fr","12":"pa_disciplina-utilizzo-saut-dobstacles","13":"pa_disciplina-utilizzo-trekking-fr","14":"pa_numero-da-35-a-38-cm-fr","15":"pa_numero-da-39-a-42-cm-fr","16":"pa_numero-da-43-a-44-cm-fr","17":"pa_numero-da-45-a-47-cm-fr","19":"first","20":"instock","21":"taxable","22":"shipping-taxable","23":"purchasable","24":"product-type-variable"},"_links":{"self":[{"href":"https:\/\/riding.zandona.net\/fr\/wp-json\/wp\/v2\/product\/20188","targetHints":{"allow":["GET"]}}],"collection":[{"href":"https:\/\/riding.zandona.net\/fr\/wp-json\/wp\/v2\/product"}],"about":[{"href":"https:\/\/riding.zandona.net\/fr\/wp-json\/wp\/v2\/types\/product"}],"replies":[{"embeddable":true,"href":"https:\/\/riding.zandona.net\/fr\/wp-json\/wp\/v2\/comments?post=20188"}],"wp:featuredmedia":[{"embeddable":true,"href":"https:\/\/riding.zandona.net\/fr\/wp-json\/wp\/v2\/media\/30636"}],"wp:attachment":[{"href":"https:\/\/riding.zandona.net\/fr\/wp-json\/wp\/v2\/media?parent=20188"}],"wp:term":[{"taxonomy":"product_brand","embeddable":true,"href":"https:\/\/riding.zandona.net\/fr\/wp-json\/wp\/v2\/product_brand?post=20188"},{"taxonomy":"product_cat","embeddable":true,"href":"https:\/\/riding.zandona.net\/fr\/wp-json\/wp\/v2\/product_cat?post=20188"},{"taxonomy":"product_tag","embeddable":true,"href":"https:\/\/riding.zandona.net\/fr\/wp-json\/wp\/v2\/product_tag?post=20188"}],"curies":[{"name":"wp","href":"https:\/\/api.w.org\/{rel}","templated":true}]}}