{"id":20194,"date":"2024-11-06T16:43:13","date_gmt":"2024-11-06T15:43:13","guid":{"rendered":"https:\/\/riding.zandona.net\/shop\/non class\u00e9\/z-riding-socks-made-with-coolmax\/"},"modified":"2024-11-07T11:51:42","modified_gmt":"2024-11-07T10:51:42","slug":"z-riding-socks-made-with-coolmax","status":"publish","type":"product","link":"https:\/\/riding.zandona.net\/fr\/shop\/cavalier\/chaussettes-techniques\/z-riding-socks-made-with-coolmax\/","title":{"rendered":"Z RIDING SOCKS made with CoolMax\u00ae"},"content":{"rendered":"<p>Les Z RIDING SOCKS sont des chaussettes techniques sp\u00e9cialement con\u00e7ues pour la<br \/>\npratique de l\u2019\u00e9quitation, toutes disciplines confondues (jumping, dressage, concours<br \/>\ncomplet, loisirs\u2026).<\/p>\n<p>Ces chaussettes offrent un confort exceptionnel et un style in\u00e9gal\u00e9.<\/p>\n<p>Respirabilit\u00e9 maximale : fabriqu\u00e9es \u00e0 partir d\u2019un tissu polyamide\/polyester<br \/>\nhaut de gamme, elles se distinguent des chaussettes ordinaires par leur capacit\u00e9<br \/>\n\u00e0 \u00e9liminer rapidement l\u2019humidit\u00e9, gardant les pieds au frais et au sec gr\u00e2ce \u00e0 la<br \/>\ntechnologie Coolmax\u00ae ;<\/p>\n<p>Coupe anatomique : la structure anatomique des chaussettes assure un ajustement parfait. Elles \u00e9pousent compl\u00e8tement la forme du pied et offrent un<br \/>\nsoutien optimal sans compromettre le confort. Id\u00e9ales \u00e0 porter sous des bottes d\u2019\u00e9quitation, elles sont le choix parfait pour \u00e9viter les irritations et les inconforts ;<\/p>\n<p>Style unique : de couleur rouge et noire, les Z RIDING SOCKS offrent non seulement des performances \u00e9lev\u00e9es mais ajoutent \u00e9galement une touche d\u2019\u00e9l\u00e9gance \u00e0 la tenue \u00e9questre.<\/p>\n","protected":false},"excerpt":{"rendered":"<p>Chaussettes d&#8217;\u00e9quitation<\/p>\n","protected":false},"featured_media":9804,"comment_status":"open","ping_status":"open","template":"","meta":[],"product_brand":[],"product_cat":[3786,3822],"product_tag":[],"class_list":{"0":"post-20194","1":"product","2":"type-product","3":"status-publish","4":"has-post-thumbnail","6":"product_cat-cavalier","7":"product_cat-chaussettes-techniques","8":"pa_codice-intrastat-95069990-fr","9":"pa_disciplina-utilizzo-complet","10":"pa_disciplina-utilizzo-courses","11":"pa_disciplina-utilizzo-dressage-fr","12":"pa_disciplina-utilizzo-saut-dobstacles","13":"pa_disciplina-utilizzo-trekking-fr","14":"pa_numero-da-35-a-38-cm-fr","15":"pa_numero-da-39-a-42-cm-fr","16":"pa_numero-da-43-a-47-cm-fr","18":"first","19":"instock","20":"taxable","21":"shipping-taxable","22":"purchasable","23":"product-type-variable"},"_links":{"self":[{"href":"https:\/\/riding.zandona.net\/fr\/wp-json\/wp\/v2\/product\/20194","targetHints":{"allow":["GET"]}}],"collection":[{"href":"https:\/\/riding.zandona.net\/fr\/wp-json\/wp\/v2\/product"}],"about":[{"href":"https:\/\/riding.zandona.net\/fr\/wp-json\/wp\/v2\/types\/product"}],"replies":[{"embeddable":true,"href":"https:\/\/riding.zandona.net\/fr\/wp-json\/wp\/v2\/comments?post=20194"}],"wp:featuredmedia":[{"embeddable":true,"href":"https:\/\/riding.zandona.net\/fr\/wp-json\/wp\/v2\/media\/9804"}],"wp:attachment":[{"href":"https:\/\/riding.zandona.net\/fr\/wp-json\/wp\/v2\/media?parent=20194"}],"wp:term":[{"taxonomy":"product_brand","embeddable":true,"href":"https:\/\/riding.zandona.net\/fr\/wp-json\/wp\/v2\/product_brand?post=20194"},{"taxonomy":"product_cat","embeddable":true,"href":"https:\/\/riding.zandona.net\/fr\/wp-json\/wp\/v2\/product_cat?post=20194"},{"taxonomy":"product_tag","embeddable":true,"href":"https:\/\/riding.zandona.net\/fr\/wp-json\/wp\/v2\/product_tag?post=20194"}],"curies":[{"name":"wp","href":"https:\/\/api.w.org\/{rel}","templated":true}]}}