{"id":20206,"date":"2024-11-06T16:43:13","date_gmt":"2024-11-06T15:43:13","guid":{"rendered":"https:\/\/riding.zandona.net\/shop\/non class\u00e9\/suspenders-block-kit-4pcs\/"},"modified":"2024-11-07T11:51:55","modified_gmt":"2024-11-07T10:51:55","slug":"suspenders-block-kit-4pcs","status":"publish","type":"product","link":"https:\/\/riding.zandona.net\/fr\/shop\/cavalier\/accessoires-de-protection-du-cavalier-junior\/porte-jarretelles-junior\/suspenders-block-kit-4pcs\/","title":{"rendered":"SUSPENDERS BLOCK KIT (4pcs)"},"content":{"rendered":"<p>Kit de blocage des bretelles (4 pi\u00e8ces).<\/p>\n<p>Il peut \u00eatre utilis\u00e9 dans le cas o\u00f9 les bretelles de nos protections dorsales ont tendance \u00e0 se d\u00e9verrouiller anormalement d&#8217;elles-m\u00eames.<\/p>\n","protected":false},"excerpt":{"rendered":"<p>Kit de blocage de suspension<\/p>\n","protected":false},"featured_media":9819,"comment_status":"open","ping_status":"closed","template":"","meta":[],"product_brand":[],"product_cat":[3814,3819,3786,3841,3842],"product_tag":[],"class_list":{"0":"post-20206","1":"product","2":"type-product","3":"status-publish","4":"has-post-thumbnail","6":"product_cat-accessoires-de-protection-du-cavalier-adulte","7":"product_cat-accessoires-de-protection-du-cavalier-junior","8":"product_cat-cavalier","9":"product_cat-porte-jarretelles","10":"product_cat-porte-jarretelles-junior","11":"pa_codice-intrastat-95069990-fr","12":"pa_disciplina-utilizzo-courses","13":"pa_disciplina-utilizzo-dressage-fr","14":"pa_disciplina-utilizzo-saut-dobstacles","15":"pa_disciplina-utilizzo-trekking-fr","17":"first","18":"instock","19":"taxable","20":"shipping-taxable","21":"purchasable","22":"product-type-simple"},"_links":{"self":[{"href":"https:\/\/riding.zandona.net\/fr\/wp-json\/wp\/v2\/product\/20206","targetHints":{"allow":["GET"]}}],"collection":[{"href":"https:\/\/riding.zandona.net\/fr\/wp-json\/wp\/v2\/product"}],"about":[{"href":"https:\/\/riding.zandona.net\/fr\/wp-json\/wp\/v2\/types\/product"}],"replies":[{"embeddable":true,"href":"https:\/\/riding.zandona.net\/fr\/wp-json\/wp\/v2\/comments?post=20206"}],"wp:featuredmedia":[{"embeddable":true,"href":"https:\/\/riding.zandona.net\/fr\/wp-json\/wp\/v2\/media\/9819"}],"wp:attachment":[{"href":"https:\/\/riding.zandona.net\/fr\/wp-json\/wp\/v2\/media?parent=20206"}],"wp:term":[{"taxonomy":"product_brand","embeddable":true,"href":"https:\/\/riding.zandona.net\/fr\/wp-json\/wp\/v2\/product_brand?post=20206"},{"taxonomy":"product_cat","embeddable":true,"href":"https:\/\/riding.zandona.net\/fr\/wp-json\/wp\/v2\/product_cat?post=20206"},{"taxonomy":"product_tag","embeddable":true,"href":"https:\/\/riding.zandona.net\/fr\/wp-json\/wp\/v2\/product_tag?post=20206"}],"curies":[{"name":"wp","href":"https:\/\/api.w.org\/{rel}","templated":true}]}}