{"id":20224,"date":"2024-11-06T16:43:34","date_gmt":"2024-11-06T15:43:34","guid":{"rendered":"https:\/\/riding.zandona.net\/shop\/non class\u00e9\/netcube-armour-chest-lady-l-xl\/"},"modified":"2024-11-07T11:52:22","modified_gmt":"2024-11-07T10:52:22","slug":"netcube-armour-chest-lady-l-xl","status":"publish","type":"product","link":"https:\/\/riding.zandona.net\/fr\/shop\/cavalier\/accessoires-de-protection-du-cavalier-adulte\/protecteurs-de-poitrine\/netcube-armour-chest-lady-l-xl\/","title":{"rendered":"NETCUBE ARMOUR CHEST LADY L\/XL"},"content":{"rendered":"<p>&#8220;NETCUBE ARMOUR LADY&#8221; est l&#8217;accessoire de protection pour la poitrine pour la protection dorsale NetCube Back Pro d\u00e9di\u00e9 au public f\u00e9minin et con\u00e7u pour offrir un confort suppl\u00e9mentaire fa\u00e7onn\u00e9e et d\u00e9velopp\u00e9e en fonction de la poitrine et de la morphologie f\u00e9minine.<\/p>\n<p>CARACT\u00c9RISTIQUES PRINCIPALES:<br \/>\n&#8211; Certifi\u00e9e CE ;<br \/>\n&#8211; Net3 Technologie, une structure innovante en caoutchouc nitrile sp\u00e9cial anti-chocs avec technologie brevet\u00e9e de r\u00e9ticulation 3D, r\u00e9sultat d&#8217;\u00e9tudes minutieuses qui nous ont permis d&#8217;obtenir une combinaison gagnante de forme + composition capable d\u2019offrir d&#8217;excellentes performances en termes de pouvoir d&#8217;absorption \u00e9lev\u00e9 et de distribution de l&#8217;\u00e9nergie d&#8217;impact, assurant ainsi une protection maximale ;<br \/>\n&#8211; rembourrage interne E.V.C. (Evoluted Viscoelastic Cells), un mat\u00e9riau antichoc innovant et imperm\u00e9able \u00e0 l&#8217;eau avec un rapport performance\/poids\/\u00e9paisseur \u00e9lev\u00e9 ;<br \/>\n&#8211; Tissu S.R.T. (Sweat Removing Textile \u2013 tissu respirant 3D qui expulse la sueur) ;<br \/>\n&#8211; Renew Memory Technology (RNW) : technologie int\u00e9gr\u00e9e au mat\u00e9riau qui redonne lentement au produit sa forme et son \u00e9tat d&#8217;origine apr\u00e8s compression ;<br \/>\n&#8211; Produit 100% italien.<\/p>\n","protected":false},"excerpt":{"rendered":"<p>Protection de la poitrine<\/p>\n","protected":false},"featured_media":9847,"comment_status":"open","ping_status":"closed","template":"","meta":[],"product_brand":[],"product_cat":[3814,3786,3849],"product_tag":[],"class_list":{"0":"post-20224","1":"product","2":"type-product","3":"status-publish","4":"has-post-thumbnail","6":"product_cat-accessoires-de-protection-du-cavalier-adulte","7":"product_cat-cavalier","8":"product_cat-protecteurs-de-poitrine","9":"pa_altezza-da-158-a-187-cm-fr","10":"pa_codice-intrastat-95069990-fr","11":"pa_disciplina-utilizzo-courses","12":"pa_disciplina-utilizzo-dressage-fr","13":"pa_disciplina-utilizzo-saut-dobstacles","14":"pa_disciplina-utilizzo-trekking-fr","15":"pa_taglia-reggiseno-d-fr","17":"first","18":"instock","19":"taxable","20":"shipping-taxable","21":"purchasable","22":"product-type-simple"},"_links":{"self":[{"href":"https:\/\/riding.zandona.net\/fr\/wp-json\/wp\/v2\/product\/20224","targetHints":{"allow":["GET"]}}],"collection":[{"href":"https:\/\/riding.zandona.net\/fr\/wp-json\/wp\/v2\/product"}],"about":[{"href":"https:\/\/riding.zandona.net\/fr\/wp-json\/wp\/v2\/types\/product"}],"replies":[{"embeddable":true,"href":"https:\/\/riding.zandona.net\/fr\/wp-json\/wp\/v2\/comments?post=20224"}],"wp:featuredmedia":[{"embeddable":true,"href":"https:\/\/riding.zandona.net\/fr\/wp-json\/wp\/v2\/media\/9847"}],"wp:attachment":[{"href":"https:\/\/riding.zandona.net\/fr\/wp-json\/wp\/v2\/media?parent=20224"}],"wp:term":[{"taxonomy":"product_brand","embeddable":true,"href":"https:\/\/riding.zandona.net\/fr\/wp-json\/wp\/v2\/product_brand?post=20224"},{"taxonomy":"product_cat","embeddable":true,"href":"https:\/\/riding.zandona.net\/fr\/wp-json\/wp\/v2\/product_cat?post=20224"},{"taxonomy":"product_tag","embeddable":true,"href":"https:\/\/riding.zandona.net\/fr\/wp-json\/wp\/v2\/product_tag?post=20224"}],"curies":[{"name":"wp","href":"https:\/\/api.w.org\/{rel}","templated":true}]}}