{"id":20230,"date":"2024-11-06T16:43:59","date_gmt":"2024-11-06T15:43:59","guid":{"rendered":"https:\/\/riding.zandona.net\/shop\/non class\u00e9\/elite-air-tendon\/"},"modified":"2024-11-07T11:52:45","modified_gmt":"2024-11-07T10:52:45","slug":"elite-air-tendon","status":"publish","type":"product","link":"https:\/\/riding.zandona.net\/fr\/shop\/cheval\/protections-pour-les-chevaux\/guetres-pour-le-saut-dobstacles\/elite-air-fr\/elite-air-tendon\/","title":{"rendered":"ELITE AIR Tendon"},"content":{"rendered":"<p>Les protections innovantes \u00ab ELITE AIR tendon \u00bb sont des prot\u00e8ge-tendons de luxe con\u00e7ues pour offrir un nouveau niveau d&#8217;excellence et une protection de pointe au cheval de sport.<br \/>\nD\u00e9velopp\u00e9e pour offrir la combinaison parfaite entre protection maximale, l\u00e9g\u00e8ret\u00e9 et confort, elle repr\u00e9sente le meilleur de la technologie actuellement disponible sur le march\u00e9.<br \/>\nLa structure ext\u00e9rieure int\u00e8gre un nouvel insert sp\u00e9cial en Fibre FLEX-CARBON (brevet\u00e9) qui maximise la capacit\u00e9 de protection du prot\u00e8ge-tendons sans limiter sa flexibilit\u00e9 et son adaptabilit\u00e9 au membre, ce qui lui permet d&#8217;atteindre de nouveaux niveaux de performance.<br \/>\nLe rembourrage, compos\u00e9 d&#8217;une couche ext\u00e9rieure en Air-Mesh 3D, d&#8217;une couche int\u00e9rieure en N\u00e9opr\u00e8ne perfor\u00e9 et du Gel-Tech test\u00e9 pour les zones les plus expos\u00e9es aux chocs, offre des niveaux d&#8217;absorption et de confort optimaux ainsi qu&#8217;une respirabilit\u00e9 in\u00e9gal\u00e9e gr\u00e2ce au rev\u00eatement interne avec technologie COOLMAX\u00ae qui expulse la transpiration et pas moins de 18 prises d\u2019air.<br \/>\nLes embouts de fermeture ont une nouvelle forme qui les rend encore plus ergonomiques, plus rapides et plus fiables.<br \/>\nEnfin, les inserts sp\u00e9ciaux dor\u00e9s rendent les ELITE AIR tendon exclusifs et, gr\u00e2ce \u00e0 leur conception et leur fabrication italienne, ils posent un nouveau jalon en mati\u00e8re de style et de qualit\u00e9.<\/p>\n<p>CARACT\u00c9RISTIQUES PRINCIPALES:<br \/>\n&#8211; Structure hautement protectrice avec couche Air-Mesh 3D + couche de N\u00e9opr\u00e8ne perfor\u00e9 ;<br \/>\n&#8211; Rev\u00eatement interne en Coolmax\u00ae pour une excellente respirabilit\u00e9 ;<br \/>\n&#8211; Inserts  flexibles en fibre FLEX-CARBON (brevet\u00e9) pour une protection et un confort accrus ;<br \/>\n&#8211; Rembourrage en Gel-Tech pour une meilleure absorption des chocs;<br \/>\n&#8211; 18 Prises d&#8217;air pour une ventilation sup\u00e9rieure ;<br \/>\n&#8211; Coque ext\u00e9rieure flexible et Flex-Zone pour une libert\u00e9 de mouvement totale ;<br \/>\n&#8211; Produit 100% italien.<\/p>\n","protected":false},"excerpt":{"rendered":"<p>Protection des tendons<\/p>\n","protected":false},"featured_media":9857,"comment_status":"open","ping_status":"open","template":"","meta":[],"product_brand":[],"product_cat":[3642,3572,3650,3546,3646],"product_tag":[],"class_list":{"0":"post-20230","1":"product","2":"type-product","3":"status-publish","4":"has-post-thumbnail","6":"product_cat-cheval","7":"product_cat-elite-air-fr","8":"product_cat-guetres-pour-le-saut-dobstacles","9":"product_cat-meilleures-ventes","10":"product_cat-protections-pour-les-chevaux","11":"pa_codice-intrastat-42010000-fr","12":"pa_disciplina-utilizzo-courses","13":"pa_disciplina-utilizzo-saut-dobstacles","14":"pa_disciplina-utilizzo-trekking-fr","15":"pa_giro-nodello-da-26-a-28-cm-fr","16":"pa_giro-nodello-da-29-a-30-cm-fr","17":"pa_giro-nodello-da-31-a-32-cm-fr","18":"pa_giro-nodello-da-33-a-35-cm-fr","20":"first","21":"instock","22":"taxable","23":"shipping-taxable","24":"purchasable","25":"product-type-variable"},"_links":{"self":[{"href":"https:\/\/riding.zandona.net\/fr\/wp-json\/wp\/v2\/product\/20230","targetHints":{"allow":["GET"]}}],"collection":[{"href":"https:\/\/riding.zandona.net\/fr\/wp-json\/wp\/v2\/product"}],"about":[{"href":"https:\/\/riding.zandona.net\/fr\/wp-json\/wp\/v2\/types\/product"}],"replies":[{"embeddable":true,"href":"https:\/\/riding.zandona.net\/fr\/wp-json\/wp\/v2\/comments?post=20230"}],"wp:featuredmedia":[{"embeddable":true,"href":"https:\/\/riding.zandona.net\/fr\/wp-json\/wp\/v2\/media\/9857"}],"wp:attachment":[{"href":"https:\/\/riding.zandona.net\/fr\/wp-json\/wp\/v2\/media?parent=20230"}],"wp:term":[{"taxonomy":"product_brand","embeddable":true,"href":"https:\/\/riding.zandona.net\/fr\/wp-json\/wp\/v2\/product_brand?post=20230"},{"taxonomy":"product_cat","embeddable":true,"href":"https:\/\/riding.zandona.net\/fr\/wp-json\/wp\/v2\/product_cat?post=20230"},{"taxonomy":"product_tag","embeddable":true,"href":"https:\/\/riding.zandona.net\/fr\/wp-json\/wp\/v2\/product_tag?post=20230"}],"curies":[{"name":"wp","href":"https:\/\/api.w.org\/{rel}","templated":true}]}}