{"id":20293,"date":"2024-11-06T16:45:05","date_gmt":"2024-11-06T15:45:05","guid":{"rendered":"https:\/\/riding.zandona.net\/shop\/non class\u00e9\/carbon-chic-fetlock\/"},"modified":"2024-11-07T11:54:39","modified_gmt":"2024-11-07T10:54:39","slug":"carbon-chic-fetlock","status":"publish","type":"product","link":"https:\/\/riding.zandona.net\/fr\/shop\/cheval\/protections-pour-les-chevaux\/guetres-pour-le-saut-dobstacles\/carbon-chic-fr\/carbon-chic-fetlock\/","title":{"rendered":"CARBON CHIC Fetlock"},"content":{"rendered":"<p>Les prot\u00e8ge-boulets \u201cCARBON CHIC\u201d sont indispensables \u00e0 ceux qui veulent afficher un style \u00e0 la fois \u00e9l\u00e9gant et tendance tout en pr\u00e9servant les \u00e9l\u00e9ments techniques qui assurent la protection et la performance du cheval.<br \/>\nCes prot\u00e8ge-boulets, de la collection \u00ab Fashion Series \u00bb combinent un design de pointe caract\u00e9ris\u00e9 par des lignes audacieuses, une finition brillante et une touche paillet\u00e9e, qui ne sert pas uniquement \u00e0 embellir la gu\u00eatre mais qui offre \u00e9galement une protection accrue.<br \/>\nEn effet, l\u2019insert sp\u00e9cial en fibre de carbone, (brevet\u00e9 pour la premi\u00e8re fois en version paillet\u00e9e), am\u00e9liore la capacit\u00e9 de protection de la gu\u00eatre tout en conservant un maximum de flexibilit\u00e9 et d\u2019adaptabilit\u00e9 au membre du cheval.<br \/>\nLa doublure de la gu\u00eatre est compos\u00e9e d\u2019une couche ext\u00e9rieure en 3D Air-Mesh,<br \/>\nd\u2019une couche int\u00e9rieure en n\u00e9opr\u00e8ne perfor\u00e9 et de Gel-Tech dans les zones les<br \/>\nplus expos\u00e9es aux impacts. Cette combinaison offre au cheval une protection et un<br \/>\nconfort de haut niveau, lui permettant de briller tant en termes de performance que<br \/>\nde style.<br \/>\nLes prises d\u2019air sont larges et nombreuses afin d\u2019assurer une ventilation optimale et ainsi pr\u00e9venir le stress et la surchauffe des membres.<br \/>\nFabrication 100% Italienne et durable car ces gu\u00eatres sont fabriqu\u00e9es avec 95% de<br \/>\nTPU recycl\u00e9 (certifi\u00e9 PSV).<\/p>\n<p>CARBON CHIC, Shine Your Performance.<\/p>\n<p>CARACT\u00c9RISTIQUES PRINCIPALES:<br \/>\n&#8211; Insert paillet\u00e9 pour un style unique;<br \/>\n&#8211; Insert en fibre de carbone pour une meilleure protection;<br \/>\n&#8211; Structure anatomique en TPU recycl\u00e9;<br \/>\n&#8211; Structure et Rev\u00eatement interne super respirants;<br \/>\n&#8211; Rembourrage en Gel-Tech pour une meilleure absorption des chocs;<br \/>\n&#8211; Prises d\u2019air pour une ventilation sup\u00e9rieure;<br \/>\n&#8211; Flex-Zone pour une libert\u00e9 de mouvement totale;<br \/>\n&#8211; Air-Mesh 3D + N\u00e9opr\u00e8ne perfor\u00e9 ;<br \/>\n&#8211; 100% Made in Italy.<\/p>\n","protected":false},"excerpt":{"rendered":"<p>Prot\u00e8ge-boulets<\/p>\n","protected":false},"featured_media":9941,"comment_status":"open","ping_status":"closed","template":"","meta":[],"product_brand":[],"product_cat":[3595,3642,3650,3546,3646,3730,3550],"product_tag":[],"class_list":{"0":"post-20293","1":"product","2":"type-product","3":"status-publish","4":"has-post-thumbnail","6":"product_cat-carbon-chic-fr","7":"product_cat-cheval","8":"product_cat-guetres-pour-le-saut-dobstacles","9":"product_cat-meilleures-ventes","10":"product_cat-protections-pour-les-chevaux","11":"product_cat-protege-boulets-conformes-fei","12":"product_cat-recommande","13":"pa_codice-intrastat-42010000-fr","14":"pa_disciplina-utilizzo-courses","15":"pa_disciplina-utilizzo-saut-dobstacles","16":"pa_disciplina-utilizzo-trekking-fr","17":"pa_giro-nodello-da-28-a-30-cm-fr","18":"pa_giro-nodello-da-31-a-32-cm-fr","19":"pa_giro-nodello-da-33-a-34-cm-fr","20":"pa_giro-nodello-da-35-a-37-cm-fr","22":"first","23":"instock","24":"taxable","25":"shipping-taxable","26":"purchasable","27":"product-type-variable"},"_links":{"self":[{"href":"https:\/\/riding.zandona.net\/fr\/wp-json\/wp\/v2\/product\/20293","targetHints":{"allow":["GET"]}}],"collection":[{"href":"https:\/\/riding.zandona.net\/fr\/wp-json\/wp\/v2\/product"}],"about":[{"href":"https:\/\/riding.zandona.net\/fr\/wp-json\/wp\/v2\/types\/product"}],"replies":[{"embeddable":true,"href":"https:\/\/riding.zandona.net\/fr\/wp-json\/wp\/v2\/comments?post=20293"}],"wp:featuredmedia":[{"embeddable":true,"href":"https:\/\/riding.zandona.net\/fr\/wp-json\/wp\/v2\/media\/9941"}],"wp:attachment":[{"href":"https:\/\/riding.zandona.net\/fr\/wp-json\/wp\/v2\/media?parent=20293"}],"wp:term":[{"taxonomy":"product_brand","embeddable":true,"href":"https:\/\/riding.zandona.net\/fr\/wp-json\/wp\/v2\/product_brand?post=20293"},{"taxonomy":"product_cat","embeddable":true,"href":"https:\/\/riding.zandona.net\/fr\/wp-json\/wp\/v2\/product_cat?post=20293"},{"taxonomy":"product_tag","embeddable":true,"href":"https:\/\/riding.zandona.net\/fr\/wp-json\/wp\/v2\/product_tag?post=20293"}],"curies":[{"name":"wp","href":"https:\/\/api.w.org\/{rel}","templated":true}]}}