{"id":20338,"date":"2024-11-06T16:46:01","date_gmt":"2024-11-06T15:46:01","guid":{"rendered":"https:\/\/riding.zandona.net\/shop\/non class\u00e9\/air-master-tendon\/"},"modified":"2024-11-07T11:56:00","modified_gmt":"2024-11-07T10:56:00","slug":"air-master-tendon","status":"publish","type":"product","link":"https:\/\/riding.zandona.net\/fr\/shop\/cheval\/protections-pour-les-chevaux\/guetres-pour-le-saut-dobstacles\/air-master-fr\/air-master-tendon\/","title":{"rendered":"AIR MASTER Tendon"},"content":{"rendered":"<p>Les prot\u00e8ge-tendons innovants \u00ab AIR MASTER tendon \u00bb ont \u00e9t\u00e9 d\u00e9velopp\u00e9s pour offrir d&#8217;excellents niveaux de protection, de l\u00e9g\u00e8ret\u00e9 et de confort au cheval de sport.<br \/>\nLes multiples prises d&#8217;air favorisent une ventilation compl\u00e8te qui permet aux membres de ne pas se surchauffer et de toujours donner le meilleur d&#8217;eux-m\u00eames.<br \/>\nLa structure ext\u00e9rieure r\u00e9nov\u00e9e int\u00e8gre un nouvel insert sp\u00e9cial en Fibre FLEX-TITANIUM (brevet\u00e9) qui renforce la capacit\u00e9 de protection du prot\u00e8ge-tibia sans limiter sa flexibilit\u00e9 et son adaptabilit\u00e9 au membre.<br \/>\nLe rembourrage, compos\u00e9 d&#8217;une couche ext\u00e9rieure en Air-Mesh 3D, d&#8217;une couche int\u00e9rieure en N\u00e9opr\u00e8ne Perfor\u00e9 et du Gel-Tech test\u00e9 pour les zones les plus expos\u00e9es aux chocs, offre une excellente protection et un grand confort.<br \/>\nUn design moderne et une fabrication 100 % Made in Italy diff\u00e9rencient le AIR MASTER tendon pour sa tr\u00e8s haute qualit\u00e9 et sa l\u00e9g\u00e8ret\u00e9 exceptionnelle.<\/p>\n<p>CARACT\u00c9RISTIQUES PRINCIPALES:<\/p>\n<p>&#8211; Structure et Rev\u00eatement interne super respirants ;<br \/>\n&#8211; Inserts en Fibre FLEX-TITANIUM (brevet\u00e9) pour une Protection Suppl\u00e9mentaire ;<br \/>\n&#8211; Rembourrage en Gel-Tech pour une meilleure absorption des chocs ;<br \/>\n&#8211; Multiples Prises d&#8217;air pour une Meilleure Ventilation ;<br \/>\n&#8211; Flex-Zone pour une totale libert\u00e9 de mouvement ;<br \/>\n&#8211; Air-Mesh 3D + N\u00e9opr\u00e8ne Perfor\u00e9 ;<br \/>\n&#8211; Produit 100% italien.<\/p>\n","protected":false},"excerpt":{"rendered":"<p>Protection des tendons<\/p>\n","protected":false},"featured_media":10002,"comment_status":"open","ping_status":"open","template":"","meta":[],"product_brand":[],"product_cat":[3591,3642,3650,3646],"product_tag":[],"class_list":{"0":"post-20338","1":"product","2":"type-product","3":"status-publish","4":"has-post-thumbnail","6":"product_cat-air-master-fr","7":"product_cat-cheval","8":"product_cat-guetres-pour-le-saut-dobstacles","9":"product_cat-protections-pour-les-chevaux","10":"pa_codice-intrastat-42010000-fr","11":"pa_disciplina-utilizzo-courses","12":"pa_disciplina-utilizzo-saut-dobstacles","13":"pa_disciplina-utilizzo-trekking-fr","14":"pa_giro-nodello-da-26-a-28-cm-fr","15":"pa_giro-nodello-da-29-a-30-cm-fr","16":"pa_giro-nodello-da-31-a-32-cm-fr","17":"pa_giro-nodello-da-33-a-35-cm-fr","19":"first","20":"instock","21":"taxable","22":"shipping-taxable","23":"purchasable","24":"product-type-variable"},"_links":{"self":[{"href":"https:\/\/riding.zandona.net\/fr\/wp-json\/wp\/v2\/product\/20338","targetHints":{"allow":["GET"]}}],"collection":[{"href":"https:\/\/riding.zandona.net\/fr\/wp-json\/wp\/v2\/product"}],"about":[{"href":"https:\/\/riding.zandona.net\/fr\/wp-json\/wp\/v2\/types\/product"}],"replies":[{"embeddable":true,"href":"https:\/\/riding.zandona.net\/fr\/wp-json\/wp\/v2\/comments?post=20338"}],"wp:featuredmedia":[{"embeddable":true,"href":"https:\/\/riding.zandona.net\/fr\/wp-json\/wp\/v2\/media\/10002"}],"wp:attachment":[{"href":"https:\/\/riding.zandona.net\/fr\/wp-json\/wp\/v2\/media?parent=20338"}],"wp:term":[{"taxonomy":"product_brand","embeddable":true,"href":"https:\/\/riding.zandona.net\/fr\/wp-json\/wp\/v2\/product_brand?post=20338"},{"taxonomy":"product_cat","embeddable":true,"href":"https:\/\/riding.zandona.net\/fr\/wp-json\/wp\/v2\/product_cat?post=20338"},{"taxonomy":"product_tag","embeddable":true,"href":"https:\/\/riding.zandona.net\/fr\/wp-json\/wp\/v2\/product_tag?post=20338"}],"curies":[{"name":"wp","href":"https:\/\/api.w.org\/{rel}","templated":true}]}}