{"id":20374,"date":"2024-11-06T16:46:38","date_gmt":"2024-11-06T15:46:38","guid":{"rendered":"https:\/\/riding.zandona.net\/shop\/non class\u00e9\/air-master-h-performance-short-fetlock\/"},"modified":"2024-11-07T11:56:57","modified_gmt":"2024-11-07T10:56:57","slug":"air-master-h-performance-short-fetlock","status":"publish","type":"product","link":"https:\/\/riding.zandona.net\/fr\/shop\/sortie\/protections-pour-les-chevaux-fr\/air-master-protezioni-cavallo-in-promozione-fr\/air-master-h-performance-short-fetlock\/","title":{"rendered":"AIR MASTER H-PERFORMANCE SHORT Fetlock"},"content":{"rendered":"<p>Les \u00ab AIR MASTER H-PERFORMANCE SHORT fetlock \u00bb sont des prot\u00e8ges boulets sp\u00e9ciaux innovants d\u00e9velopp\u00e9s pour obtenir des performances exceptionnelles et un confort optimal du cheval dans la discipline du Saut d&#8217;Obstacles.<br \/>\nLa version Short gr\u00e2ce \u00e0 une conformation plus courte (par rapport \u00e0 la version H-Performance Long) le long du tendon, pour plus de performance sans compromettre le confort et le bien-\u00eatre du cheval.<br \/>\nLe rembourrage, compos\u00e9 d&#8217;une couche ext\u00e9rieure en Air-Mesh 3D, d&#8217;une couche int\u00e9rieure en N\u00e9opr\u00e8ne Perfor\u00e9 et du Gel-Tech test\u00e9 pour les zones les plus expos\u00e9es aux chocs, offre une excellente protection et un grand confort.<br \/>\nLes \u00e9lastiques \u00ab performance \u00bb fournis garantissent un haut niveau de performance et les embouts de fermeture ont une nouvelle forme qui les rend encore plus ergonomiques, plus rapides et plus fiables.<br \/>\nUn design moderne et une fabrication 100 % Made in Italy diff\u00e9rencient les AIR MASTER H-PERFORMANCE fetlock pour sa tr\u00e8s haute qualit\u00e9 et sa l\u00e9g\u00e8ret\u00e9 exceptionnelle.<\/p>\n<p>CARACT\u00c9RISTIQUES PRINCIPALES :<br \/>\n&#8211; Structure et Rev\u00eatement interne super respirants ;<br \/>\n&#8211; Rembourrage en Gel-Tech pour une meilleure absorption des chocs ;<br \/>\n&#8211; Multiples Prises d&#8217;air pour une Meilleure Ventilation ;<br \/>\n&#8211; Air-Mesh 3D + N\u00e9opr\u00e8ne Perfor\u00e9 ;<br \/>\n&#8211; Produit 100% italien.<\/p>\n","protected":false},"excerpt":{"rendered":"<p>Prot\u00e8ge-boulets (Performance Boots)<\/p>\n","protected":false},"featured_media":10050,"comment_status":"open","ping_status":"closed","template":"","meta":[],"product_brand":[],"product_cat":[3953,3694,3730,3554],"product_tag":[],"class_list":{"0":"post-20374","1":"product","2":"type-product","3":"status-publish","4":"has-post-thumbnail","6":"product_cat-air-master-protezioni-cavallo-in-promozione-fr","7":"product_cat-protections-pour-les-chevaux-fr","8":"product_cat-protege-boulets-conformes-fei","9":"product_cat-sortie","10":"pa_codice-intrastat-42010000-fr","11":"pa_disciplina-utilizzo-courses","12":"pa_disciplina-utilizzo-saut-dobstacles","13":"pa_disciplina-utilizzo-trekking-fr","14":"pa_giro-nodello-da-28-a-30-cm-fr","15":"pa_giro-nodello-da-31-a-32-cm-fr","16":"pa_giro-nodello-da-33-a-34-cm-fr","17":"pa_giro-nodello-da-35-a-37-cm-fr","19":"first","20":"instock","21":"taxable","22":"shipping-taxable","23":"purchasable","24":"product-type-variable"},"_links":{"self":[{"href":"https:\/\/riding.zandona.net\/fr\/wp-json\/wp\/v2\/product\/20374","targetHints":{"allow":["GET"]}}],"collection":[{"href":"https:\/\/riding.zandona.net\/fr\/wp-json\/wp\/v2\/product"}],"about":[{"href":"https:\/\/riding.zandona.net\/fr\/wp-json\/wp\/v2\/types\/product"}],"replies":[{"embeddable":true,"href":"https:\/\/riding.zandona.net\/fr\/wp-json\/wp\/v2\/comments?post=20374"}],"wp:featuredmedia":[{"embeddable":true,"href":"https:\/\/riding.zandona.net\/fr\/wp-json\/wp\/v2\/media\/10050"}],"wp:attachment":[{"href":"https:\/\/riding.zandona.net\/fr\/wp-json\/wp\/v2\/media?parent=20374"}],"wp:term":[{"taxonomy":"product_brand","embeddable":true,"href":"https:\/\/riding.zandona.net\/fr\/wp-json\/wp\/v2\/product_brand?post=20374"},{"taxonomy":"product_cat","embeddable":true,"href":"https:\/\/riding.zandona.net\/fr\/wp-json\/wp\/v2\/product_cat?post=20374"},{"taxonomy":"product_tag","embeddable":true,"href":"https:\/\/riding.zandona.net\/fr\/wp-json\/wp\/v2\/product_tag?post=20374"}],"curies":[{"name":"wp","href":"https:\/\/api.w.org\/{rel}","templated":true}]}}