{"id":20527,"date":"2024-11-06T16:49:41","date_gmt":"2024-11-06T15:49:41","guid":{"rendered":"https:\/\/riding.zandona.net\/shop\/non class\u00e9\/carbon-pro-h-performance-ex-fetlock\/"},"modified":"2024-11-07T12:01:28","modified_gmt":"2024-11-07T11:01:28","slug":"carbon-pro-h-performance-ex-fetlock","status":"publish","type":"product","link":"https:\/\/riding.zandona.net\/fr\/shop\/sortie\/protections-pour-les-chevaux-fr\/carbon-pro-ex-protezioni-cavallo-in-promozione_fr\/carbon-pro-h-performance-ex-fetlock\/","title":{"rendered":"CARBON PRO H-PERFORMANCE eX Fetlock"},"content":{"rendered":"<p>Les prot\u00e8ge-boulets \u00ab CARBON PRO H-PERFORMANCE eX fetlock \u00bb sont n\u00e9cessaire pour les chevaux qui ont tendance \u00e0 frapper la zone de leur membre oppos\u00e9 en dessous du genou ou pastorale avec leur fer. Cette Protection Suppl\u00e9mentaire est cr\u00e9\u00e9e gr\u00e2ce \u00e0 une extension ergonomique du  rembourrage en n\u00e9opr\u00e8ne et est recouverte d\u2019un film anti-usure au look carbone.<\/p>\n<p>Ces prot\u00e8ge-boulets sont con\u00e7us pour aider les chevaux qui ont des difficult\u00e9s \u00e0 sauter avec leurs membres arri\u00e8re en termes de sensation gr\u00e2ce \u00e0 une conformation diff\u00e9rente le long du tendon, sans compromettre le confort et le bien-\u00eatre du cheval, et pour \u00eatre utilis\u00e9s exclusivement en comp\u00e9tition. <\/p>\n<p>Ils repr\u00e9sentent l\u2019\u00e9volution de notre gamme la plus \u00e9tendue et la plus vendue d\u00e9di\u00e9e \u00e0 la pratique du saut d\u2019obstacles.<br \/>\nUn design compl\u00e8tement repens\u00e9 pour offrir au cheval des gu\u00eatres encore plus l\u00e9g\u00e8res, plus respirantes et une protection plus compl\u00e8te. <\/p>\n<p>Les \u00e9l\u00e9ments en fibre de carbone, encore plus r\u00e9sistants et \u00e9tendus, cr\u00e9ent une barri\u00e8re thermique pour prot\u00e9ger les articulations du cheval de la chaleur g\u00e9n\u00e9r\u00e9e par le frottement et augmenter la r\u00e9sistance aux chocs.<\/p>\n<p>Le rembourrage se compose d\u2019une couche ext\u00e9rieure en 3D Air-Mesh, d\u2019une couche int\u00e9rieure en n\u00e9opr\u00e8ne perfor\u00e9 et de Gel-Tech dans les zones les plus expos\u00e9es aux impacts.<\/p>\n<p>Les nouvelles fermetures \u00e0 bouton ont \u00e9t\u00e9 redessin\u00e9es dans un style plus moderne et rendues plus confortables et fonctionnelles, pour une fixation rapide et une durabilit\u00e9 accrue.<\/p>\n<p>Enfin, la Flex-Zone continue d\u2019assurer une libert\u00e9 de mouvements maximale pour le membre.<\/p>\n<p>Fabrication 100% Italienne et durable car ces gu\u00eatres sont fabriqu\u00e9es avec 95% de TPU recycl\u00e9 (certifi\u00e9 PSV).<\/p>\n<p>CARACT\u00c9RISTIQUES PRINCIPALES:<br \/>\n&#8211; Extension ergonomique en n\u00e9opr\u00e8ne pour Protection Suppl\u00e9mentaire ;<br \/>\n&#8211; Insert en fibre de carbone pour une meilleure protection;<br \/>\n&#8211; Structure anatomique en TPU recycl\u00e9;<br \/>\n&#8211; Air-Mesh 3D + N\u00e9opr\u00e8ne perfor\u00e9 ;<br \/>\n&#8211; Rembourrage en Gel-Tech pour une meilleure absorption des chocs;<br \/>\n&#8211; Prises d\u2019air augment\u00e9 pour une ventilation sup\u00e9rieure;<br \/>\n&#8211; Flex-Zone pour une libert\u00e9 de mouvement totale;<br \/>\n&#8211; Fixation garantie par des nouvelles fermetures \u00e0 bouton;<br \/>\n&#8211; 100% Made in Italy.<\/p>\n","protected":false},"excerpt":{"rendered":"<p>Prot\u00e8ge-boulets (Performance Boots)<\/p>\n","protected":false},"featured_media":36882,"comment_status":"open","ping_status":"closed","template":"","meta":[],"product_brand":[],"product_cat":[3973,3694,3730,3554],"product_tag":[],"class_list":{"0":"post-20527","1":"product","2":"type-product","3":"status-publish","4":"has-post-thumbnail","6":"product_cat-carbon-pro-ex-protezioni-cavallo-in-promozione_fr","7":"product_cat-protections-pour-les-chevaux-fr","8":"product_cat-protege-boulets-conformes-fei","9":"product_cat-sortie","10":"pa_codice-intrastat-42010000-fr","11":"pa_disciplina-utilizzo-courses","12":"pa_disciplina-utilizzo-saut-dobstacles","13":"pa_disciplina-utilizzo-trekking-fr","14":"pa_giro-nodello-da-28-a-30-cm-fr","15":"pa_giro-nodello-da-31-a-32-cm-fr","16":"pa_giro-nodello-da-33-a-34-cm-fr","17":"pa_giro-nodello-da-35-a-37-cm-fr","19":"first","20":"instock","21":"taxable","22":"shipping-taxable","23":"purchasable","24":"product-type-variable"},"_links":{"self":[{"href":"https:\/\/riding.zandona.net\/fr\/wp-json\/wp\/v2\/product\/20527","targetHints":{"allow":["GET"]}}],"collection":[{"href":"https:\/\/riding.zandona.net\/fr\/wp-json\/wp\/v2\/product"}],"about":[{"href":"https:\/\/riding.zandona.net\/fr\/wp-json\/wp\/v2\/types\/product"}],"replies":[{"embeddable":true,"href":"https:\/\/riding.zandona.net\/fr\/wp-json\/wp\/v2\/comments?post=20527"}],"wp:featuredmedia":[{"embeddable":true,"href":"https:\/\/riding.zandona.net\/fr\/wp-json\/wp\/v2\/media\/36882"}],"wp:attachment":[{"href":"https:\/\/riding.zandona.net\/fr\/wp-json\/wp\/v2\/media?parent=20527"}],"wp:term":[{"taxonomy":"product_brand","embeddable":true,"href":"https:\/\/riding.zandona.net\/fr\/wp-json\/wp\/v2\/product_brand?post=20527"},{"taxonomy":"product_cat","embeddable":true,"href":"https:\/\/riding.zandona.net\/fr\/wp-json\/wp\/v2\/product_cat?post=20527"},{"taxonomy":"product_tag","embeddable":true,"href":"https:\/\/riding.zandona.net\/fr\/wp-json\/wp\/v2\/product_tag?post=20527"}],"curies":[{"name":"wp","href":"https:\/\/api.w.org\/{rel}","templated":true}]}}