{"id":20536,"date":"2024-11-06T16:49:54","date_gmt":"2024-11-06T15:49:54","guid":{"rendered":"https:\/\/riding.zandona.net\/shop\/non class\u00e9\/carbon-pro-sensitive-tendon\/"},"modified":"2024-11-07T12:01:44","modified_gmt":"2024-11-07T11:01:44","slug":"carbon-pro-sensitive-tendon","status":"publish","type":"product","link":"https:\/\/riding.zandona.net\/fr\/shop\/cheval\/protections-pour-les-chevaux\/guetres-pour-le-saut-dobstacles\/carbon-pro-sensitive-fr\/carbon-pro-sensitive-tendon\/","title":{"rendered":"CARBON PRO SENSITIVE+ Tendon"},"content":{"rendered":"<p>Les gu\u00eatres \u201cCARBON PRO SENSITIVE+&#8221; tendon sont caract\u00e9ris\u00e9 par leur rev\u00eatement fait avec de l\u2019AGNEAU NATUREL M\u00e9rinos de haute qualit\u00e9, obtenu par la tonte.<\/p>\n<p>La laine d\u2019agneau, Natural Thermor\u00e9gulateur, est parfaite pour \u00eatre utilis\u00e9 durant les 4 saisons, gr\u00e2ce \u00e0 ses Propri\u00e9t\u00e9s Antiallergique, elle est id\u00e9ale pour les peaux sensibles.<\/p>\n<p>\u00c9viter l\u2019utilisation de peau d\u2019agneau permet d\u2019\u00e9viter tous ses probl\u00e8mes typiques de soin et de maintenance, sans renoncer au confort maximum et aux propri\u00e9t\u00e9s antiallergique sp\u00e9cifiques.<\/p>\n<p>Un design compl\u00e8tement repens\u00e9 pour offrir au cheval des gu\u00eatres encore plus l\u00e9g\u00e8res, plus respirantes et une protection plus compl\u00e8te. <\/p>\n<p>La structure innovante, inspir\u00e9e du sport automobile et de l\u2019aviation, dispose de grandes prises d\u2019air strat\u00e9giquement positionn\u00e9es et, pour la premi\u00e8re fois, dispos\u00e9es \u00e0 l\u2019avant, dans le sens du mouvement du cheval. Gr\u00e2ce \u00e0 cela, l\u2019air canalis\u00e9 \u00e0 travers une doublure en 3D Air-Mesh situ\u00e9e sous la coque, est r\u00e9parti dans la gu\u00eatre, avant d\u2019\u00eatre expuls\u00e9 pour les ouvertures situ\u00e9es \u00e0 l\u2019arri\u00e8re. L\u2019effet produit est comparable \u00e0 la d\u00e9pression typique g\u00e9n\u00e9r\u00e9e \u00e0 l\u2019arri\u00e8re des v\u00e9hicules\/objets en mouvement. Cette innovation majeure r\u00e9duit les effets n\u00e9fastes li\u00e9s \u00e0 l\u2019exc\u00e8s de chaleur et diminue les risques de blessures.<\/p>\n<p>Les \u00e9l\u00e9ments en fibre de carbone, encore plus r\u00e9sistants et \u00e9tendus, cr\u00e9ent une barri\u00e8re thermique pour prot\u00e9ger les articulations du cheval de la chaleur g\u00e9n\u00e9r\u00e9e par le frottement et augmenter la r\u00e9sistance aux chocs.<\/p>\n<p>Le rembourrage se compose d\u2019une couche ext\u00e9rieure en 3D Air-Mesh, d\u2019une couche int\u00e9rieure en n\u00e9opr\u00e8ne perfor\u00e9 et de Gel-Tech dans les zones les plus expos\u00e9es aux impacts.<\/p>\n<p>Les nouvelles fermetures \u00e0 bouton ont \u00e9t\u00e9 redessin\u00e9es dans un style plus moderne et rendues plus confortables et fonctionnelles, pour une fixation rapide et une durabilit\u00e9 accrue.<\/p>\n<p>Enfin, la Flex-Zone continue d\u2019assurer une libert\u00e9 de mouvements maximale pour le membre.<\/p>\n<p>Fabrication 100% Italienne et durable car ces gu\u00eatres sont fabriqu\u00e9es avec 95% de TPU recycl\u00e9 (certifi\u00e9 PSV).<\/p>\n<p>CARACT\u00c9RISTIQUES PRINCIPALES:<br \/>\n&#8211; Insert en fibre de carbone pour une meilleure protection;<br \/>\n&#8211; \u201cNo Skin, No Problem\u201d Natural Merino Wool rev\u00eatement;<br \/>\n&#8211; Structure anatomique en TPU recycl\u00e9;<br \/>\n&#8211; Air-Mesh 3D + N\u00e9opr\u00e8ne perfor\u00e9 ;<br \/>\n&#8211; Rembourrage en Gel-Tech pour une meilleure absorption des chocs;<br \/>\n&#8211; Prises d\u2019air augment\u00e9 pour une ventilation sup\u00e9rieure;<br \/>\n&#8211; Flex-Zone pour une libert\u00e9 de mouvement totale;<br \/>\n&#8211; Fixation garantie par des nouvelles fermetures \u00e0 bouton;<br \/>\n&#8211; 100% Made in Italy.<\/p>\n","protected":false},"excerpt":{"rendered":"<p>Protection des tendons<\/p>\n","protected":false},"featured_media":10274,"comment_status":"open","ping_status":"closed","template":"","meta":[],"product_brand":[],"product_cat":[3578,3642,3650,3646],"product_tag":[],"class_list":{"0":"post-20536","1":"product","2":"type-product","3":"status-publish","4":"has-post-thumbnail","6":"product_cat-carbon-pro-sensitive-fr","7":"product_cat-cheval","8":"product_cat-guetres-pour-le-saut-dobstacles","9":"product_cat-protections-pour-les-chevaux","10":"pa_codice-intrastat-42010000-fr","11":"pa_disciplina-utilizzo-courses","12":"pa_disciplina-utilizzo-saut-dobstacles","13":"pa_disciplina-utilizzo-trekking-fr","14":"pa_giro-nodello-da-26-a-28-cm-fr","15":"pa_giro-nodello-da-29-a-30-cm-fr","16":"pa_giro-nodello-da-31-a-32-cm-fr","17":"pa_giro-nodello-da-33-a-35-cm-fr","19":"first","20":"instock","21":"taxable","22":"shipping-taxable","23":"purchasable","24":"product-type-variable"},"_links":{"self":[{"href":"https:\/\/riding.zandona.net\/fr\/wp-json\/wp\/v2\/product\/20536","targetHints":{"allow":["GET"]}}],"collection":[{"href":"https:\/\/riding.zandona.net\/fr\/wp-json\/wp\/v2\/product"}],"about":[{"href":"https:\/\/riding.zandona.net\/fr\/wp-json\/wp\/v2\/types\/product"}],"replies":[{"embeddable":true,"href":"https:\/\/riding.zandona.net\/fr\/wp-json\/wp\/v2\/comments?post=20536"}],"wp:featuredmedia":[{"embeddable":true,"href":"https:\/\/riding.zandona.net\/fr\/wp-json\/wp\/v2\/media\/10274"}],"wp:attachment":[{"href":"https:\/\/riding.zandona.net\/fr\/wp-json\/wp\/v2\/media?parent=20536"}],"wp:term":[{"taxonomy":"product_brand","embeddable":true,"href":"https:\/\/riding.zandona.net\/fr\/wp-json\/wp\/v2\/product_brand?post=20536"},{"taxonomy":"product_cat","embeddable":true,"href":"https:\/\/riding.zandona.net\/fr\/wp-json\/wp\/v2\/product_cat?post=20536"},{"taxonomy":"product_tag","embeddable":true,"href":"https:\/\/riding.zandona.net\/fr\/wp-json\/wp\/v2\/product_tag?post=20536"}],"curies":[{"name":"wp","href":"https:\/\/api.w.org\/{rel}","templated":true}]}}