{"id":20545,"date":"2024-11-06T16:50:07","date_gmt":"2024-11-06T15:50:07","guid":{"rendered":"https:\/\/riding.zandona.net\/shop\/non class\u00e9\/carbon-pro-sensitive-fetlock\/"},"modified":"2024-11-07T12:01:56","modified_gmt":"2024-11-07T11:01:56","slug":"carbon-pro-sensitive-fetlock","status":"publish","type":"product","link":"https:\/\/riding.zandona.net\/fr\/shop\/cheval\/protections-pour-les-chevaux\/guetres-pour-le-saut-dobstacles\/carbon-pro-sensitive-fr\/carbon-pro-sensitive-fetlock\/","title":{"rendered":"CARBON PRO SENSITIVE+ Fetlock"},"content":{"rendered":"<p>Les prot\u00e8ge-boulets \u201cCARBON PRO SENSITIVE+ fetlock&#8221; sont caract\u00e9ris\u00e9 par leur rev\u00eatement fait avec de l\u2019AGNEAU NATUREL M\u00e9rinos de haute qualit\u00e9, obtenu par la tonte.<\/p>\n<p>La laine d\u2019agneau, Natural Thermor\u00e9gulateur, est parfaite pour \u00eatre utilis\u00e9 durant les 4 saisons, gr\u00e2ce \u00e0 ses Propri\u00e9t\u00e9s Antiallergique, elle est id\u00e9ale pour les peaux sensibles.<\/p>\n<p>\u00c9viter l\u2019utilisation de peau d\u2019agneau permet d\u2019\u00e9viter tous ses probl\u00e8mes typiques de soin et de maintenance, sans renoncer au confort maximum et aux propri\u00e9t\u00e9s antiallergique sp\u00e9cifiques.<\/p>\n<p>Un design compl\u00e8tement repens\u00e9 pour offrir au cheval des prot\u00e8ge-boulets encore plus l\u00e9g\u00e8res, plus respirantes et une protection plus compl\u00e8te. <\/p>\n<p>Les \u00e9l\u00e9ments en fibre de carbone, encore plus r\u00e9sistants et \u00e9tendus, cr\u00e9ent une barri\u00e8re thermique pour prot\u00e9ger les articulations du cheval de la chaleur g\u00e9n\u00e9r\u00e9e par le frottement et augmenter la r\u00e9sistance aux chocs.<\/p>\n<p>Le rembourrage se compose d\u2019une couche ext\u00e9rieure en 3D Air-Mesh, d\u2019une couche int\u00e9rieure en n\u00e9opr\u00e8ne perfor\u00e9 et de Gel-Tech dans les zones les plus expos\u00e9es aux impacts.<\/p>\n<p>Les nouvelles fermetures \u00e0 bouton ont \u00e9t\u00e9 redessin\u00e9es dans un style plus moderne et rendues plus confortables et fonctionnelles, pour une fixation rapide et une durabilit\u00e9 accrue.<\/p>\n<p>Enfin, la Flex-Zone continue d\u2019assurer une libert\u00e9 de mouvements maximale pour le membre.<\/p>\n<p>Fabrication 100% Italienne et durable car ces gu\u00eatres sont fabriqu\u00e9es avec 95% de TPU recycl\u00e9 (certifi\u00e9 PSV).<\/p>\n<p>CARACT\u00c9RISTIQUES PRINCIPALES:<br \/>\n&#8211; Insert en fibre de carbone pour une meilleure protection;<br \/>\n&#8211; \u201cNo Skin, No Problem\u201d Natural Merino Wool rev\u00eatement;<br \/>\n&#8211; Structure anatomique en TPU recycl\u00e9;<br \/>\n&#8211; Air-Mesh 3D + N\u00e9opr\u00e8ne perfor\u00e9 ;<br \/>\n&#8211; Rembourrage en Gel-Tech pour une meilleure absorption des chocs;<br \/>\n&#8211; Prises d\u2019air augment\u00e9 pour une ventilation sup\u00e9rieure;<br \/>\n&#8211; Flex-Zone pour une libert\u00e9 de mouvement totale;<br \/>\n&#8211; Fixation garantie par des nouvelles fermetures \u00e0 bouton;<br \/>\n&#8211; 100% Made in Italy.<\/p>\n","protected":false},"excerpt":{"rendered":"<p>Prot\u00e8ge-boulets<\/p>\n","protected":false},"featured_media":10287,"comment_status":"open","ping_status":"open","template":"","meta":[],"product_brand":[],"product_cat":[3578,3642,3650,3646,3730],"product_tag":[],"class_list":{"0":"post-20545","1":"product","2":"type-product","3":"status-publish","4":"has-post-thumbnail","6":"product_cat-carbon-pro-sensitive-fr","7":"product_cat-cheval","8":"product_cat-guetres-pour-le-saut-dobstacles","9":"product_cat-protections-pour-les-chevaux","10":"product_cat-protege-boulets-conformes-fei","11":"pa_codice-intrastat-42010000-fr","12":"pa_disciplina-utilizzo-courses","13":"pa_disciplina-utilizzo-saut-dobstacles","14":"pa_disciplina-utilizzo-trekking-fr","15":"pa_giro-nodello-da-28-a-30-cm-fr","16":"pa_giro-nodello-da-31-a-32-cm-fr","17":"pa_giro-nodello-da-33-a-34-cm-fr","18":"pa_giro-nodello-da-35-a-37-cm-fr","20":"first","21":"instock","22":"taxable","23":"shipping-taxable","24":"purchasable","25":"product-type-variable"},"_links":{"self":[{"href":"https:\/\/riding.zandona.net\/fr\/wp-json\/wp\/v2\/product\/20545","targetHints":{"allow":["GET"]}}],"collection":[{"href":"https:\/\/riding.zandona.net\/fr\/wp-json\/wp\/v2\/product"}],"about":[{"href":"https:\/\/riding.zandona.net\/fr\/wp-json\/wp\/v2\/types\/product"}],"replies":[{"embeddable":true,"href":"https:\/\/riding.zandona.net\/fr\/wp-json\/wp\/v2\/comments?post=20545"}],"wp:featuredmedia":[{"embeddable":true,"href":"https:\/\/riding.zandona.net\/fr\/wp-json\/wp\/v2\/media\/10287"}],"wp:attachment":[{"href":"https:\/\/riding.zandona.net\/fr\/wp-json\/wp\/v2\/media?parent=20545"}],"wp:term":[{"taxonomy":"product_brand","embeddable":true,"href":"https:\/\/riding.zandona.net\/fr\/wp-json\/wp\/v2\/product_brand?post=20545"},{"taxonomy":"product_cat","embeddable":true,"href":"https:\/\/riding.zandona.net\/fr\/wp-json\/wp\/v2\/product_cat?post=20545"},{"taxonomy":"product_tag","embeddable":true,"href":"https:\/\/riding.zandona.net\/fr\/wp-json\/wp\/v2\/product_tag?post=20545"}],"curies":[{"name":"wp","href":"https:\/\/api.w.org\/{rel}","templated":true}]}}