{"id":20624,"date":"2024-11-06T16:51:36","date_gmt":"2024-11-06T15:51:36","guid":{"rendered":"https:\/\/riding.zandona.net\/shop\/non class\u00e9\/carbon-air-ep-tendon\/"},"modified":"2024-11-07T12:04:22","modified_gmt":"2024-11-07T11:04:22","slug":"carbon-air-ep-tendon","status":"publish","type":"product","link":"https:\/\/riding.zandona.net\/fr\/shop\/sortie\/protections-pour-les-chevaux-fr\/carbon-air-extra-protection-fr\/carbon-air-ep-tendon\/","title":{"rendered":"CARBON AIR EP Tendon"},"content":{"rendered":"<p>Les prot\u00e8ge-boulets \u00ab CARBON AIR EP Tendon \u00bb offrent une protection suppl\u00e9mentaire n\u00e9cessaire aux chevaux qui ont tendance \u00e0 frapper le paturon du membre oppos\u00e9 avec le fer. Ils sont \u00e9quip\u00e9s d&#8217;une protection suppl\u00e9mentaire, une extension ergonomique du rembourrage en n\u00e9opr\u00e8ne avec une doublure r\u00e9sistante \u00e0 l&#8217;usure d&#8217;aspect carbone. <\/p>\n<p>CARACT\u00c9RISTIQUES PRINCIPALES :<\/p>\n<p>&#8211; Inserts en fibre de carbone;<br \/>\n&#8211; Coque anatomique en TPU avec \u00e9paisseur diff\u00e9renci\u00e9e ;<br \/>\n&#8211; Rembourrage en Gel-Tech pour l&#8217;absorption des chocs ;<br \/>\n&#8211; Prises d&#8217;air pour une ventilation suppl\u00e9mentaire;<br \/>\n&#8211; N\u00e9opr\u00e8ne perfor\u00e9 pour la respirabilit\u00e9;<br \/>\n&#8211; Flex-Zone pour une libert\u00e9 de mouvement totale ;<br \/>\n&#8211; Fermeture garantie par des sangles \u00e9lastiques avec embout \u00e0 d\u00e9crochage rapide ;<br \/>\n&#8211; Produit 100% italien.<\/p>\n","protected":false},"excerpt":{"rendered":"<p>Protection des tendons<\/p>\n","protected":false},"featured_media":30473,"comment_status":"open","ping_status":"closed","template":"","meta":[],"product_brand":[],"product_cat":[3622,3694,3554],"product_tag":[],"class_list":{"0":"post-20624","1":"product","2":"type-product","3":"status-publish","4":"has-post-thumbnail","6":"product_cat-carbon-air-extra-protection-fr","7":"product_cat-protections-pour-les-chevaux-fr","8":"product_cat-sortie","9":"pa_codice-intrastat-42010000-fr","10":"pa_disciplina-utilizzo-courses","11":"pa_disciplina-utilizzo-saut-dobstacles","12":"pa_disciplina-utilizzo-trekking-fr","13":"pa_giro-nodello-da-26-a-28-cm-fr","14":"pa_giro-nodello-da-29-a-30-cm-fr","15":"pa_giro-nodello-da-31-a-32-cm-fr","16":"pa_giro-nodello-da-33-a-35-cm-fr","18":"first","19":"instock","20":"taxable","21":"shipping-taxable","22":"purchasable","23":"product-type-variable"},"_links":{"self":[{"href":"https:\/\/riding.zandona.net\/fr\/wp-json\/wp\/v2\/product\/20624","targetHints":{"allow":["GET"]}}],"collection":[{"href":"https:\/\/riding.zandona.net\/fr\/wp-json\/wp\/v2\/product"}],"about":[{"href":"https:\/\/riding.zandona.net\/fr\/wp-json\/wp\/v2\/types\/product"}],"replies":[{"embeddable":true,"href":"https:\/\/riding.zandona.net\/fr\/wp-json\/wp\/v2\/comments?post=20624"}],"wp:featuredmedia":[{"embeddable":true,"href":"https:\/\/riding.zandona.net\/fr\/wp-json\/wp\/v2\/media\/30473"}],"wp:attachment":[{"href":"https:\/\/riding.zandona.net\/fr\/wp-json\/wp\/v2\/media?parent=20624"}],"wp:term":[{"taxonomy":"product_brand","embeddable":true,"href":"https:\/\/riding.zandona.net\/fr\/wp-json\/wp\/v2\/product_brand?post=20624"},{"taxonomy":"product_cat","embeddable":true,"href":"https:\/\/riding.zandona.net\/fr\/wp-json\/wp\/v2\/product_cat?post=20624"},{"taxonomy":"product_tag","embeddable":true,"href":"https:\/\/riding.zandona.net\/fr\/wp-json\/wp\/v2\/product_tag?post=20624"}],"curies":[{"name":"wp","href":"https:\/\/api.w.org\/{rel}","templated":true}]}}